{"id":91145,"date":"2026-04-21T02:39:06","date_gmt":"2026-04-21T08:39:06","guid":{"rendered":"https:\/\/www.veneciacr.com\/index.php\/producto\/marco-segueta-6-mini-thmhf1503-total\/"},"modified":"2026-04-21T02:39:06","modified_gmt":"2026-04-21T08:39:06","slug":"marco-segueta-6-mini-thmhf1503-total","status":"publish","type":"product","link":"https:\/\/www.veneciacr.com\/index.php\/producto\/marco-segueta-6-mini-thmhf1503-total\/","title":{"rendered":"MARCO SEGUETA 6&#8243; MINI THMHF1503 TOTAL"},"content":{"rendered":"<p>MARCO SEGUETA 6&#8243; MINI THMHF1503 TOTAL<\/p>\n<p>N\u00famero de parte: THMHF1503<br \/>\nMini segueta para metal<br \/>\nTama\u00f1o: 150 mm<br \/>\nMango c\u00f3modo<br \/>\nCuerpo de aluminio<\/p>\n","protected":false},"excerpt":{"rendered":"<p>MARCO SEGUETA 6&#8243; MINI THMHF1503 TOTAL N\u00famero de parte: THMHF1503 Mini segueta para metal Tama\u00f1o: 150 mm Mango c\u00f3modo Cuerpo<\/p>\n","protected":false},"featured_media":97477,"comment_status":"closed","ping_status":"open","template":"","meta":[],"product_brand":[],"product_cat":[15],"product_tag":[],"class_list":{"0":"post-91145","1":"product","2":"type-product","3":"status-publish","4":"has-post-thumbnail","6":"product_cat-uncategorized","8":"first","9":"instock","10":"purchasable","11":"product-type-simple"},"jetpack_sharing_enabled":true,"_links":{"self":[{"href":"https:\/\/www.veneciacr.com\/index.php\/wp-json\/wp\/v2\/product\/91145","targetHints":{"allow":["GET"]}}],"collection":[{"href":"https:\/\/www.veneciacr.com\/index.php\/wp-json\/wp\/v2\/product"}],"about":[{"href":"https:\/\/www.veneciacr.com\/index.php\/wp-json\/wp\/v2\/types\/product"}],"replies":[{"embeddable":true,"href":"https:\/\/www.veneciacr.com\/index.php\/wp-json\/wp\/v2\/comments?post=91145"}],"wp:featuredmedia":[{"embeddable":true,"href":"https:\/\/www.veneciacr.com\/index.php\/wp-json\/wp\/v2\/media\/97477"}],"wp:attachment":[{"href":"https:\/\/www.veneciacr.com\/index.php\/wp-json\/wp\/v2\/media?parent=91145"}],"wp:term":[{"taxonomy":"product_brand","embeddable":true,"href":"https:\/\/www.veneciacr.com\/index.php\/wp-json\/wp\/v2\/product_brand?post=91145"},{"taxonomy":"product_cat","embeddable":true,"href":"https:\/\/www.veneciacr.com\/index.php\/wp-json\/wp\/v2\/product_cat?post=91145"},{"taxonomy":"product_tag","embeddable":true,"href":"https:\/\/www.veneciacr.com\/index.php\/wp-json\/wp\/v2\/product_tag?post=91145"}],"curies":[{"name":"wp","href":"https:\/\/api.w.org\/{rel}","templated":true}]}}