{"id":91102,"date":"2026-04-21T02:39:18","date_gmt":"2026-04-21T08:39:18","guid":{"rendered":"https:\/\/www.veneciacr.com\/index.php\/producto\/cinturon-faja-sacrolumbar-reflec-m-faja-mn-truper\/"},"modified":"2026-04-21T02:39:19","modified_gmt":"2026-04-21T08:39:19","slug":"cinturon-faja-sacrolumbar-reflec-m-faja-mn-truper","status":"publish","type":"product","link":"https:\/\/www.veneciacr.com\/index.php\/producto\/cinturon-faja-sacrolumbar-reflec-m-faja-mn-truper\/","title":{"rendered":"CINTURON FAJA SACROLUMBAR REFLEC M FAJA-MN TRUPER"},"content":{"rendered":"<p>Fabricadas de poli\u00e9ster y elastano<br \/>\nCintur\u00f3n de soporte abdominal con fijaci\u00f3n hook and loop<br \/>\nFlexible para mayor comodidad<br \/>\n4 Varillas para soporte lumbar y tirantes ajustables<br \/>\nCintas alta visibilidad 5&#8243; x 2&#8243; (12 x 5 cm)<\/p>\n<p>Especificaciones<br \/>\nGenerales<br \/>\nVisibilidad de d\u00eda 40 m<br \/>\nVisibilidad de noche 50 m<br \/>\nEmpaque individual Bl\u00edster<\/p>\n","protected":false},"excerpt":{"rendered":"<p>Fabricadas de poli\u00e9ster y elastano Cintur\u00f3n de soporte abdominal con fijaci\u00f3n hook and loop Flexible para mayor comodidad 4 Varillas<\/p>\n","protected":false},"featured_media":91103,"comment_status":"closed","ping_status":"open","template":"","meta":[],"product_brand":[],"product_cat":[23,88],"product_tag":[],"class_list":{"0":"post-91102","1":"product","2":"type-product","3":"status-publish","4":"has-post-thumbnail","6":"product_cat-herramientas","7":"product_cat-proteccion-y-seguridad","9":"first","10":"instock","11":"purchasable","12":"product-type-simple"},"jetpack_sharing_enabled":true,"_links":{"self":[{"href":"https:\/\/www.veneciacr.com\/index.php\/wp-json\/wp\/v2\/product\/91102","targetHints":{"allow":["GET"]}}],"collection":[{"href":"https:\/\/www.veneciacr.com\/index.php\/wp-json\/wp\/v2\/product"}],"about":[{"href":"https:\/\/www.veneciacr.com\/index.php\/wp-json\/wp\/v2\/types\/product"}],"replies":[{"embeddable":true,"href":"https:\/\/www.veneciacr.com\/index.php\/wp-json\/wp\/v2\/comments?post=91102"}],"wp:featuredmedia":[{"embeddable":true,"href":"https:\/\/www.veneciacr.com\/index.php\/wp-json\/wp\/v2\/media\/91103"}],"wp:attachment":[{"href":"https:\/\/www.veneciacr.com\/index.php\/wp-json\/wp\/v2\/media?parent=91102"}],"wp:term":[{"taxonomy":"product_brand","embeddable":true,"href":"https:\/\/www.veneciacr.com\/index.php\/wp-json\/wp\/v2\/product_brand?post=91102"},{"taxonomy":"product_cat","embeddable":true,"href":"https:\/\/www.veneciacr.com\/index.php\/wp-json\/wp\/v2\/product_cat?post=91102"},{"taxonomy":"product_tag","embeddable":true,"href":"https:\/\/www.veneciacr.com\/index.php\/wp-json\/wp\/v2\/product_tag?post=91102"}],"curies":[{"name":"wp","href":"https:\/\/api.w.org\/{rel}","templated":true}]}}