{"id":91094,"date":"2026-04-21T02:39:15","date_gmt":"2026-04-21T08:39:15","guid":{"rendered":"https:\/\/www.veneciacr.com\/index.php\/producto\/cilindro-gas-propano-azul-gas-400a-truper\/"},"modified":"2026-04-21T02:39:17","modified_gmt":"2026-04-21T08:39:17","slug":"cilindro-gas-propano-azul-gas-400a-truper","status":"publish","type":"product","link":"https:\/\/www.veneciacr.com\/index.php\/producto\/cilindro-gas-propano-azul-gas-400a-truper\/","title":{"rendered":"CILINDRO GAS PROPANO AZUL GAS-400A TRUPER"},"content":{"rendered":"<p>Gas propano que ofrece mayor poder calor\u00edfico que el gas butano, es inoloro e incoloro<br \/>\nRosca de 1&#8243;<br \/>\nFlama azul<\/p>\n<p>ESPECIFICACIONES<br \/>\nAltura del cilindro 270 mm<br \/>\nDi\u00e1metro del cilindro 73 mm<br \/>\nContenido 400 g<br \/>\nEmpaque individual Cilindro con etiqueta<\/p>\n<p>APLICACIONES<br \/>\nEn plomer\u00eda<br \/>\nPara trabajos de soldadura ligera, remoci\u00f3n de pintura, pernos y tuercas oxidados, as\u00ed como descongelar tuber\u00edas<br \/>\nCompatible con BOQ-PR y MECH-PR marca Truper\u00ae<\/p>\n<p>CUIDADOS<br \/>\nUsar solamente con sopletes dise\u00f1ados para gas propano<\/p>\n","protected":false},"excerpt":{"rendered":"<p>Gas propano que ofrece mayor poder calor\u00edfico que el gas butano, es inoloro e incoloro Rosca de 1&#8243; Flama azul<\/p>\n","protected":false},"featured_media":91095,"comment_status":"closed","ping_status":"open","template":"","meta":[],"product_brand":[],"product_cat":[15],"product_tag":[],"class_list":{"0":"post-91094","1":"product","2":"type-product","3":"status-publish","4":"has-post-thumbnail","6":"product_cat-uncategorized","8":"first","9":"instock","10":"purchasable","11":"product-type-simple"},"jetpack_sharing_enabled":true,"_links":{"self":[{"href":"https:\/\/www.veneciacr.com\/index.php\/wp-json\/wp\/v2\/product\/91094","targetHints":{"allow":["GET"]}}],"collection":[{"href":"https:\/\/www.veneciacr.com\/index.php\/wp-json\/wp\/v2\/product"}],"about":[{"href":"https:\/\/www.veneciacr.com\/index.php\/wp-json\/wp\/v2\/types\/product"}],"replies":[{"embeddable":true,"href":"https:\/\/www.veneciacr.com\/index.php\/wp-json\/wp\/v2\/comments?post=91094"}],"wp:featuredmedia":[{"embeddable":true,"href":"https:\/\/www.veneciacr.com\/index.php\/wp-json\/wp\/v2\/media\/91095"}],"wp:attachment":[{"href":"https:\/\/www.veneciacr.com\/index.php\/wp-json\/wp\/v2\/media?parent=91094"}],"wp:term":[{"taxonomy":"product_brand","embeddable":true,"href":"https:\/\/www.veneciacr.com\/index.php\/wp-json\/wp\/v2\/product_brand?post=91094"},{"taxonomy":"product_cat","embeddable":true,"href":"https:\/\/www.veneciacr.com\/index.php\/wp-json\/wp\/v2\/product_cat?post=91094"},{"taxonomy":"product_tag","embeddable":true,"href":"https:\/\/www.veneciacr.com\/index.php\/wp-json\/wp\/v2\/product_tag?post=91094"}],"curies":[{"name":"wp","href":"https:\/\/api.w.org\/{rel}","templated":true}]}}