{"id":91083,"date":"2026-04-28T01:58:19","date_gmt":"2026-04-28T07:58:19","guid":{"rendered":"https:\/\/www.veneciacr.com\/index.php\/producto\/cachera-lavatorio-palanca-satin-tbm-62n-foset\/"},"modified":"2026-04-28T01:58:19","modified_gmt":"2026-04-28T07:58:19","slug":"cachera-lavatorio-palanca-satin-tbm-62n-foset","status":"publish","type":"product","link":"https:\/\/www.veneciacr.com\/index.php\/producto\/cachera-lavatorio-palanca-satin-tbm-62n-foset\/","title":{"rendered":"CACHERA LAVATORIO PALANCA SATIN TBM-62N FOSET"},"content":{"rendered":"<p>Cuerpo de lat\u00f3n para m\u00e1xima duraci\u00f3n<\/p>\n<p>Manerales met\u00e1licos tipo palanca<\/p>\n<p>Cuello y cubierta de acero inoxidable<\/p>\n<p>Cartucho cer\u00e1mico de suave y f\u00e1cil apertura<\/p>\n<div class=\"col-6\">\n<div class=\"table-responsive tabla_border\">\n<table class=\"table table-bordered table_info_prod align-middle m-0\">\n<tbody>\n<tr id=\"tabla_especs\">\n<th class=\"tamanio_th_especs\" scope=\"row\">\n<p class=\"margen_tabla_especs\">Acabado<\/p>\n<\/th>\n<td>\n<p class=\"margen_tabla_especs\">Sat\u00edn<\/p>\n<\/td>\n<\/tr>\n<tr id=\"tabla_especs\">\n<th class=\"tamanio_th_especs\" scope=\"row\">\n<p class=\"margen_tabla_especs\">Presi\u00f3n de trabajo<\/p>\n<\/th>\n<td>\n<p class=\"margen_tabla_especs\">0.25 kgf\/cm\u00b2 a 3\u00a0kgf\/cm\u00b2<\/p>\n<\/td>\n<\/tr>\n<tr id=\"tabla_especs\">\n<th class=\"tamanio_th_especs\" scope=\"row\">\n<p class=\"margen_tabla_especs\">Dimensiones de la cubierta<\/p>\n<\/th>\n<td>\n<p class=\"margen_tabla_especs\">5 cm x 15 cm<\/p>\n<\/td>\n<\/tr>\n<tr id=\"tabla_especs\">\n<th class=\"tamanio_th_especs\" scope=\"row\">\n<p class=\"margen_tabla_especs\">Empaque individual<\/p>\n<\/th>\n<td>\n<p class=\"margen_tabla_especs\">Caja<\/p>\n<\/td>\n<\/tr>\n<tr id=\"tabla_especs\">\n<th class=\"tamanio_th_especs\" scope=\"row\"><\/th>\n<td><\/td>\n<\/tr>\n<\/tbody>\n<\/table>\n<\/div>\n<\/div>\n<div class=\"col-6\">\n<div class=\"table-responsive tabla_border\">\n<table class=\"table table-bordered table_info_prod align-middle m-0\">\n<tbody>\n<tr id=\"tabla_especs\">\n<th class=\"tamanio_th_especs\" scope=\"row\">\n<p class=\"margen_tabla_especs\">Distancia entre taladros<\/p>\n<\/th>\n<td>\n<p class=\"margen_tabla_especs\">4&#8243;<\/p>\n<\/td>\n<\/tr>\n<tr id=\"tabla_especs\">\n<th class=\"tamanio_th_especs\" scope=\"row\">\n<p class=\"margen_tabla_especs\">Conexi\u00f3n roscable<\/p>\n<\/th>\n<td>\n<p class=\"margen_tabla_especs\">1\/2&#8243; &#8211; 14 NPSM<\/p>\n<\/td>\n<\/tr>\n<tr id=\"tabla_especs\">\n<th class=\"tamanio_th_especs\" scope=\"row\">\n<p class=\"margen_tabla_especs\">Peso<\/p>\n<\/th>\n<td>\n<p class=\"margen_tabla_especs\">620\u00a0g<\/p>\n<\/td>\n<\/tr>\n<\/tbody>\n<\/table>\n<\/div>\n<\/div>\n","protected":false},"excerpt":{"rendered":"<p>Cuerpo de lat\u00f3n para m\u00e1xima duraci\u00f3n Manerales met\u00e1licos tipo palanca Cuello y cubierta de acero inoxidable Cartucho cer\u00e1mico de suave<\/p>\n","protected":false},"featured_media":91084,"comment_status":"closed","ping_status":"open","template":"","meta":[],"product_brand":[],"product_cat":[164,29],"product_tag":[],"class_list":{"0":"post-91083","1":"product","2":"type-product","3":"status-publish","4":"has-post-thumbnail","6":"product_cat-llaves-de-lavatorio","7":"product_cat-plomeria","9":"first","10":"instock","11":"purchasable","12":"product-type-simple"},"jetpack_sharing_enabled":true,"_links":{"self":[{"href":"https:\/\/www.veneciacr.com\/index.php\/wp-json\/wp\/v2\/product\/91083","targetHints":{"allow":["GET"]}}],"collection":[{"href":"https:\/\/www.veneciacr.com\/index.php\/wp-json\/wp\/v2\/product"}],"about":[{"href":"https:\/\/www.veneciacr.com\/index.php\/wp-json\/wp\/v2\/types\/product"}],"replies":[{"embeddable":true,"href":"https:\/\/www.veneciacr.com\/index.php\/wp-json\/wp\/v2\/comments?post=91083"}],"wp:featuredmedia":[{"embeddable":true,"href":"https:\/\/www.veneciacr.com\/index.php\/wp-json\/wp\/v2\/media\/91084"}],"wp:attachment":[{"href":"https:\/\/www.veneciacr.com\/index.php\/wp-json\/wp\/v2\/media?parent=91083"}],"wp:term":[{"taxonomy":"product_brand","embeddable":true,"href":"https:\/\/www.veneciacr.com\/index.php\/wp-json\/wp\/v2\/product_brand?post=91083"},{"taxonomy":"product_cat","embeddable":true,"href":"https:\/\/www.veneciacr.com\/index.php\/wp-json\/wp\/v2\/product_cat?post=91083"},{"taxonomy":"product_tag","embeddable":true,"href":"https:\/\/www.veneciacr.com\/index.php\/wp-json\/wp\/v2\/product_tag?post=91083"}],"curies":[{"name":"wp","href":"https:\/\/api.w.org\/{rel}","templated":true}]}}