{"id":91075,"date":"2026-04-21T02:39:21","date_gmt":"2026-04-21T08:39:21","guid":{"rendered":"https:\/\/www.veneciacr.com\/index.php\/producto\/delantal-mezclilla-p-soldador-proso-1m-truper\/"},"modified":"2026-04-21T02:39:24","modified_gmt":"2026-04-21T08:39:24","slug":"delantal-mezclilla-para-soldador-proso-1m-truper","status":"publish","type":"product","link":"https:\/\/www.veneciacr.com\/index.php\/producto\/delantal-mezclilla-para-soldador-proso-1m-truper\/","title":{"rendered":"DELANTAL MEZCLILLA PARA SOLDADOR PROSO-1M TRUPER"},"content":{"rendered":"<p>Protecci\u00f3n para soldar, peto de mezclilla, Truper<br \/>\n100% Mezclilla de algod\u00f3n, resistente y c\u00f3moda<br \/>\nA\u00edsla del calor y protege contra chispas y escorias<br \/>\nCosturas reforzadas<br \/>\nCintas de polipropileno<\/p>\n<p>Especificaciones<br \/>\nTalla Unitalla<br \/>\nEspesor 0.9 mm<br \/>\nEmpaque individual Caballete<\/p>\n","protected":false},"excerpt":{"rendered":"<p>Protecci\u00f3n para soldar, peto de mezclilla, Truper 100% Mezclilla de algod\u00f3n, resistente y c\u00f3moda A\u00edsla del calor y protege contra<\/p>\n","protected":false},"featured_media":91076,"comment_status":"closed","ping_status":"open","template":"","meta":[],"product_brand":[],"product_cat":[15],"product_tag":[],"class_list":{"0":"post-91075","1":"product","2":"type-product","3":"status-publish","4":"has-post-thumbnail","6":"product_cat-uncategorized","8":"first","9":"instock","10":"purchasable","11":"product-type-simple"},"jetpack_sharing_enabled":true,"_links":{"self":[{"href":"https:\/\/www.veneciacr.com\/index.php\/wp-json\/wp\/v2\/product\/91075","targetHints":{"allow":["GET"]}}],"collection":[{"href":"https:\/\/www.veneciacr.com\/index.php\/wp-json\/wp\/v2\/product"}],"about":[{"href":"https:\/\/www.veneciacr.com\/index.php\/wp-json\/wp\/v2\/types\/product"}],"replies":[{"embeddable":true,"href":"https:\/\/www.veneciacr.com\/index.php\/wp-json\/wp\/v2\/comments?post=91075"}],"wp:featuredmedia":[{"embeddable":true,"href":"https:\/\/www.veneciacr.com\/index.php\/wp-json\/wp\/v2\/media\/91076"}],"wp:attachment":[{"href":"https:\/\/www.veneciacr.com\/index.php\/wp-json\/wp\/v2\/media?parent=91075"}],"wp:term":[{"taxonomy":"product_brand","embeddable":true,"href":"https:\/\/www.veneciacr.com\/index.php\/wp-json\/wp\/v2\/product_brand?post=91075"},{"taxonomy":"product_cat","embeddable":true,"href":"https:\/\/www.veneciacr.com\/index.php\/wp-json\/wp\/v2\/product_cat?post=91075"},{"taxonomy":"product_tag","embeddable":true,"href":"https:\/\/www.veneciacr.com\/index.php\/wp-json\/wp\/v2\/product_tag?post=91075"}],"curies":[{"name":"wp","href":"https:\/\/api.w.org\/{rel}","templated":true}]}}