{"id":91060,"date":"2026-04-28T01:58:21","date_gmt":"2026-04-28T07:58:21","guid":{"rendered":"https:\/\/www.veneciacr.com\/index.php\/producto\/romana-elect-joyero-500gr-base-05j-truper\/"},"modified":"2026-04-28T01:58:22","modified_gmt":"2026-04-28T07:58:22","slug":"romana-elect-joyero-500gr-base-05j-truper","status":"publish","type":"product","link":"https:\/\/www.veneciacr.com\/index.php\/producto\/romana-elect-joyero-500gr-base-05j-truper\/","title":{"rendered":"ROMANA ELECT JOYERO 500GR BASE-05J TRUPER"},"content":{"rendered":"<p>B\u00e1scula capacidad 500 g electr\u00f3nica de bolsillo, Truper<br \/>\nDisplay LCD con luz de fondo verde para mayor visibilidad<br \/>\nApagado autom\u00e1tico<br \/>\nFunci\u00f3n TARA (peso neto sin recipiente) y conteo de piezas<br \/>\nIdeal para joyer\u00eda, especias o piezas peque\u00f1as<br \/>\nCuerpo de ABS y cubierta de poliestireno<br \/>\n100786-01<br \/>\nUtiliza 2 pilas AAA (incluidas)<\/p>\n<p>Especificaciones<br \/>\nCapacidad m\u00e1xima 500 g (1.1 lb)<br \/>\nSensor Alta precisi\u00f3n<br \/>\nPlato Acero inoxidable<br \/>\nDivisi\u00f3n m\u00ednima 0.1 g<br \/>\nPesada m\u00ednima 2 g<br \/>\nUnidad de medida Onzas (oz) \/ Gramos (g) \/ Onza troy (ozt) \/ Tonelaje de peso muerto (dwt) \/ Quilate m\u00e9trico (ct) \/ Granos (gn)<br \/>\nDimensiones (Base x Altura x Fondo) 7 cm x 2 cm x 12 cm<br \/>\nEmpaque individual Caja<\/p>\n","protected":false},"excerpt":{"rendered":"<p>B\u00e1scula capacidad 500 g electr\u00f3nica de bolsillo, Truper Display LCD con luz de fondo verde para mayor visibilidad Apagado autom\u00e1tico<\/p>\n","protected":false},"featured_media":91061,"comment_status":"closed","ping_status":"open","template":"","meta":[],"product_brand":[],"product_cat":[15],"product_tag":[],"class_list":{"0":"post-91060","1":"product","2":"type-product","3":"status-publish","4":"has-post-thumbnail","6":"product_cat-uncategorized","8":"first","9":"instock","10":"purchasable","11":"product-type-simple"},"jetpack_sharing_enabled":true,"_links":{"self":[{"href":"https:\/\/www.veneciacr.com\/index.php\/wp-json\/wp\/v2\/product\/91060","targetHints":{"allow":["GET"]}}],"collection":[{"href":"https:\/\/www.veneciacr.com\/index.php\/wp-json\/wp\/v2\/product"}],"about":[{"href":"https:\/\/www.veneciacr.com\/index.php\/wp-json\/wp\/v2\/types\/product"}],"replies":[{"embeddable":true,"href":"https:\/\/www.veneciacr.com\/index.php\/wp-json\/wp\/v2\/comments?post=91060"}],"wp:featuredmedia":[{"embeddable":true,"href":"https:\/\/www.veneciacr.com\/index.php\/wp-json\/wp\/v2\/media\/91061"}],"wp:attachment":[{"href":"https:\/\/www.veneciacr.com\/index.php\/wp-json\/wp\/v2\/media?parent=91060"}],"wp:term":[{"taxonomy":"product_brand","embeddable":true,"href":"https:\/\/www.veneciacr.com\/index.php\/wp-json\/wp\/v2\/product_brand?post=91060"},{"taxonomy":"product_cat","embeddable":true,"href":"https:\/\/www.veneciacr.com\/index.php\/wp-json\/wp\/v2\/product_cat?post=91060"},{"taxonomy":"product_tag","embeddable":true,"href":"https:\/\/www.veneciacr.com\/index.php\/wp-json\/wp\/v2\/product_tag?post=91060"}],"curies":[{"name":"wp","href":"https:\/\/api.w.org\/{rel}","templated":true}]}}