{"id":90991,"date":"2026-04-24T01:55:51","date_gmt":"2026-04-24T07:55:51","guid":{"rendered":"https:\/\/www.veneciacr.com\/index.php\/producto\/broca-vidrio-y-porcelanato-3-16-bvi-3-16x-truper\/"},"modified":"2026-04-24T01:55:51","modified_gmt":"2026-04-24T07:55:51","slug":"broca-vidrio-y-porcelanato-3-16-bvi-3-16x-truper","status":"publish","type":"product","link":"https:\/\/www.veneciacr.com\/index.php\/producto\/broca-vidrio-y-porcelanato-3-16-bvi-3-16x-truper\/","title":{"rendered":"BROCA VIDRIO Y PORCELANATO 3\/16&#8243; BVI-3\/16X TRUPER"},"content":{"rendered":"<p>Punta de carburo de tungsteno de alta resitencia para mayor durabilidad, 2X mayor velocidad de perforaci\u00f3n<\/p>\n<p>Cortes 2X m\u00e1s r\u00e1pidos con mejor acabado y sin despostilladuras<\/p>\n<p>Zanco P3 antiderrapante<\/p>\n<p>Cuerpo en espiral para r\u00e1pida evacuaci\u00f3n de polvo<\/p>\n<p>Ideal para perforar con velocidad baja<\/p>\n","protected":false},"excerpt":{"rendered":"<p>Punta de carburo de tungsteno de alta resitencia para mayor durabilidad, 2X mayor velocidad de perforaci\u00f3n Cortes 2X m\u00e1s r\u00e1pidos<\/p>\n","protected":false},"featured_media":90992,"comment_status":"closed","ping_status":"open","template":"","meta":[],"product_brand":[],"product_cat":[86,23],"product_tag":[],"class_list":{"0":"post-90991","1":"product","2":"type-product","3":"status-publish","4":"has-post-thumbnail","6":"product_cat-accesorios-para-herramientas-electricas","7":"product_cat-herramientas","9":"first","10":"instock","11":"purchasable","12":"product-type-simple"},"jetpack_sharing_enabled":true,"_links":{"self":[{"href":"https:\/\/www.veneciacr.com\/index.php\/wp-json\/wp\/v2\/product\/90991","targetHints":{"allow":["GET"]}}],"collection":[{"href":"https:\/\/www.veneciacr.com\/index.php\/wp-json\/wp\/v2\/product"}],"about":[{"href":"https:\/\/www.veneciacr.com\/index.php\/wp-json\/wp\/v2\/types\/product"}],"replies":[{"embeddable":true,"href":"https:\/\/www.veneciacr.com\/index.php\/wp-json\/wp\/v2\/comments?post=90991"}],"wp:featuredmedia":[{"embeddable":true,"href":"https:\/\/www.veneciacr.com\/index.php\/wp-json\/wp\/v2\/media\/90992"}],"wp:attachment":[{"href":"https:\/\/www.veneciacr.com\/index.php\/wp-json\/wp\/v2\/media?parent=90991"}],"wp:term":[{"taxonomy":"product_brand","embeddable":true,"href":"https:\/\/www.veneciacr.com\/index.php\/wp-json\/wp\/v2\/product_brand?post=90991"},{"taxonomy":"product_cat","embeddable":true,"href":"https:\/\/www.veneciacr.com\/index.php\/wp-json\/wp\/v2\/product_cat?post=90991"},{"taxonomy":"product_tag","embeddable":true,"href":"https:\/\/www.veneciacr.com\/index.php\/wp-json\/wp\/v2\/product_tag?post=90991"}],"curies":[{"name":"wp","href":"https:\/\/api.w.org\/{rel}","templated":true}]}}