{"id":90987,"date":"2026-04-21T02:39:34","date_gmt":"2026-04-21T08:39:34","guid":{"rendered":"https:\/\/www.veneciacr.com\/index.php\/producto\/cinta-led-5m-110v-verde-tir-005l-volteck\/"},"modified":"2026-04-21T02:39:36","modified_gmt":"2026-04-21T08:39:36","slug":"cinta-led-5m-110v-verde-tir-005l-volteck","status":"publish","type":"product","link":"https:\/\/www.veneciacr.com\/index.php\/producto\/cinta-led-5m-110v-verde-tir-005l-volteck\/","title":{"rendered":"CINTA LED 5M 110V VERDE TIR-005L VOLTECK"},"content":{"rendered":"<p>Potencia 16W<br \/>\nTensi\u00f3n 12 V<br \/>\nN\u00famero de LEDs 300<br \/>\nFlujo luminoso 680lm<br \/>\nTemperatura de operaci\u00f3n -20 a 60 \u00b0C<br \/>\nLongitud 5 m<br \/>\nPeso 145 g<br \/>\nEmpaque Caja<\/p>\n<p>ESPECIFICACIONES DEL ADAPTADOR<br \/>\nTensi\u00f3n de entrada 100 &#8211; 240 V<br \/>\nFrecuencia 60 Hz<br \/>\nPotencia 16W<br \/>\nCorriente de entrada 335 &#8211; 150 mA<br \/>\nTensi\u00f3n de salida 12 V<br \/>\nCorriente de salida 2 A<\/p>\n<p>Incluye:<br \/>\n1 Adaptador C.A &#8211; C.C<br \/>\nCARACTER\u00cdSTICAS<br \/>\nFlexible, con cinta adhesiva al reverso para una f\u00e1cil instalaci\u00f3n en cualquier superficie<br \/>\nResistente al agua<br \/>\nSe puede cortar cada 5 cm para ajustar a sus necesidades<\/p>\n","protected":false},"excerpt":{"rendered":"<p>Potencia 16W Tensi\u00f3n 12 V N\u00famero de LEDs 300 Flujo luminoso 680lm Temperatura de operaci\u00f3n -20 a 60 \u00b0C Longitud<\/p>\n","protected":false},"featured_media":90988,"comment_status":"closed","ping_status":"open","template":"","meta":[],"product_brand":[],"product_cat":[15],"product_tag":[],"class_list":{"0":"post-90987","1":"product","2":"type-product","3":"status-publish","4":"has-post-thumbnail","6":"product_cat-uncategorized","8":"first","9":"instock","10":"purchasable","11":"product-type-simple"},"jetpack_sharing_enabled":true,"_links":{"self":[{"href":"https:\/\/www.veneciacr.com\/index.php\/wp-json\/wp\/v2\/product\/90987","targetHints":{"allow":["GET"]}}],"collection":[{"href":"https:\/\/www.veneciacr.com\/index.php\/wp-json\/wp\/v2\/product"}],"about":[{"href":"https:\/\/www.veneciacr.com\/index.php\/wp-json\/wp\/v2\/types\/product"}],"replies":[{"embeddable":true,"href":"https:\/\/www.veneciacr.com\/index.php\/wp-json\/wp\/v2\/comments?post=90987"}],"wp:featuredmedia":[{"embeddable":true,"href":"https:\/\/www.veneciacr.com\/index.php\/wp-json\/wp\/v2\/media\/90988"}],"wp:attachment":[{"href":"https:\/\/www.veneciacr.com\/index.php\/wp-json\/wp\/v2\/media?parent=90987"}],"wp:term":[{"taxonomy":"product_brand","embeddable":true,"href":"https:\/\/www.veneciacr.com\/index.php\/wp-json\/wp\/v2\/product_brand?post=90987"},{"taxonomy":"product_cat","embeddable":true,"href":"https:\/\/www.veneciacr.com\/index.php\/wp-json\/wp\/v2\/product_cat?post=90987"},{"taxonomy":"product_tag","embeddable":true,"href":"https:\/\/www.veneciacr.com\/index.php\/wp-json\/wp\/v2\/product_tag?post=90987"}],"curies":[{"name":"wp","href":"https:\/\/api.w.org\/{rel}","templated":true}]}}