{"id":90979,"date":"2026-04-21T02:39:30","date_gmt":"2026-04-21T08:39:30","guid":{"rendered":"https:\/\/www.veneciacr.com\/index.php\/producto\/lampara-c-reja-arb-005s-volteck\/"},"modified":"2026-04-21T02:39:33","modified_gmt":"2026-04-21T08:39:33","slug":"lampara-n27-con-reja-arb-005s-volteck","status":"publish","type":"product","link":"https:\/\/www.veneciacr.com\/index.php\/producto\/lampara-n27-con-reja-arb-005s-volteck\/","title":{"rendered":"LAMPARA N27 CON REJA ARB-005S VOLTECK"},"content":{"rendered":"<p>Cuerpo de polipropileno y pantalla de cristal<\/p>\n<p>F\u00e1cil instalaci\u00f3n<\/p>\n<p>Compatible con l\u00e1mpara LED o hal\u00f3gena (no incluida)<\/p>\n<p>Ideal para jardines fachadas y m\u00e1s<\/p>\n<div class=\"col-6\">\n<div class=\"table-responsive tabla_border\">\n<table class=\"table table-bordered table_info_prod align-middle m-0\">\n<tbody>\n<tr id=\"tabla_especs\">\n<th class=\"tamanio_th_especs\" scope=\"row\">\n<p class=\"margen_tabla_especs\">Acabado<\/p>\n<\/th>\n<td>\n<p class=\"margen_tabla_especs\">Negro<\/p>\n<\/td>\n<\/tr>\n<tr id=\"tabla_especs\">\n<th class=\"tamanio_th_especs\" scope=\"row\">\n<p class=\"margen_tabla_especs\">Tensi\u00f3n \/ Frecuencia<\/p>\n<\/th>\n<td>\n<p class=\"margen_tabla_especs\">127 V \/60 Hz<\/p>\n<\/td>\n<\/tr>\n<tr id=\"tabla_especs\">\n<th class=\"tamanio_th_especs\" scope=\"row\">\n<p class=\"margen_tabla_especs\">Tipo de base<\/p>\n<\/th>\n<td>\n<p class=\"margen_tabla_especs\">E26 \/ E27<\/p>\n<\/td>\n<\/tr>\n<tr id=\"tabla_especs\">\n<th class=\"tamanio_th_especs\" scope=\"row\">\n<p class=\"margen_tabla_especs\">Dimensiones (di\u00e1metro x fondo)<\/p>\n<\/th>\n<td>\n<p class=\"margen_tabla_especs\">18.5 x 9.5 cm<\/p>\n<\/td>\n<\/tr>\n<tr id=\"tabla_especs\">\n<th class=\"tamanio_th_especs\" scope=\"row\"><\/th>\n<td><\/td>\n<\/tr>\n<tr id=\"tabla_especs\">\n<th class=\"tamanio_th_especs\" scope=\"row\"><\/th>\n<td><\/td>\n<\/tr>\n<\/tbody>\n<\/table>\n<\/div>\n<\/div>\n<div class=\"col-6\">\n<div class=\"table-responsive tabla_border\">\n<table class=\"table table-bordered table_info_prod align-middle m-0\">\n<tbody>\n<tr id=\"tabla_especs\">\n<th class=\"tamanio_th_especs\" scope=\"row\">\n<p class=\"margen_tabla_especs\">Potencia m\u00e1xima<\/p>\n<\/th>\n<td>\n<p class=\"margen_tabla_especs\">60 W<\/p>\n<\/td>\n<\/tr>\n<tr id=\"tabla_especs\">\n<th class=\"tamanio_th_especs\" scope=\"row\">\n<p class=\"margen_tabla_especs\">Corriente<\/p>\n<\/th>\n<td>\n<p class=\"margen_tabla_especs\">0.47 A<\/p>\n<\/td>\n<\/tr>\n<tr id=\"tabla_especs\">\n<th class=\"tamanio_th_especs\" scope=\"row\">\n<p class=\"margen_tabla_especs\">Grado IP<\/p>\n<\/th>\n<td>\n<p class=\"margen_tabla_especs\">44<\/p>\n<\/td>\n<\/tr>\n<\/tbody>\n<\/table>\n<\/div>\n<\/div>\n","protected":false},"excerpt":{"rendered":"<p>Cuerpo de polipropileno y pantalla de cristal F\u00e1cil instalaci\u00f3n Compatible con l\u00e1mpara LED o hal\u00f3gena (no incluida) Ideal para jardines<\/p>\n","protected":false},"featured_media":90980,"comment_status":"closed","ping_status":"open","template":"","meta":[],"product_brand":[],"product_cat":[15],"product_tag":[],"class_list":{"0":"post-90979","1":"product","2":"type-product","3":"status-publish","4":"has-post-thumbnail","6":"product_cat-uncategorized","8":"first","9":"instock","10":"purchasable","11":"product-type-simple"},"jetpack_sharing_enabled":true,"_links":{"self":[{"href":"https:\/\/www.veneciacr.com\/index.php\/wp-json\/wp\/v2\/product\/90979","targetHints":{"allow":["GET"]}}],"collection":[{"href":"https:\/\/www.veneciacr.com\/index.php\/wp-json\/wp\/v2\/product"}],"about":[{"href":"https:\/\/www.veneciacr.com\/index.php\/wp-json\/wp\/v2\/types\/product"}],"replies":[{"embeddable":true,"href":"https:\/\/www.veneciacr.com\/index.php\/wp-json\/wp\/v2\/comments?post=90979"}],"wp:featuredmedia":[{"embeddable":true,"href":"https:\/\/www.veneciacr.com\/index.php\/wp-json\/wp\/v2\/media\/90980"}],"wp:attachment":[{"href":"https:\/\/www.veneciacr.com\/index.php\/wp-json\/wp\/v2\/media?parent=90979"}],"wp:term":[{"taxonomy":"product_brand","embeddable":true,"href":"https:\/\/www.veneciacr.com\/index.php\/wp-json\/wp\/v2\/product_brand?post=90979"},{"taxonomy":"product_cat","embeddable":true,"href":"https:\/\/www.veneciacr.com\/index.php\/wp-json\/wp\/v2\/product_cat?post=90979"},{"taxonomy":"product_tag","embeddable":true,"href":"https:\/\/www.veneciacr.com\/index.php\/wp-json\/wp\/v2\/product_tag?post=90979"}],"curies":[{"name":"wp","href":"https:\/\/api.w.org\/{rel}","templated":true}]}}