{"id":90975,"date":"2026-04-21T02:39:30","date_gmt":"2026-04-21T08:39:30","guid":{"rendered":"https:\/\/www.veneciacr.com\/index.php\/producto\/lampara-piso-50w-sob-701s-volteck\/"},"modified":"2026-04-21T02:39:32","modified_gmt":"2026-04-21T08:39:32","slug":"lampara-n40-piso-50w-sob-701s-volteck","status":"publish","type":"product","link":"https:\/\/www.veneciacr.com\/index.php\/producto\/lampara-n40-piso-50w-sob-701s-volteck\/","title":{"rendered":"LAMPARA N40 PISO 50W SOB-701S VOLTECK"},"content":{"rendered":"<p>Sobrepuesto exterior, cil\u00edndrico, spot, 1xMR16GU5.3<br \/>\nCuerpo de acero inoxidable y pantalla de vidrio templado<br \/>\nSpot dirigible<br \/>\nF\u00e1cil instalaci\u00f3n<br \/>\nCompatible con l\u00e1mpara LED o hal\u00f3gena (no incluida)<br \/>\nIdeal para jardines, fachadas, centros comerciales y m\u00e1s<\/p>\n<p>Especificaciones<br \/>\nPotencia m\u00e1xima 50 W<br \/>\nTensi\u00f3n \/ Frecuencia 127 V \/ 60 Hz<br \/>\nTipo de l\u00e1mpara MR 16 Hal\u00f3gena (no incluida)<br \/>\nTipo de base GX5.3<br \/>\nGrado IP 65<br \/>\nDimensiones (alto x ancho x di\u00e1metro de base) 14 cm x 6 cm x 11 cm<br \/>\nEmpaque individual Caja<\/p>\n","protected":false},"excerpt":{"rendered":"<p>Sobrepuesto exterior, cil\u00edndrico, spot, 1xMR16GU5.3 Cuerpo de acero inoxidable y pantalla de vidrio templado Spot dirigible F\u00e1cil instalaci\u00f3n Compatible con<\/p>\n","protected":false},"featured_media":90976,"comment_status":"closed","ping_status":"open","template":"","meta":[],"product_brand":[],"product_cat":[15],"product_tag":[],"class_list":{"0":"post-90975","1":"product","2":"type-product","3":"status-publish","4":"has-post-thumbnail","6":"product_cat-uncategorized","8":"first","9":"instock","10":"purchasable","11":"product-type-simple"},"jetpack_sharing_enabled":true,"_links":{"self":[{"href":"https:\/\/www.veneciacr.com\/index.php\/wp-json\/wp\/v2\/product\/90975","targetHints":{"allow":["GET"]}}],"collection":[{"href":"https:\/\/www.veneciacr.com\/index.php\/wp-json\/wp\/v2\/product"}],"about":[{"href":"https:\/\/www.veneciacr.com\/index.php\/wp-json\/wp\/v2\/types\/product"}],"replies":[{"embeddable":true,"href":"https:\/\/www.veneciacr.com\/index.php\/wp-json\/wp\/v2\/comments?post=90975"}],"wp:featuredmedia":[{"embeddable":true,"href":"https:\/\/www.veneciacr.com\/index.php\/wp-json\/wp\/v2\/media\/90976"}],"wp:attachment":[{"href":"https:\/\/www.veneciacr.com\/index.php\/wp-json\/wp\/v2\/media?parent=90975"}],"wp:term":[{"taxonomy":"product_brand","embeddable":true,"href":"https:\/\/www.veneciacr.com\/index.php\/wp-json\/wp\/v2\/product_brand?post=90975"},{"taxonomy":"product_cat","embeddable":true,"href":"https:\/\/www.veneciacr.com\/index.php\/wp-json\/wp\/v2\/product_cat?post=90975"},{"taxonomy":"product_tag","embeddable":true,"href":"https:\/\/www.veneciacr.com\/index.php\/wp-json\/wp\/v2\/product_tag?post=90975"}],"curies":[{"name":"wp","href":"https:\/\/api.w.org\/{rel}","templated":true}]}}