{"id":90967,"date":"2026-04-21T02:39:27","date_gmt":"2026-04-21T08:39:27","guid":{"rendered":"https:\/\/www.veneciacr.com\/index.php\/producto\/lampara-2-spots-mr-16-sob-306s-volteck\/"},"modified":"2026-04-21T02:39:29","modified_gmt":"2026-04-21T08:39:29","slug":"lampara-n48-2-spots-mr-16-sob-306s-volteck","status":"publish","type":"product","link":"https:\/\/www.veneciacr.com\/index.php\/producto\/lampara-n48-2-spots-mr-16-sob-306s-volteck\/","title":{"rendered":"LAMPARA N48 2 SPOTS MR-16 SOB-306S VOLTECK"},"content":{"rendered":"<p>Cuerpo de acero con acabado cromo y sat\u00edn, portal\u00e1mpara cer\u00e1mico<\/p>\n<p>Spots dirigibles<\/p>\n<p>Compatibles con l\u00e1mparas LED o hal\u00f3genas (no incluidas)<\/p>\n<p>Para uso en el hogar, pasillos, vest\u00edbulos, exhibidores y m\u00e1s<\/p>\n","protected":false},"excerpt":{"rendered":"<p>Cuerpo de acero con acabado cromo y sat\u00edn, portal\u00e1mpara cer\u00e1mico Spots dirigibles Compatibles con l\u00e1mparas LED o hal\u00f3genas (no incluidas)<\/p>\n","protected":false},"featured_media":90968,"comment_status":"closed","ping_status":"open","template":"","meta":[],"product_brand":[],"product_cat":[15],"product_tag":[],"class_list":{"0":"post-90967","1":"product","2":"type-product","3":"status-publish","4":"has-post-thumbnail","6":"product_cat-uncategorized","8":"first","9":"instock","10":"purchasable","11":"product-type-simple"},"jetpack_sharing_enabled":true,"_links":{"self":[{"href":"https:\/\/www.veneciacr.com\/index.php\/wp-json\/wp\/v2\/product\/90967","targetHints":{"allow":["GET"]}}],"collection":[{"href":"https:\/\/www.veneciacr.com\/index.php\/wp-json\/wp\/v2\/product"}],"about":[{"href":"https:\/\/www.veneciacr.com\/index.php\/wp-json\/wp\/v2\/types\/product"}],"replies":[{"embeddable":true,"href":"https:\/\/www.veneciacr.com\/index.php\/wp-json\/wp\/v2\/comments?post=90967"}],"wp:featuredmedia":[{"embeddable":true,"href":"https:\/\/www.veneciacr.com\/index.php\/wp-json\/wp\/v2\/media\/90968"}],"wp:attachment":[{"href":"https:\/\/www.veneciacr.com\/index.php\/wp-json\/wp\/v2\/media?parent=90967"}],"wp:term":[{"taxonomy":"product_brand","embeddable":true,"href":"https:\/\/www.veneciacr.com\/index.php\/wp-json\/wp\/v2\/product_brand?post=90967"},{"taxonomy":"product_cat","embeddable":true,"href":"https:\/\/www.veneciacr.com\/index.php\/wp-json\/wp\/v2\/product_cat?post=90967"},{"taxonomy":"product_tag","embeddable":true,"href":"https:\/\/www.veneciacr.com\/index.php\/wp-json\/wp\/v2\/product_tag?post=90967"}],"curies":[{"name":"wp","href":"https:\/\/api.w.org\/{rel}","templated":true}]}}