{"id":90964,"date":"2026-04-28T01:58:23","date_gmt":"2026-04-28T07:58:23","guid":{"rendered":"https:\/\/www.veneciacr.com\/index.php\/producto\/cachera-fregadero-palanca-cromo-tbf-82-foset\/"},"modified":"2026-04-28T01:58:23","modified_gmt":"2026-04-28T07:58:23","slug":"cachera-fregadero-palanca-cromo-tbf-82-foset","status":"publish","type":"product","link":"https:\/\/www.veneciacr.com\/index.php\/producto\/cachera-fregadero-palanca-cromo-tbf-82-foset\/","title":{"rendered":"CACHERA FREGADERO PALANCA CROMO TBF-82 FOSET"},"content":{"rendered":"<p>Cuerpo de lat\u00f3n para m\u00e1xima duraci\u00f3n<\/p>\n<p>Manerales met\u00e1licos tipo palanca<\/p>\n<p>Cuello y cubierta de acero inoxidable<\/p>\n<p>Cartucho cer\u00e1mico 90\u00b0 de suave y f\u00e1cil apertura (CARCE-4)<\/p>\n<p>Vivienda ecol\u00f3gica<\/p>\n","protected":false},"excerpt":{"rendered":"<p>Cuerpo de lat\u00f3n para m\u00e1xima duraci\u00f3n Manerales met\u00e1licos tipo palanca Cuello y cubierta de acero inoxidable Cartucho cer\u00e1mico 90\u00b0 de<\/p>\n","protected":false},"featured_media":90965,"comment_status":"closed","ping_status":"open","template":"","meta":[],"product_brand":[],"product_cat":[163,29],"product_tag":[],"class_list":{"0":"post-90964","1":"product","2":"type-product","3":"status-publish","4":"has-post-thumbnail","6":"product_cat-llaves-de-fregadero","7":"product_cat-plomeria","9":"first","10":"instock","11":"purchasable","12":"product-type-simple"},"jetpack_sharing_enabled":true,"_links":{"self":[{"href":"https:\/\/www.veneciacr.com\/index.php\/wp-json\/wp\/v2\/product\/90964","targetHints":{"allow":["GET"]}}],"collection":[{"href":"https:\/\/www.veneciacr.com\/index.php\/wp-json\/wp\/v2\/product"}],"about":[{"href":"https:\/\/www.veneciacr.com\/index.php\/wp-json\/wp\/v2\/types\/product"}],"replies":[{"embeddable":true,"href":"https:\/\/www.veneciacr.com\/index.php\/wp-json\/wp\/v2\/comments?post=90964"}],"wp:featuredmedia":[{"embeddable":true,"href":"https:\/\/www.veneciacr.com\/index.php\/wp-json\/wp\/v2\/media\/90965"}],"wp:attachment":[{"href":"https:\/\/www.veneciacr.com\/index.php\/wp-json\/wp\/v2\/media?parent=90964"}],"wp:term":[{"taxonomy":"product_brand","embeddable":true,"href":"https:\/\/www.veneciacr.com\/index.php\/wp-json\/wp\/v2\/product_brand?post=90964"},{"taxonomy":"product_cat","embeddable":true,"href":"https:\/\/www.veneciacr.com\/index.php\/wp-json\/wp\/v2\/product_cat?post=90964"},{"taxonomy":"product_tag","embeddable":true,"href":"https:\/\/www.veneciacr.com\/index.php\/wp-json\/wp\/v2\/product_tag?post=90964"}],"curies":[{"name":"wp","href":"https:\/\/api.w.org\/{rel}","templated":true}]}}