{"id":90944,"date":"2026-04-21T02:47:56","date_gmt":"2026-04-21T08:47:56","guid":{"rendered":"https:\/\/www.veneciacr.com\/index.php\/producto\/pistola-sopletear-2-boq-piso-363-truper\/"},"modified":"2026-04-21T02:47:58","modified_gmt":"2026-04-21T08:47:58","slug":"pistola-sopletear-2-boq-piso-363-truper","status":"publish","type":"product","link":"https:\/\/www.veneciacr.com\/index.php\/producto\/pistola-sopletear-2-boq-piso-363-truper\/","title":{"rendered":"PISTOLA SOPLETEAR 2 BOQ PISO-363 TRUPER"},"content":{"rendered":"<p>Presi\u00f3n m\u00e1xima 90 PSI<br \/>\nRango de presi\u00f3n 10 a 90 PSI<br \/>\nEntrada del conector 1\/4-18 NPT<br \/>\nEmpaque Blister<\/p>\n<p>Contiene:<br \/>\n1 Boquilla con extensi\u00f3n (tubo)<br \/>\n1 Boquilla c\u00f3nica<\/p>\n<p>CARACTER\u00cdSTICAS<br \/>\nResistente cuerpo fabricado en aluminio<br \/>\nFlujo de aire variable controlado por el gatillo<br \/>\nDise\u00f1o compacto<\/p>\n<p>USOS<br \/>\nIdeal para secado y eliminaci\u00f3n de polvo y virutas<\/p>\n","protected":false},"excerpt":{"rendered":"<p>Presi\u00f3n m\u00e1xima 90 PSI Rango de presi\u00f3n 10 a 90 PSI Entrada del conector 1\/4-18 NPT Empaque Blister Contiene: 1<\/p>\n","protected":false},"featured_media":90945,"comment_status":"closed","ping_status":"open","template":"","meta":[],"product_brand":[],"product_cat":[15],"product_tag":[],"class_list":{"0":"post-90944","1":"product","2":"type-product","3":"status-publish","4":"has-post-thumbnail","6":"product_cat-uncategorized","8":"first","9":"instock","10":"purchasable","11":"product-type-simple"},"jetpack_sharing_enabled":true,"_links":{"self":[{"href":"https:\/\/www.veneciacr.com\/index.php\/wp-json\/wp\/v2\/product\/90944","targetHints":{"allow":["GET"]}}],"collection":[{"href":"https:\/\/www.veneciacr.com\/index.php\/wp-json\/wp\/v2\/product"}],"about":[{"href":"https:\/\/www.veneciacr.com\/index.php\/wp-json\/wp\/v2\/types\/product"}],"replies":[{"embeddable":true,"href":"https:\/\/www.veneciacr.com\/index.php\/wp-json\/wp\/v2\/comments?post=90944"}],"wp:featuredmedia":[{"embeddable":true,"href":"https:\/\/www.veneciacr.com\/index.php\/wp-json\/wp\/v2\/media\/90945"}],"wp:attachment":[{"href":"https:\/\/www.veneciacr.com\/index.php\/wp-json\/wp\/v2\/media?parent=90944"}],"wp:term":[{"taxonomy":"product_brand","embeddable":true,"href":"https:\/\/www.veneciacr.com\/index.php\/wp-json\/wp\/v2\/product_brand?post=90944"},{"taxonomy":"product_cat","embeddable":true,"href":"https:\/\/www.veneciacr.com\/index.php\/wp-json\/wp\/v2\/product_cat?post=90944"},{"taxonomy":"product_tag","embeddable":true,"href":"https:\/\/www.veneciacr.com\/index.php\/wp-json\/wp\/v2\/product_tag?post=90944"}],"curies":[{"name":"wp","href":"https:\/\/api.w.org\/{rel}","templated":true}]}}