{"id":90880,"date":"2026-04-21T02:42:11","date_gmt":"2026-04-21T08:42:11","guid":{"rendered":"https:\/\/www.veneciacr.com\/index.php\/producto\/cepillo-plast-c-cabo-40cm-cepi-40-klintek\/"},"modified":"2026-04-21T02:42:14","modified_gmt":"2026-04-21T08:42:14","slug":"cepillo-plast-con-cabo-40cm-cepi-40-klintek","status":"publish","type":"product","link":"https:\/\/www.veneciacr.com\/index.php\/producto\/cepillo-plast-con-cabo-40cm-cepi-40-klintek\/","title":{"rendered":"CEPILLO PLAST CON CABO 40CM CEPI-40 KLINTEK"},"content":{"rendered":"<p>Cerdas r\u00edgidas de PET<br \/>\nBast\u00f3n de madera incluido<br \/>\nAlta resistencia a qu\u00edmicos de limpieza<br \/>\nSe surte en dos piezas por separado (bast\u00f3n y cepillo)<\/p>\n<p>ESPECIFICACIONES<br \/>\nTama\u00f1o Grande<br \/>\nColor Naranja<br \/>\nDimensiones del bast\u00f3n (Largo x Di\u00e1metro) 120 cm x 22.2 mm<br \/>\nDimensiones del cepillo (Largo x Ancho x Altura total) 41 cm x 6 cm x 12 cm<br \/>\nAltura de las cerdas 5 cm<br \/>\nN\u00famero de pinceles 134<br \/>\nPeso del cepillo 553 g<br \/>\nEmpaque individual Bolsa (cepillo) y etiqueta (bast\u00f3n)<\/p>\n<p>USOS<br \/>\nIdeales para interiores y superficies h\u00famedas<\/p>\n","protected":false},"excerpt":{"rendered":"<p>Cerdas r\u00edgidas de PET Bast\u00f3n de madera incluido Alta resistencia a qu\u00edmicos de limpieza Se surte en dos piezas por<\/p>\n","protected":false},"featured_media":90881,"comment_status":"closed","ping_status":"open","template":"","meta":[],"product_brand":[],"product_cat":[131],"product_tag":[],"class_list":{"0":"post-90880","1":"product","2":"type-product","3":"status-publish","4":"has-post-thumbnail","6":"product_cat-hogar","8":"first","9":"instock","10":"purchasable","11":"product-type-simple"},"jetpack_sharing_enabled":true,"_links":{"self":[{"href":"https:\/\/www.veneciacr.com\/index.php\/wp-json\/wp\/v2\/product\/90880","targetHints":{"allow":["GET"]}}],"collection":[{"href":"https:\/\/www.veneciacr.com\/index.php\/wp-json\/wp\/v2\/product"}],"about":[{"href":"https:\/\/www.veneciacr.com\/index.php\/wp-json\/wp\/v2\/types\/product"}],"replies":[{"embeddable":true,"href":"https:\/\/www.veneciacr.com\/index.php\/wp-json\/wp\/v2\/comments?post=90880"}],"wp:featuredmedia":[{"embeddable":true,"href":"https:\/\/www.veneciacr.com\/index.php\/wp-json\/wp\/v2\/media\/90881"}],"wp:attachment":[{"href":"https:\/\/www.veneciacr.com\/index.php\/wp-json\/wp\/v2\/media?parent=90880"}],"wp:term":[{"taxonomy":"product_brand","embeddable":true,"href":"https:\/\/www.veneciacr.com\/index.php\/wp-json\/wp\/v2\/product_brand?post=90880"},{"taxonomy":"product_cat","embeddable":true,"href":"https:\/\/www.veneciacr.com\/index.php\/wp-json\/wp\/v2\/product_cat?post=90880"},{"taxonomy":"product_tag","embeddable":true,"href":"https:\/\/www.veneciacr.com\/index.php\/wp-json\/wp\/v2\/product_tag?post=90880"}],"curies":[{"name":"wp","href":"https:\/\/api.w.org\/{rel}","templated":true}]}}