{"id":90878,"date":"2026-04-23T01:58:40","date_gmt":"2026-04-23T07:58:40","guid":{"rendered":"https:\/\/www.veneciacr.com\/index.php\/producto\/cepillo-plast-c-cabo-30cm-cepi-30-klintek\/"},"modified":"2026-04-23T01:58:40","modified_gmt":"2026-04-23T07:58:40","slug":"cepillo-plast-con-cabo-30cm-cepi-30-klintek","status":"publish","type":"product","link":"https:\/\/www.veneciacr.com\/index.php\/producto\/cepillo-plast-con-cabo-30cm-cepi-30-klintek\/","title":{"rendered":"CEPILLO PLAST CON CABO 30CM CEPI-30 KLINTEK"},"content":{"rendered":"<p>erdas r\u00edgidas de PET<br \/>\nBast\u00f3nes de madera de 120 cm, incluidos<br \/>\nAlta resistencia a qu\u00edmicos de limpieza<br \/>\nIdeales para interiores y superficies h\u00famedas<br \/>\nSe surten en dos piezas por separado (bastones y cepillos)<br \/>\n0001<br \/>\n57034-02-FC<\/p>\n<p>Especificaciones<br \/>\nGenerales<br \/>\nDimensiones del bast\u00f3n (Largo x Di\u00e1metro) 120 cm x 22.2 mm<br \/>\nAltura de las cerdas 5 cm<br \/>\nEmpaque individual Bolsa (cepillo) y etiqueta (bast\u00f3n)<\/p>\n<p>Individuales<br \/>\nC\u00f3digo Clave N\u00famero de pinceles Dimensiones del cepillo (Largo x Ancho x Altura total)<br \/>\n57034 CEPI-30 104 30 cm x 6 cm x 12 cm<\/p>\n","protected":false},"excerpt":{"rendered":"<p>erdas r\u00edgidas de PET Bast\u00f3nes de madera de 120 cm, incluidos Alta resistencia a qu\u00edmicos de limpieza Ideales para interiores<\/p>\n","protected":false},"featured_media":90879,"comment_status":"closed","ping_status":"open","template":"","meta":[],"product_brand":[],"product_cat":[131],"product_tag":[],"class_list":{"0":"post-90878","1":"product","2":"type-product","3":"status-publish","4":"has-post-thumbnail","6":"product_cat-hogar","8":"first","9":"instock","10":"purchasable","11":"product-type-simple"},"jetpack_sharing_enabled":true,"_links":{"self":[{"href":"https:\/\/www.veneciacr.com\/index.php\/wp-json\/wp\/v2\/product\/90878","targetHints":{"allow":["GET"]}}],"collection":[{"href":"https:\/\/www.veneciacr.com\/index.php\/wp-json\/wp\/v2\/product"}],"about":[{"href":"https:\/\/www.veneciacr.com\/index.php\/wp-json\/wp\/v2\/types\/product"}],"replies":[{"embeddable":true,"href":"https:\/\/www.veneciacr.com\/index.php\/wp-json\/wp\/v2\/comments?post=90878"}],"wp:featuredmedia":[{"embeddable":true,"href":"https:\/\/www.veneciacr.com\/index.php\/wp-json\/wp\/v2\/media\/90879"}],"wp:attachment":[{"href":"https:\/\/www.veneciacr.com\/index.php\/wp-json\/wp\/v2\/media?parent=90878"}],"wp:term":[{"taxonomy":"product_brand","embeddable":true,"href":"https:\/\/www.veneciacr.com\/index.php\/wp-json\/wp\/v2\/product_brand?post=90878"},{"taxonomy":"product_cat","embeddable":true,"href":"https:\/\/www.veneciacr.com\/index.php\/wp-json\/wp\/v2\/product_cat?post=90878"},{"taxonomy":"product_tag","embeddable":true,"href":"https:\/\/www.veneciacr.com\/index.php\/wp-json\/wp\/v2\/product_tag?post=90878"}],"curies":[{"name":"wp","href":"https:\/\/api.w.org\/{rel}","templated":true}]}}