{"id":90803,"date":"2026-04-21T02:42:42","date_gmt":"2026-04-21T08:42:42","guid":{"rendered":"https:\/\/www.veneciacr.com\/index.php\/producto\/disco-lija-velcro-5-g120-5pzs-diro-520-truper\/"},"modified":"2026-04-21T02:42:43","modified_gmt":"2026-04-21T08:42:43","slug":"disco-lija-velcro-5-g120-5pzs-diro-512-truper","status":"publish","type":"product","link":"https:\/\/www.veneciacr.com\/index.php\/producto\/disco-lija-velcro-5-g120-5pzs-diro-512-truper\/","title":{"rendered":"DISCO LIJA VELCRO 5&#8243; G120 5PZS DIRO-512 TRUPER"},"content":{"rendered":"<p>Fabricado en \u00f3xido de aluminio<\/p>\n<p>8 Perforaciones para una extracci\u00f3n de polvo eficiente<\/p>\n<p>Respaldo con fijaci\u00f3n hook and loop<\/p>\n<p>Ideal para una remoci\u00f3n r\u00e1pida<\/p>\n<p>Para madera, pintura, barniz, pl\u00e1stico, yeso y selladores<\/p>\n","protected":false},"excerpt":{"rendered":"<p>Fabricado en \u00f3xido de aluminio 8 Perforaciones para una extracci\u00f3n de polvo eficiente Respaldo con fijaci\u00f3n hook and loop Ideal<\/p>\n","protected":false},"featured_media":97751,"comment_status":"closed","ping_status":"open","template":"","meta":[],"product_brand":[],"product_cat":[86,23],"product_tag":[],"class_list":{"0":"post-90803","1":"product","2":"type-product","3":"status-publish","4":"has-post-thumbnail","6":"product_cat-accesorios-para-herramientas-electricas","7":"product_cat-herramientas","9":"first","10":"outofstock","11":"purchasable","12":"product-type-simple"},"jetpack_sharing_enabled":true,"_links":{"self":[{"href":"https:\/\/www.veneciacr.com\/index.php\/wp-json\/wp\/v2\/product\/90803","targetHints":{"allow":["GET"]}}],"collection":[{"href":"https:\/\/www.veneciacr.com\/index.php\/wp-json\/wp\/v2\/product"}],"about":[{"href":"https:\/\/www.veneciacr.com\/index.php\/wp-json\/wp\/v2\/types\/product"}],"replies":[{"embeddable":true,"href":"https:\/\/www.veneciacr.com\/index.php\/wp-json\/wp\/v2\/comments?post=90803"}],"wp:featuredmedia":[{"embeddable":true,"href":"https:\/\/www.veneciacr.com\/index.php\/wp-json\/wp\/v2\/media\/97751"}],"wp:attachment":[{"href":"https:\/\/www.veneciacr.com\/index.php\/wp-json\/wp\/v2\/media?parent=90803"}],"wp:term":[{"taxonomy":"product_brand","embeddable":true,"href":"https:\/\/www.veneciacr.com\/index.php\/wp-json\/wp\/v2\/product_brand?post=90803"},{"taxonomy":"product_cat","embeddable":true,"href":"https:\/\/www.veneciacr.com\/index.php\/wp-json\/wp\/v2\/product_cat?post=90803"},{"taxonomy":"product_tag","embeddable":true,"href":"https:\/\/www.veneciacr.com\/index.php\/wp-json\/wp\/v2\/product_tag?post=90803"}],"curies":[{"name":"wp","href":"https:\/\/api.w.org\/{rel}","templated":true}]}}