{"id":90733,"date":"2026-04-23T01:58:44","date_gmt":"2026-04-23T07:58:44","guid":{"rendered":"https:\/\/www.veneciacr.com\/index.php\/producto\/grasa-automotriz-450g-gras-45b-truper\/"},"modified":"2026-04-23T01:58:44","modified_gmt":"2026-04-23T07:58:44","slug":"grasa-automotriz-450g-gras-45b-truper","status":"publish","type":"product","link":"https:\/\/www.veneciacr.com\/index.php\/producto\/grasa-automotriz-450g-gras-45b-truper\/","title":{"rendered":"GRASA AUTOMOTRIZ 450G GRAS-45B TRUPER"},"content":{"rendered":"<p>Grasa de bentona para baleros 450 g, Truper<br \/>\nPara altas temperaturas y velocidades, sin escurrirse<br \/>\nExcelente adhesividad y poder antifriccionante<br \/>\nAlta resistencia al agua, corrosi\u00f3n y herrumbre<br \/>\nIdeal para usar en pernos de seguridad, juntas flexibles, crucetas, elementos mec\u00e1nicos, rodamientos, r\u00f3tulas, baleros, mu\u00f1ones de hornos y ruedas de gruas de fundici\u00f3n<\/p>\n<p>Especificaciones<br \/>\nGrado 3 NLGI<br \/>\nPenetraci\u00f3n a 60 @ 25\u00b0C golpes (1\/10 mm) 220 a 250<br \/>\nTemperatura de operaci\u00f3n -10\u00b0 C a 190\u00b0 C<br \/>\nPunto de goteo 250\u00b0 C<br \/>\nColor \u00c1mbar<br \/>\nEmpaque individual Tarro<\/p>\n","protected":false},"excerpt":{"rendered":"<p>Grasa de bentona para baleros 450 g, Truper Para altas temperaturas y velocidades, sin escurrirse Excelente adhesividad y poder antifriccionante<\/p>\n","protected":false},"featured_media":90734,"comment_status":"closed","ping_status":"open","template":"","meta":[],"product_brand":[],"product_cat":[15],"product_tag":[],"class_list":{"0":"post-90733","1":"product","2":"type-product","3":"status-publish","4":"has-post-thumbnail","6":"product_cat-uncategorized","8":"first","9":"instock","10":"purchasable","11":"product-type-simple"},"jetpack_sharing_enabled":true,"_links":{"self":[{"href":"https:\/\/www.veneciacr.com\/index.php\/wp-json\/wp\/v2\/product\/90733","targetHints":{"allow":["GET"]}}],"collection":[{"href":"https:\/\/www.veneciacr.com\/index.php\/wp-json\/wp\/v2\/product"}],"about":[{"href":"https:\/\/www.veneciacr.com\/index.php\/wp-json\/wp\/v2\/types\/product"}],"replies":[{"embeddable":true,"href":"https:\/\/www.veneciacr.com\/index.php\/wp-json\/wp\/v2\/comments?post=90733"}],"wp:featuredmedia":[{"embeddable":true,"href":"https:\/\/www.veneciacr.com\/index.php\/wp-json\/wp\/v2\/media\/90734"}],"wp:attachment":[{"href":"https:\/\/www.veneciacr.com\/index.php\/wp-json\/wp\/v2\/media?parent=90733"}],"wp:term":[{"taxonomy":"product_brand","embeddable":true,"href":"https:\/\/www.veneciacr.com\/index.php\/wp-json\/wp\/v2\/product_brand?post=90733"},{"taxonomy":"product_cat","embeddable":true,"href":"https:\/\/www.veneciacr.com\/index.php\/wp-json\/wp\/v2\/product_cat?post=90733"},{"taxonomy":"product_tag","embeddable":true,"href":"https:\/\/www.veneciacr.com\/index.php\/wp-json\/wp\/v2\/product_tag?post=90733"}],"curies":[{"name":"wp","href":"https:\/\/api.w.org\/{rel}","templated":true}]}}