{"id":90631,"date":"2026-04-21T02:43:19","date_gmt":"2026-04-21T08:43:19","guid":{"rendered":"https:\/\/www.veneciacr.com\/index.php\/producto\/pistola-pintar-retoques-0-5mm-pipi-400-truper\/"},"modified":"2026-04-21T02:43:22","modified_gmt":"2026-04-21T08:43:22","slug":"pistola-pintar-retoques-0-5mm-pipi-400-truper","status":"publish","type":"product","link":"https:\/\/www.veneciacr.com\/index.php\/producto\/pistola-pintar-retoques-0-5mm-pipi-400-truper\/","title":{"rendered":"PISTOLA PINTAR RETOQUES 0.5MM PIPI-400 TRUPER"},"content":{"rendered":"<p>Pistola compacta p\/retoque LVMP vaso alum, 0.5 mm, Truper<br \/>\nSerie 400 tecnolog\u00eda LVMP (Bajo volumen \/ Media presi\u00f3n) ideal para usos generales a una velocidad \u00f3ptima de aplicaci\u00f3n<br \/>\nCuerpo pulido y vaso de aluminio multiposici\u00f3n<br \/>\nTobera de lat\u00f3n y aguja de acero<br \/>\n2 perillas de control: Flujo de material y tama\u00f1o de abanico<br \/>\nF\u00e1cil limpieza, desarmado sencillo que facilita el mantenimiento<\/p>\n<p>Especificaciones<br \/>\nPresi\u00f3n \u00f3ptima de trabajo 30 &#8211; 45 psi<br \/>\nCapacidad del vaso 130 ml<br \/>\nDi\u00e1metro de tobera 0.5 mm<br \/>\nViscosidad Baja<br \/>\nTama\u00f1o de abanico 5 &#8211; 10 cm<br \/>\nEntrada de aire Inferior<br \/>\nTipo de conexi\u00f3n 1\/4&#8243; NPT<br \/>\nConsumo de aire 3 CFM (85 L\/min)<br \/>\nEmpaque individual Caja<\/p>\n","protected":false},"excerpt":{"rendered":"<p>Pistola compacta p\/retoque LVMP vaso alum, 0.5 mm, Truper Serie 400 tecnolog\u00eda LVMP (Bajo volumen \/ Media presi\u00f3n) ideal para<\/p>\n","protected":false},"featured_media":90632,"comment_status":"closed","ping_status":"open","template":"","meta":[],"product_brand":[],"product_cat":[15],"product_tag":[],"class_list":{"0":"post-90631","1":"product","2":"type-product","3":"status-publish","4":"has-post-thumbnail","6":"product_cat-uncategorized","8":"first","9":"instock","10":"purchasable","11":"product-type-simple"},"jetpack_sharing_enabled":true,"_links":{"self":[{"href":"https:\/\/www.veneciacr.com\/index.php\/wp-json\/wp\/v2\/product\/90631","targetHints":{"allow":["GET"]}}],"collection":[{"href":"https:\/\/www.veneciacr.com\/index.php\/wp-json\/wp\/v2\/product"}],"about":[{"href":"https:\/\/www.veneciacr.com\/index.php\/wp-json\/wp\/v2\/types\/product"}],"replies":[{"embeddable":true,"href":"https:\/\/www.veneciacr.com\/index.php\/wp-json\/wp\/v2\/comments?post=90631"}],"wp:featuredmedia":[{"embeddable":true,"href":"https:\/\/www.veneciacr.com\/index.php\/wp-json\/wp\/v2\/media\/90632"}],"wp:attachment":[{"href":"https:\/\/www.veneciacr.com\/index.php\/wp-json\/wp\/v2\/media?parent=90631"}],"wp:term":[{"taxonomy":"product_brand","embeddable":true,"href":"https:\/\/www.veneciacr.com\/index.php\/wp-json\/wp\/v2\/product_brand?post=90631"},{"taxonomy":"product_cat","embeddable":true,"href":"https:\/\/www.veneciacr.com\/index.php\/wp-json\/wp\/v2\/product_cat?post=90631"},{"taxonomy":"product_tag","embeddable":true,"href":"https:\/\/www.veneciacr.com\/index.php\/wp-json\/wp\/v2\/product_tag?post=90631"}],"curies":[{"name":"wp","href":"https:\/\/api.w.org\/{rel}","templated":true}]}}