{"id":90548,"date":"2026-04-21T02:43:38","date_gmt":"2026-04-21T08:43:38","guid":{"rendered":"https:\/\/www.veneciacr.com\/index.php\/producto\/nivel-laser-15m-tll156506-total\/"},"modified":"2026-04-21T02:43:40","modified_gmt":"2026-04-21T08:43:40","slug":"nivel-laser-18m-tll156503-total","status":"publish","type":"product","link":"https:\/\/www.veneciacr.com\/index.php\/producto\/nivel-laser-18m-tll156503-total\/","title":{"rendered":"NIVEL LASER 18M TLL156503 TOTAL"},"content":{"rendered":"<p>NIVEL LASER 15M TLL156503 TOTAL<\/p>\n<p>-Medida: 9.6 cm de ancho x 9.8 cm de alto.<\/p>\n<p>-Bater\u00eda: 3 bater\u00edas AA .<\/p>\n<p>-\u00c1ngulo de medici\u00f3n: \u22644\u00b0.<\/p>\n<p>-Escanea: Si.<\/p>\n<p>-Indicaci\u00f3n l\u00e1ser: Si.<\/p>\n<p>-Grupo del Calibrador: An\u00e1logo.<\/p>\n<p>-Indicador ac\u00fastico: Si.<\/p>\n<p>-Profundidad (cm): 5.8 cm.<\/p>\n<p>-Rango de trabajo: 0-18 m.<\/p>\n<p>-Exactitud de la medici\u00f3n: \u00b11.5mm (at 5 m).<\/p>\n<p>-Temperatura C: Temperatura de funcionamiento 0 \u2013 +40 \u2103, Temperatura de funcionamiento -20 \u2013 +70 \u2103.<\/p>\n<p>Caracter\u00edsticas:<\/p>\n<p>-Con im\u00e1n, ranura para colgar, con funci\u00f3n de laser cruzado.<\/p>\n<p>-Con funci\u00f3n de l\u00ednea horizontal, con funci\u00f3n de l\u00ednea vertical, con funci\u00f3n de bloqueo cruzado y con funci\u00f3n de ganancia l\u00e1ser.<\/p>\n","protected":false},"excerpt":{"rendered":"<p>NIVEL LASER 15M TLL156503 TOTAL -Medida: 9.6 cm de ancho x 9.8 cm de alto. -Bater\u00eda: 3 bater\u00edas AA .<\/p>\n","protected":false},"featured_media":90699,"comment_status":"closed","ping_status":"open","template":"","meta":[],"product_brand":[],"product_cat":[152,23],"product_tag":[],"class_list":{"0":"post-90548","1":"product","2":"type-product","3":"status-publish","4":"has-post-thumbnail","6":"product_cat-herramienta-manuales","7":"product_cat-herramientas","9":"first","10":"instock","11":"purchasable","12":"product-type-simple"},"jetpack_sharing_enabled":true,"_links":{"self":[{"href":"https:\/\/www.veneciacr.com\/index.php\/wp-json\/wp\/v2\/product\/90548","targetHints":{"allow":["GET"]}}],"collection":[{"href":"https:\/\/www.veneciacr.com\/index.php\/wp-json\/wp\/v2\/product"}],"about":[{"href":"https:\/\/www.veneciacr.com\/index.php\/wp-json\/wp\/v2\/types\/product"}],"replies":[{"embeddable":true,"href":"https:\/\/www.veneciacr.com\/index.php\/wp-json\/wp\/v2\/comments?post=90548"}],"wp:featuredmedia":[{"embeddable":true,"href":"https:\/\/www.veneciacr.com\/index.php\/wp-json\/wp\/v2\/media\/90699"}],"wp:attachment":[{"href":"https:\/\/www.veneciacr.com\/index.php\/wp-json\/wp\/v2\/media?parent=90548"}],"wp:term":[{"taxonomy":"product_brand","embeddable":true,"href":"https:\/\/www.veneciacr.com\/index.php\/wp-json\/wp\/v2\/product_brand?post=90548"},{"taxonomy":"product_cat","embeddable":true,"href":"https:\/\/www.veneciacr.com\/index.php\/wp-json\/wp\/v2\/product_cat?post=90548"},{"taxonomy":"product_tag","embeddable":true,"href":"https:\/\/www.veneciacr.com\/index.php\/wp-json\/wp\/v2\/product_tag?post=90548"}],"curies":[{"name":"wp","href":"https:\/\/api.w.org\/{rel}","templated":true}]}}