{"id":90526,"date":"2026-05-06T01:10:15","date_gmt":"2026-05-06T07:10:15","guid":{"rendered":"https:\/\/www.veneciacr.com\/index.php\/producto\/bateria-9v-alkalina-blt-al-9v-voltech\/"},"modified":"2026-05-06T01:10:15","modified_gmt":"2026-05-06T07:10:15","slug":"bateria-9v-alkalina-al-9v-volteck","status":"publish","type":"product","link":"https:\/\/www.veneciacr.com\/index.php\/producto\/bateria-9v-alkalina-al-9v-volteck\/","title":{"rendered":"BATERIA 9V ALKALINA AL-9V VOLTECK"},"content":{"rendered":"<p>Voltaje nominal 9V<br \/>\nPeso 54 g<br \/>\nEmpaque Blister<\/p>\n<p>CARACTER\u00cdSTICAS<br \/>\nPila alcalina de ALTO-PODER<br \/>\nMisma duraci\u00f3n que las marcas m\u00e1s reconocidas<br \/>\nNo contiene mercurio ni cadmio<\/p>\n<p>USOS<br \/>\nPara aparatos el\u00e9ctricos de elevado consumo de energ\u00eda como reproductores de CD port\u00e1tiles, c\u00e1maras fotogr\u00e1ficas, juguetes, etc\u00e9tera<\/p>\n","protected":false},"excerpt":{"rendered":"<p>Voltaje nominal 9V Peso 54 g Empaque Blister CARACTER\u00cdSTICAS Pila alcalina de ALTO-PODER Misma duraci\u00f3n que las marcas m\u00e1s reconocidas<\/p>\n","protected":false},"featured_media":90527,"comment_status":"closed","ping_status":"open","template":"","meta":[],"product_brand":[],"product_cat":[15],"product_tag":[],"class_list":{"0":"post-90526","1":"product","2":"type-product","3":"status-publish","4":"has-post-thumbnail","6":"product_cat-uncategorized","8":"first","9":"instock","10":"purchasable","11":"product-type-simple"},"jetpack_sharing_enabled":true,"_links":{"self":[{"href":"https:\/\/www.veneciacr.com\/index.php\/wp-json\/wp\/v2\/product\/90526","targetHints":{"allow":["GET"]}}],"collection":[{"href":"https:\/\/www.veneciacr.com\/index.php\/wp-json\/wp\/v2\/product"}],"about":[{"href":"https:\/\/www.veneciacr.com\/index.php\/wp-json\/wp\/v2\/types\/product"}],"replies":[{"embeddable":true,"href":"https:\/\/www.veneciacr.com\/index.php\/wp-json\/wp\/v2\/comments?post=90526"}],"wp:featuredmedia":[{"embeddable":true,"href":"https:\/\/www.veneciacr.com\/index.php\/wp-json\/wp\/v2\/media\/90527"}],"wp:attachment":[{"href":"https:\/\/www.veneciacr.com\/index.php\/wp-json\/wp\/v2\/media?parent=90526"}],"wp:term":[{"taxonomy":"product_brand","embeddable":true,"href":"https:\/\/www.veneciacr.com\/index.php\/wp-json\/wp\/v2\/product_brand?post=90526"},{"taxonomy":"product_cat","embeddable":true,"href":"https:\/\/www.veneciacr.com\/index.php\/wp-json\/wp\/v2\/product_cat?post=90526"},{"taxonomy":"product_tag","embeddable":true,"href":"https:\/\/www.veneciacr.com\/index.php\/wp-json\/wp\/v2\/product_tag?post=90526"}],"curies":[{"name":"wp","href":"https:\/\/api.w.org\/{rel}","templated":true}]}}