{"id":90235,"date":"2026-04-21T04:07:14","date_gmt":"2026-04-21T10:07:14","guid":{"rendered":"https:\/\/www.veneciacr.com\/index.php\/producto\/conector-20a-220v-2p3w-cwl620c-eagle\/"},"modified":"2026-04-21T04:07:15","modified_gmt":"2026-04-21T10:07:15","slug":"conector-20a-220v-2p3w-l620c-eagle","status":"publish","type":"product","link":"https:\/\/www.veneciacr.com\/index.php\/producto\/conector-20a-220v-2p3w-l620c-eagle\/","title":{"rendered":"CONECTOR 20A 220V 2P3W L620C EAGLE"},"content":{"rendered":"<div class=\"StyleWrapper_wrapper \">\n<div class=\"Details_description\">\n<div id=\"description_i8g8c3zru\" class=\"fr-view\">El Conector L\u00ednea de Seguridad NEMA L620C de EAGLE es la elecci\u00f3n perfecta para una conexi\u00f3n confiable y segura en Costa Rica. Dise\u00f1ado para aplicaciones industriales y entornos exigentes, este conector ofrece caracter\u00edsticas avanzadas para garantizar un rendimiento superior. Con tuercas de seguridad para una sujeci\u00f3n mejorada del cable, una tapa interna transparente para inspecci\u00f3n de terminales de cableado, impresi\u00f3n de configuraci\u00f3n seg\u00fan NEMA para un reconocimiento r\u00e1pido y material de alta resistencia, este conector es una soluci\u00f3n de calidad industrial. Con certificaciones NOM-ANCE y acorde a NEMA L6-20R, puedes confiar en su calidad y seguridad.<\/div>\n<\/div>\n<\/div>\n<div class=\"StyleWrapper_wrapper \">\n<h2>Especificaciones<\/h2>\n<div id=\"ML_mainId\">\n<table>\n<tbody>\n<tr>\n<td>Grado Industrial:<\/td>\n<td align=\"left\">S\u00ed<\/td>\n<td><\/td>\n<td><\/td>\n<td align=\"left\"><\/td>\n<\/tr>\n<tr>\n<td>Material de los Contactos:<\/td>\n<td align=\"left\">Bronce<\/td>\n<td><\/td>\n<td>Material del Cuerpo:<\/td>\n<td align=\"left\">Termopl\u00e1stico<\/td>\n<\/tr>\n<tr>\n<td>Capacidad:<\/td>\n<td align=\"left\">20A 250V~ 60 Hz<\/td>\n<td><\/td>\n<td>Conexi\u00f3n:<\/td>\n<td align=\"left\">2 polos, 3 hilos<\/td>\n<\/tr>\n<tr>\n<td>Registro UL:<\/td>\n<td align=\"left\">E237606<\/td>\n<td><\/td>\n<td>Tornillos:<\/td>\n<td align=\"left\">Con ranuras planas y Phillips<\/td>\n<\/tr>\n<tr>\n<td>Certificado NOM-ANCE:<\/td>\n<td align=\"left\">201501A00407<\/td>\n<td><\/td>\n<td>Tornillo de Tierra:<\/td>\n<td align=\"left\">Con cabeza hexagonal se\u00f1alizado de color verde<\/td>\n<\/tr>\n<tr>\n<td>Construcci\u00f3n del Cuerpo:<\/td>\n<td align=\"left\">Alta resistencia para entorno industrial<\/td>\n<td><\/td>\n<td>Acorde a NEMA:<\/td>\n<td align=\"left\">L6-20R<\/td>\n<\/tr>\n<tr>\n<td>M\u00e9todo de Cableado:<\/td>\n<td align=\"left\">Tornillo y tuerca, solo cable de cobre<\/td>\n<td><\/td>\n<td>Tuercas de Seguridad:<\/td>\n<td align=\"left\">S\u00ed, para mejor sujeci\u00f3n del cable<\/td>\n<\/tr>\n<tr>\n<td>Tapa Interna Transparente:<\/td>\n<td align=\"left\">S\u00ed, para inspecci\u00f3n de terminales de cableado<\/td>\n<td><\/td>\n<td>Impresi\u00f3n de Configuraci\u00f3n NEMA:<\/td>\n<td align=\"left\">S\u00ed, en la cara frontal para un reconocimiento r\u00e1pido del dispositivo<\/td>\n<\/tr>\n<tr>\n<td>Multiajustadores:<\/td>\n<td align=\"left\">S\u00ed, para diferentes tipos de cable<\/td>\n<td><\/td>\n<td>Dispositivo de Seguridad NEMA:<\/td>\n<td align=\"left\">Con bloqueo de la l\u00ednea &#8220;locking devices&#8221;<\/td>\n<\/tr>\n<\/tbody>\n<\/table>\n<\/div>\n<\/div>\n","protected":false},"excerpt":{"rendered":"<p>El Conector L\u00ednea de Seguridad NEMA L620C de EAGLE es la elecci\u00f3n perfecta para una conexi\u00f3n confiable y segura en<\/p>\n","protected":false},"featured_media":90236,"comment_status":"closed","ping_status":"open","template":"","meta":[],"product_brand":[],"product_cat":[80],"product_tag":[],"class_list":{"0":"post-90235","1":"product","2":"type-product","3":"status-publish","4":"has-post-thumbnail","6":"product_cat-electrico","8":"first","9":"instock","10":"purchasable","11":"product-type-simple"},"jetpack_sharing_enabled":true,"_links":{"self":[{"href":"https:\/\/www.veneciacr.com\/index.php\/wp-json\/wp\/v2\/product\/90235","targetHints":{"allow":["GET"]}}],"collection":[{"href":"https:\/\/www.veneciacr.com\/index.php\/wp-json\/wp\/v2\/product"}],"about":[{"href":"https:\/\/www.veneciacr.com\/index.php\/wp-json\/wp\/v2\/types\/product"}],"replies":[{"embeddable":true,"href":"https:\/\/www.veneciacr.com\/index.php\/wp-json\/wp\/v2\/comments?post=90235"}],"wp:featuredmedia":[{"embeddable":true,"href":"https:\/\/www.veneciacr.com\/index.php\/wp-json\/wp\/v2\/media\/90236"}],"wp:attachment":[{"href":"https:\/\/www.veneciacr.com\/index.php\/wp-json\/wp\/v2\/media?parent=90235"}],"wp:term":[{"taxonomy":"product_brand","embeddable":true,"href":"https:\/\/www.veneciacr.com\/index.php\/wp-json\/wp\/v2\/product_brand?post=90235"},{"taxonomy":"product_cat","embeddable":true,"href":"https:\/\/www.veneciacr.com\/index.php\/wp-json\/wp\/v2\/product_cat?post=90235"},{"taxonomy":"product_tag","embeddable":true,"href":"https:\/\/www.veneciacr.com\/index.php\/wp-json\/wp\/v2\/product_tag?post=90235"}],"curies":[{"name":"wp","href":"https:\/\/api.w.org\/{rel}","templated":true}]}}