{"id":90071,"date":"2026-04-21T02:46:26","date_gmt":"2026-04-21T08:46:26","guid":{"rendered":"https:\/\/www.veneciacr.com\/index.php\/producto\/eliminador-empaques-50ml-518-loctite\/"},"modified":"2026-04-21T02:46:28","modified_gmt":"2026-04-21T08:46:28","slug":"eliminador-empaques-50ml-518-loctite","status":"publish","type":"product","link":"https:\/\/www.veneciacr.com\/index.php\/producto\/eliminador-empaques-50ml-518-loctite\/","title":{"rendered":"ELIMINADOR EMPAQUES 50ML 518 LOCTITE"},"content":{"rendered":"<p>Arrastre el rat\u00f3n sobre la imagen para ampliarla.<\/p>\n<p>LOCTITE 518 es un producto formador de juntas multiuso, de resistencia media y con excelente tolerancia a la contaminaci\u00f3n. Recomendado para usar en bridas de hierro fundido, acero y aluminio.<br \/>\nLOCTITE\u00ae 518 cura en ausencia de aire, cuando est\u00e1 confinado entre superficies met\u00e1licas ajustadas. Es un material formador de juntas anaer\u00f3bico dise\u00f1ado para su uso entre superficies acoplables con bridas de hierro r\u00edgido, aluminio y acero. LOCTITE 518 rellena espacios de hasta 0,25 mm y forma un sellado flexible y resistente a los productos qu\u00edmicos que no se rompe ni deteriora. Las piezas se desmontan f\u00e1cilmente, incluso despu\u00e9s de haber pasado mucho tiempo. Las aplicaciones t\u00edpicas incluyen el sellado de juntas ajustadas entre superficies met\u00e1licas r\u00edgidas y bridas. Tambi\u00e9n se usa como junta formada in situ en conexiones con bridas r\u00edgidas, p. ej., en cajas de cambio y c\u00e1rteres de motor.<br \/>\nResistencia media, semiflexible<br \/>\nDise\u00f1ado para bridas met\u00e1licas mecanizadas<br \/>\nCura incluso cuando las superficies est\u00e1n ligeramente contaminadas<br \/>\nSe adapta a las irregularidades de la superficie de la brida y rellena holguras de hasta 0,25 mm<br \/>\nConsistencia tipo gel<br \/>\nSella instant\u00e1neamente a baja presi\u00f3n<br \/>\nReduce los costes de inventario &#8211; no hay necesidad de mantener un gran stock de juntas precortadas<br \/>\nResiste altas presiones cuando est\u00e1 totalmente curado<br \/>\nNo se produce deformaci\u00f3n ni desplazamiento de la junta<br \/>\nF\u00e1cil de automatizar<br \/>\nReduce los costes de los procesos &#8211; elimina el montaje a mano de las juntas convencionales<br \/>\nRegistrado en la NSF Categor\u00eda P1 n.\u00ba 123758<\/p>\n","protected":false},"excerpt":{"rendered":"<p>Arrastre el rat\u00f3n sobre la imagen para ampliarla. LOCTITE 518 es un producto formador de juntas multiuso, de resistencia media<\/p>\n","protected":false},"featured_media":90072,"comment_status":"closed","ping_status":"open","template":"","meta":[],"product_brand":[],"product_cat":[15],"product_tag":[],"class_list":{"0":"post-90071","1":"product","2":"type-product","3":"status-publish","4":"has-post-thumbnail","6":"product_cat-uncategorized","8":"first","9":"outofstock","10":"purchasable","11":"product-type-simple"},"jetpack_sharing_enabled":true,"_links":{"self":[{"href":"https:\/\/www.veneciacr.com\/index.php\/wp-json\/wp\/v2\/product\/90071","targetHints":{"allow":["GET"]}}],"collection":[{"href":"https:\/\/www.veneciacr.com\/index.php\/wp-json\/wp\/v2\/product"}],"about":[{"href":"https:\/\/www.veneciacr.com\/index.php\/wp-json\/wp\/v2\/types\/product"}],"replies":[{"embeddable":true,"href":"https:\/\/www.veneciacr.com\/index.php\/wp-json\/wp\/v2\/comments?post=90071"}],"wp:featuredmedia":[{"embeddable":true,"href":"https:\/\/www.veneciacr.com\/index.php\/wp-json\/wp\/v2\/media\/90072"}],"wp:attachment":[{"href":"https:\/\/www.veneciacr.com\/index.php\/wp-json\/wp\/v2\/media?parent=90071"}],"wp:term":[{"taxonomy":"product_brand","embeddable":true,"href":"https:\/\/www.veneciacr.com\/index.php\/wp-json\/wp\/v2\/product_brand?post=90071"},{"taxonomy":"product_cat","embeddable":true,"href":"https:\/\/www.veneciacr.com\/index.php\/wp-json\/wp\/v2\/product_cat?post=90071"},{"taxonomy":"product_tag","embeddable":true,"href":"https:\/\/www.veneciacr.com\/index.php\/wp-json\/wp\/v2\/product_tag?post=90071"}],"curies":[{"name":"wp","href":"https:\/\/api.w.org\/{rel}","templated":true}]}}