{"id":90020,"date":"2026-04-21T02:46:38","date_gmt":"2026-04-21T08:46:38","guid":{"rendered":"https:\/\/www.veneciacr.com\/index.php\/producto\/foco-recargable-145l-lire-145p-pretul\/"},"modified":"2026-04-21T02:46:41","modified_gmt":"2026-04-21T08:46:41","slug":"foco-recargable-145l-lire-145p-pretul","status":"publish","type":"product","link":"https:\/\/www.veneciacr.com\/index.php\/producto\/foco-recargable-145l-lire-145p-pretul\/","title":{"rendered":"FOCO RECARGABLE 145L LIRE-145P PRETUL"},"content":{"rendered":"<p>Color Amarillo<br \/>\nN\u00famero de LEDs 5<br \/>\nIntensidad luminosa 140 lm<br \/>\nDuraci\u00f3n de carga 5 h<br \/>\nM\u00e1x. distancia de iluminaci\u00f3n 134 m<br \/>\n\u00c1ngulo de iluminaci\u00f3n 80\u00b0<br \/>\nVida del foco 100,000 h<br \/>\nTensi\u00f3n 127 V<br \/>\nFrecuencia 60 Hz<br \/>\nCorriente 80 mA<br \/>\nEmpaque Caja<\/p>\n<p>Incluye:<br \/>\n2 Bater\u00edas recargables de plomo-\u00e1cido de 4V \/ 0.8 Ah cada una<\/p>\n<p>CARACTER\u00cdSTICAS<br \/>\nCuerpo fabricado en ABS resistente a impactos<br \/>\nLED altamente eficiente que proporciona una buena luminosidad a largas distancias con bajo consumo de energ\u00eda<br \/>\n2 Niveles de iluminaci\u00f3n<br \/>\nSe conecta directamente a la toma de corriente el\u00e9ctrica<\/p>\n<p>USOS<br \/>\nVigilancia, campamentos y uso dom\u00e9stico<\/p>\n<p>CUIDADOS<br \/>\nCargar la linterna al menos una vez cada 90 d\u00edas para que la bater\u00eda no pierda su capacidad de carga<\/p>\n","protected":false},"excerpt":{"rendered":"<p>Color Amarillo N\u00famero de LEDs 5 Intensidad luminosa 140 lm Duraci\u00f3n de carga 5 h M\u00e1x. distancia de iluminaci\u00f3n 134<\/p>\n","protected":false},"featured_media":90021,"comment_status":"closed","ping_status":"open","template":"","meta":[],"product_brand":[],"product_cat":[15],"product_tag":[],"class_list":{"0":"post-90020","1":"product","2":"type-product","3":"status-publish","4":"has-post-thumbnail","6":"product_cat-uncategorized","8":"first","9":"instock","10":"purchasable","11":"product-type-simple"},"jetpack_sharing_enabled":true,"_links":{"self":[{"href":"https:\/\/www.veneciacr.com\/index.php\/wp-json\/wp\/v2\/product\/90020","targetHints":{"allow":["GET"]}}],"collection":[{"href":"https:\/\/www.veneciacr.com\/index.php\/wp-json\/wp\/v2\/product"}],"about":[{"href":"https:\/\/www.veneciacr.com\/index.php\/wp-json\/wp\/v2\/types\/product"}],"replies":[{"embeddable":true,"href":"https:\/\/www.veneciacr.com\/index.php\/wp-json\/wp\/v2\/comments?post=90020"}],"wp:featuredmedia":[{"embeddable":true,"href":"https:\/\/www.veneciacr.com\/index.php\/wp-json\/wp\/v2\/media\/90021"}],"wp:attachment":[{"href":"https:\/\/www.veneciacr.com\/index.php\/wp-json\/wp\/v2\/media?parent=90020"}],"wp:term":[{"taxonomy":"product_brand","embeddable":true,"href":"https:\/\/www.veneciacr.com\/index.php\/wp-json\/wp\/v2\/product_brand?post=90020"},{"taxonomy":"product_cat","embeddable":true,"href":"https:\/\/www.veneciacr.com\/index.php\/wp-json\/wp\/v2\/product_cat?post=90020"},{"taxonomy":"product_tag","embeddable":true,"href":"https:\/\/www.veneciacr.com\/index.php\/wp-json\/wp\/v2\/product_tag?post=90020"}],"curies":[{"name":"wp","href":"https:\/\/api.w.org\/{rel}","templated":true}]}}