{"id":90018,"date":"2026-04-21T02:46:38","date_gmt":"2026-04-21T08:46:38","guid":{"rendered":"https:\/\/www.veneciacr.com\/index.php\/producto\/foco-recargable-230l-2en1-lire-200p-pretul\/"},"modified":"2026-04-21T02:46:41","modified_gmt":"2026-04-21T08:46:41","slug":"foco-recargable-230l-2en1-lire-200p-pretul","status":"publish","type":"product","link":"https:\/\/www.veneciacr.com\/index.php\/producto\/foco-recargable-230l-2en1-lire-200p-pretul\/","title":{"rendered":"FOCO RECARGABLE 230L 2EN1 LIRE-200P PRETUL"},"content":{"rendered":"<p>CARACTER\u00cdSTICAS<br \/>\nHaz de luz de largo alcance: 90 m<br \/>\nDuraci\u00f3n de 3 horas (frontal), 1 hora (lateral)<br \/>\nBater\u00eda de plomo-\u00e1cido de 4.2 V<br \/>\nLED de alta intensidad<br \/>\nNOR-31<br \/>\n26070-01<br \/>\nRECARGABLE<br \/>\n26070-02<br \/>\n26070-03<br \/>\nLuz de emergencia lateral<br \/>\n26070-04FC<\/p>\n<p>NORMA<br \/>\nCumple la norma NOM-001-SCFI<\/p>\n<p>ESPECIFICACIONES<br \/>\nLuminosidad 100 lm (frontal), 230 lm (lateral)<br \/>\nN\u00famero de LEDS 1 LED de alta intensidad<br \/>\nDuraci\u00f3n de carga 3 horas (frontal), 1 hora (lateral)<br \/>\n\u00c1ngulo del haz de luz 10\u00b0<br \/>\nTipo de pila 1 Bater\u00eda de plomo-\u00e1cido de 4.2 V (incluida)<br \/>\nGrado IP IP20 (Contra objetos mayores de 12 mm &#8220;2&#8221; y sin protecci\u00f3n &#8220;0&#8221;)<br \/>\nMaterial del cuerpo ABS<br \/>\nLargo 19 cm<\/p>\n","protected":false},"excerpt":{"rendered":"<p>CARACTER\u00cdSTICAS Haz de luz de largo alcance: 90 m Duraci\u00f3n de 3 horas (frontal), 1 hora (lateral) Bater\u00eda de plomo-\u00e1cido<\/p>\n","protected":false},"featured_media":90019,"comment_status":"closed","ping_status":"open","template":"","meta":[],"product_brand":[],"product_cat":[15],"product_tag":[],"class_list":{"0":"post-90018","1":"product","2":"type-product","3":"status-publish","4":"has-post-thumbnail","6":"product_cat-uncategorized","8":"first","9":"instock","10":"purchasable","11":"product-type-simple"},"jetpack_sharing_enabled":true,"_links":{"self":[{"href":"https:\/\/www.veneciacr.com\/index.php\/wp-json\/wp\/v2\/product\/90018","targetHints":{"allow":["GET"]}}],"collection":[{"href":"https:\/\/www.veneciacr.com\/index.php\/wp-json\/wp\/v2\/product"}],"about":[{"href":"https:\/\/www.veneciacr.com\/index.php\/wp-json\/wp\/v2\/types\/product"}],"replies":[{"embeddable":true,"href":"https:\/\/www.veneciacr.com\/index.php\/wp-json\/wp\/v2\/comments?post=90018"}],"wp:featuredmedia":[{"embeddable":true,"href":"https:\/\/www.veneciacr.com\/index.php\/wp-json\/wp\/v2\/media\/90019"}],"wp:attachment":[{"href":"https:\/\/www.veneciacr.com\/index.php\/wp-json\/wp\/v2\/media?parent=90018"}],"wp:term":[{"taxonomy":"product_brand","embeddable":true,"href":"https:\/\/www.veneciacr.com\/index.php\/wp-json\/wp\/v2\/product_brand?post=90018"},{"taxonomy":"product_cat","embeddable":true,"href":"https:\/\/www.veneciacr.com\/index.php\/wp-json\/wp\/v2\/product_cat?post=90018"},{"taxonomy":"product_tag","embeddable":true,"href":"https:\/\/www.veneciacr.com\/index.php\/wp-json\/wp\/v2\/product_tag?post=90018"}],"curies":[{"name":"wp","href":"https:\/\/api.w.org\/{rel}","templated":true}]}}