{"id":89972,"date":"2026-04-24T01:58:05","date_gmt":"2026-04-24T07:58:05","guid":{"rendered":"https:\/\/www.veneciacr.com\/index.php\/producto\/felpa-4x3-8-r-ropi-420n-truper\/"},"modified":"2026-04-24T01:58:06","modified_gmt":"2026-04-24T07:58:06","slug":"felpa-4x3-8-r-ropi-420n-truper","status":"publish","type":"product","link":"https:\/\/www.veneciacr.com\/index.php\/producto\/felpa-4x3-8-r-ropi-420n-truper\/","title":{"rendered":"FELPA 4&#8243;X3\/8 R-ROPI-420N TRUPER"},"content":{"rendered":"<p>Felpa de poli\u00e9ster color blanco con l\u00edneas amarillas<br \/>\nTubo de acril\u00edco<\/p>\n<p>ESPECIFICACIONES<br \/>\nLargo: 4&#8243; (10 cm)<br \/>\nEspesor: 3\/8&#8243;<br \/>\nDi\u00e1metro interno del tubo: 7 mm<br \/>\nPeso: 13 g<\/p>\n<p>Aplicaciones<br \/>\nPara usarse con rodillo ROPI-420N marca TRUPER\u00ae<\/p>\n","protected":false},"excerpt":{"rendered":"<p>Felpa de poli\u00e9ster color blanco con l\u00edneas amarillas Tubo de acril\u00edco ESPECIFICACIONES Largo: 4&#8243; (10 cm) Espesor: 3\/8&#8243; Di\u00e1metro interno<\/p>\n","protected":false},"featured_media":89973,"comment_status":"closed","ping_status":"open","template":"","meta":[],"product_brand":[],"product_cat":[15],"product_tag":[],"class_list":{"0":"post-89972","1":"product","2":"type-product","3":"status-publish","4":"has-post-thumbnail","6":"product_cat-uncategorized","8":"first","9":"instock","10":"purchasable","11":"product-type-simple"},"jetpack_sharing_enabled":true,"_links":{"self":[{"href":"https:\/\/www.veneciacr.com\/index.php\/wp-json\/wp\/v2\/product\/89972","targetHints":{"allow":["GET"]}}],"collection":[{"href":"https:\/\/www.veneciacr.com\/index.php\/wp-json\/wp\/v2\/product"}],"about":[{"href":"https:\/\/www.veneciacr.com\/index.php\/wp-json\/wp\/v2\/types\/product"}],"replies":[{"embeddable":true,"href":"https:\/\/www.veneciacr.com\/index.php\/wp-json\/wp\/v2\/comments?post=89972"}],"wp:featuredmedia":[{"embeddable":true,"href":"https:\/\/www.veneciacr.com\/index.php\/wp-json\/wp\/v2\/media\/89973"}],"wp:attachment":[{"href":"https:\/\/www.veneciacr.com\/index.php\/wp-json\/wp\/v2\/media?parent=89972"}],"wp:term":[{"taxonomy":"product_brand","embeddable":true,"href":"https:\/\/www.veneciacr.com\/index.php\/wp-json\/wp\/v2\/product_brand?post=89972"},{"taxonomy":"product_cat","embeddable":true,"href":"https:\/\/www.veneciacr.com\/index.php\/wp-json\/wp\/v2\/product_cat?post=89972"},{"taxonomy":"product_tag","embeddable":true,"href":"https:\/\/www.veneciacr.com\/index.php\/wp-json\/wp\/v2\/product_tag?post=89972"}],"curies":[{"name":"wp","href":"https:\/\/api.w.org\/{rel}","templated":true}]}}