{"id":89962,"date":"2026-04-23T01:59:01","date_gmt":"2026-04-23T07:59:01","guid":{"rendered":"https:\/\/www.veneciacr.com\/index.php\/producto\/mini-soldadura-3mm-60-40-85g-sol-1-2-1-2m-truper\/"},"modified":"2026-04-23T01:59:01","modified_gmt":"2026-04-23T07:59:01","slug":"mini-soldadura-3mm-60-40-85g-sol-1-2-1-2m-truper","status":"publish","type":"product","link":"https:\/\/www.veneciacr.com\/index.php\/producto\/mini-soldadura-3mm-60-40-85g-sol-1-2-1-2m-truper\/","title":{"rendered":"MINI SOLDADURA 3MM 60\/40 85G SOL-1\/2-1\/2M TRUPER"},"content":{"rendered":"<p>Compuesta 38% de esta\u00f1o, 2% de Antimonio y 60% de Plomo<br \/>\nSuelda m\u00e1s r\u00e1pido y se adhiere mejor<br \/>\nNo deja residuos y no oxida la superficie<br \/>\nPara instalaciones hidr\u00e1ulicas de agua fr\u00eda<br \/>\nIdeal para trabajos de tuber\u00eda de baja presi\u00f3n<br \/>\nS\u00d3LIDA REQUIERE PASTA<\/p>\n<p>ESPECIFICACIONES<\/p>\n<p>Longitud: 130 cm<br \/>\nDi\u00e1metro: 3 mm<br \/>\nPunto de fusi\u00f3n: 245 \u00b0C<br \/>\nPeso: 85 g<br \/>\nEmpaque individual: Bl\u00edster<\/p>\n","protected":false},"excerpt":{"rendered":"<p>Compuesta 38% de esta\u00f1o, 2% de Antimonio y 60% de Plomo Suelda m\u00e1s r\u00e1pido y se adhiere mejor No deja<\/p>\n","protected":false},"featured_media":89963,"comment_status":"closed","ping_status":"open","template":"","meta":[],"product_brand":[],"product_cat":[15],"product_tag":[],"class_list":{"0":"post-89962","1":"product","2":"type-product","3":"status-publish","4":"has-post-thumbnail","6":"product_cat-uncategorized","8":"first","9":"instock","10":"purchasable","11":"product-type-simple"},"jetpack_sharing_enabled":true,"_links":{"self":[{"href":"https:\/\/www.veneciacr.com\/index.php\/wp-json\/wp\/v2\/product\/89962","targetHints":{"allow":["GET"]}}],"collection":[{"href":"https:\/\/www.veneciacr.com\/index.php\/wp-json\/wp\/v2\/product"}],"about":[{"href":"https:\/\/www.veneciacr.com\/index.php\/wp-json\/wp\/v2\/types\/product"}],"replies":[{"embeddable":true,"href":"https:\/\/www.veneciacr.com\/index.php\/wp-json\/wp\/v2\/comments?post=89962"}],"wp:featuredmedia":[{"embeddable":true,"href":"https:\/\/www.veneciacr.com\/index.php\/wp-json\/wp\/v2\/media\/89963"}],"wp:attachment":[{"href":"https:\/\/www.veneciacr.com\/index.php\/wp-json\/wp\/v2\/media?parent=89962"}],"wp:term":[{"taxonomy":"product_brand","embeddable":true,"href":"https:\/\/www.veneciacr.com\/index.php\/wp-json\/wp\/v2\/product_brand?post=89962"},{"taxonomy":"product_cat","embeddable":true,"href":"https:\/\/www.veneciacr.com\/index.php\/wp-json\/wp\/v2\/product_cat?post=89962"},{"taxonomy":"product_tag","embeddable":true,"href":"https:\/\/www.veneciacr.com\/index.php\/wp-json\/wp\/v2\/product_tag?post=89962"}],"curies":[{"name":"wp","href":"https:\/\/api.w.org\/{rel}","templated":true}]}}