{"id":89923,"date":"2026-04-21T02:47:16","date_gmt":"2026-04-21T08:47:16","guid":{"rendered":"https:\/\/www.veneciacr.com\/index.php\/producto\/borner-plomo-teba-2-pretul\/"},"modified":"2026-04-21T02:47:17","modified_gmt":"2026-04-21T08:47:17","slug":"borner-plomo-teba-2-pretul","status":"publish","type":"product","link":"https:\/\/www.veneciacr.com\/index.php\/producto\/borner-plomo-teba-2-pretul\/","title":{"rendered":"BORNER PLOMO TEBA-2 PRETUL"},"content":{"rendered":"<p>Peso por pieza 90 g<br \/>\nEmpaque 2 x Blister<\/p>\n<p>CARACTER\u00cdSTICAS<br \/>\nS\u00f3lida construcci\u00f3n en plomo<br \/>\nSe adaptan al poste positivo o negativo<br \/>\nTrabajan con cables de calibre 6 a 1 AWG (13.29 a 42.39 mm\u00b2)<\/p>\n<p>USOS<br \/>\nIdeales para reemplazar terminales viejas, oxidadas o da\u00f1adas<\/p>\n","protected":false},"excerpt":{"rendered":"<p>Peso por pieza 90 g Empaque 2 x Blister CARACTER\u00cdSTICAS S\u00f3lida construcci\u00f3n en plomo Se adaptan al poste positivo o<\/p>\n","protected":false},"featured_media":89924,"comment_status":"closed","ping_status":"open","template":"","meta":[],"product_brand":[],"product_cat":[15],"product_tag":[],"class_list":{"0":"post-89923","1":"product","2":"type-product","3":"status-publish","4":"has-post-thumbnail","6":"product_cat-uncategorized","8":"first","9":"instock","10":"purchasable","11":"product-type-simple"},"jetpack_sharing_enabled":true,"_links":{"self":[{"href":"https:\/\/www.veneciacr.com\/index.php\/wp-json\/wp\/v2\/product\/89923","targetHints":{"allow":["GET"]}}],"collection":[{"href":"https:\/\/www.veneciacr.com\/index.php\/wp-json\/wp\/v2\/product"}],"about":[{"href":"https:\/\/www.veneciacr.com\/index.php\/wp-json\/wp\/v2\/types\/product"}],"replies":[{"embeddable":true,"href":"https:\/\/www.veneciacr.com\/index.php\/wp-json\/wp\/v2\/comments?post=89923"}],"wp:featuredmedia":[{"embeddable":true,"href":"https:\/\/www.veneciacr.com\/index.php\/wp-json\/wp\/v2\/media\/89924"}],"wp:attachment":[{"href":"https:\/\/www.veneciacr.com\/index.php\/wp-json\/wp\/v2\/media?parent=89923"}],"wp:term":[{"taxonomy":"product_brand","embeddable":true,"href":"https:\/\/www.veneciacr.com\/index.php\/wp-json\/wp\/v2\/product_brand?post=89923"},{"taxonomy":"product_cat","embeddable":true,"href":"https:\/\/www.veneciacr.com\/index.php\/wp-json\/wp\/v2\/product_cat?post=89923"},{"taxonomy":"product_tag","embeddable":true,"href":"https:\/\/www.veneciacr.com\/index.php\/wp-json\/wp\/v2\/product_tag?post=89923"}],"curies":[{"name":"wp","href":"https:\/\/api.w.org\/{rel}","templated":true}]}}