{"id":89909,"date":"2026-04-21T02:47:13","date_gmt":"2026-04-21T08:47:13","guid":{"rendered":"https:\/\/www.veneciacr.com\/index.php\/producto\/escuadra-metalica-t-s-negra-11x8-med-11ns-fiero\/"},"modified":"2026-04-21T02:47:13","modified_gmt":"2026-04-21T08:47:13","slug":"unidad-escuadra-metalica-t-s-negra-11x8-med-11ns-fiero-ec22","status":"publish","type":"product","link":"https:\/\/www.veneciacr.com\/index.php\/producto\/unidad-escuadra-metalica-t-s-negra-11x8-med-11ns-fiero-ec22\/","title":{"rendered":"UNIDAD ESCUADRA METALICA T\/S NEGRA 11X8&#8243; MED-11NS FIERO EC22"},"content":{"rendered":"<p>Fabricada de acero<\/p>\n<p>F\u00e1cil instalaci\u00f3n<\/p>\n<p>\u00datil para emplearse como soporte de repisas o cubiertas<\/p>\n","protected":false},"excerpt":{"rendered":"<p>Fabricada de acero F\u00e1cil instalaci\u00f3n \u00datil para emplearse como soporte de repisas o cubiertas<\/p>\n","protected":false},"featured_media":89910,"comment_status":"closed","ping_status":"open","template":"","meta":[],"product_brand":[],"product_cat":[19,100],"product_tag":[],"class_list":{"0":"post-89909","1":"product","2":"type-product","3":"status-publish","4":"has-post-thumbnail","6":"product_cat-ferreteria","7":"product_cat-soportes-para-repisas","9":"first","10":"instock","11":"purchasable","12":"product-type-simple"},"jetpack_sharing_enabled":true,"_links":{"self":[{"href":"https:\/\/www.veneciacr.com\/index.php\/wp-json\/wp\/v2\/product\/89909","targetHints":{"allow":["GET"]}}],"collection":[{"href":"https:\/\/www.veneciacr.com\/index.php\/wp-json\/wp\/v2\/product"}],"about":[{"href":"https:\/\/www.veneciacr.com\/index.php\/wp-json\/wp\/v2\/types\/product"}],"replies":[{"embeddable":true,"href":"https:\/\/www.veneciacr.com\/index.php\/wp-json\/wp\/v2\/comments?post=89909"}],"wp:featuredmedia":[{"embeddable":true,"href":"https:\/\/www.veneciacr.com\/index.php\/wp-json\/wp\/v2\/media\/89910"}],"wp:attachment":[{"href":"https:\/\/www.veneciacr.com\/index.php\/wp-json\/wp\/v2\/media?parent=89909"}],"wp:term":[{"taxonomy":"product_brand","embeddable":true,"href":"https:\/\/www.veneciacr.com\/index.php\/wp-json\/wp\/v2\/product_brand?post=89909"},{"taxonomy":"product_cat","embeddable":true,"href":"https:\/\/www.veneciacr.com\/index.php\/wp-json\/wp\/v2\/product_cat?post=89909"},{"taxonomy":"product_tag","embeddable":true,"href":"https:\/\/www.veneciacr.com\/index.php\/wp-json\/wp\/v2\/product_tag?post=89909"}],"curies":[{"name":"wp","href":"https:\/\/api.w.org\/{rel}","templated":true}]}}