{"id":89845,"date":"2026-04-21T02:47:37","date_gmt":"2026-04-21T08:47:37","guid":{"rendered":"https:\/\/www.veneciacr.com\/index.php\/producto\/cubo-sensor-oxigeno-ai010033-jonnesway\/"},"modified":"2026-04-21T02:47:40","modified_gmt":"2026-04-21T08:47:40","slug":"cubo-sensor-oxigeno-esp-1-2-ai010033-jonnesway","status":"publish","type":"product","link":"https:\/\/www.veneciacr.com\/index.php\/producto\/cubo-sensor-oxigeno-esp-1-2-ai010033-jonnesway\/","title":{"rendered":"CUBO SENSOR OXIGENO ESP 1\/2&#8243; AI010033 JONNESWAY"},"content":{"rendered":"<ul>\n<li>Coloque una ranura en el lateral de esta llave para conectar los conectores de los sensores de ox\u00edgeno calentados, que normalmente no encajan en las llaves est\u00e1ndar. El cuerpo extendido y reforzado permite extraer los sensores m\u00e1s dif\u00edciles sin redondearlos.<\/li>\n<li>Cuenta con 1\/2 de unidad cuadrada doble, hexagonal de 7\/8\u2033 (22 mm).<\/li>\n<li>\u00a0Tuerca abocardada para servicio de interruptor de vac\u00edo y sensor de ox\u00edgeno en motores controlados por computadora.<\/li>\n<li>Modelos aplicables: FORD, TOYOTA, NISSAN, BENZ, BMW y la mayor\u00eda de los coches europeos.<\/li>\n<\/ul>\n<p>Herramientas Premium JONNESWAY\u00ae, fabricadas con materiales de alta calidad.<\/p>\n","protected":false},"excerpt":{"rendered":"<p>Coloque una ranura en el lateral de esta llave para conectar los conectores de los sensores de ox\u00edgeno calentados, que<\/p>\n","protected":false},"featured_media":89846,"comment_status":"closed","ping_status":"open","template":"","meta":[],"product_brand":[],"product_cat":[15],"product_tag":[],"class_list":{"0":"post-89845","1":"product","2":"type-product","3":"status-publish","4":"has-post-thumbnail","6":"product_cat-uncategorized","8":"first","9":"outofstock","10":"purchasable","11":"product-type-simple"},"jetpack_sharing_enabled":true,"_links":{"self":[{"href":"https:\/\/www.veneciacr.com\/index.php\/wp-json\/wp\/v2\/product\/89845","targetHints":{"allow":["GET"]}}],"collection":[{"href":"https:\/\/www.veneciacr.com\/index.php\/wp-json\/wp\/v2\/product"}],"about":[{"href":"https:\/\/www.veneciacr.com\/index.php\/wp-json\/wp\/v2\/types\/product"}],"replies":[{"embeddable":true,"href":"https:\/\/www.veneciacr.com\/index.php\/wp-json\/wp\/v2\/comments?post=89845"}],"wp:featuredmedia":[{"embeddable":true,"href":"https:\/\/www.veneciacr.com\/index.php\/wp-json\/wp\/v2\/media\/89846"}],"wp:attachment":[{"href":"https:\/\/www.veneciacr.com\/index.php\/wp-json\/wp\/v2\/media?parent=89845"}],"wp:term":[{"taxonomy":"product_brand","embeddable":true,"href":"https:\/\/www.veneciacr.com\/index.php\/wp-json\/wp\/v2\/product_brand?post=89845"},{"taxonomy":"product_cat","embeddable":true,"href":"https:\/\/www.veneciacr.com\/index.php\/wp-json\/wp\/v2\/product_cat?post=89845"},{"taxonomy":"product_tag","embeddable":true,"href":"https:\/\/www.veneciacr.com\/index.php\/wp-json\/wp\/v2\/product_tag?post=89845"}],"curies":[{"name":"wp","href":"https:\/\/api.w.org\/{rel}","templated":true}]}}