{"id":89839,"date":"2026-04-21T02:47:37","date_gmt":"2026-04-21T08:47:37","guid":{"rendered":"https:\/\/www.veneciacr.com\/index.php\/producto\/bateria-aa-4uds-al-aa-voltech\/"},"modified":"2026-04-21T02:47:38","modified_gmt":"2026-04-21T08:47:38","slug":"paq-4-baterias-aa-al-aa-volteck","status":"publish","type":"product","link":"https:\/\/www.veneciacr.com\/index.php\/producto\/paq-4-baterias-aa-al-aa-volteck\/","title":{"rendered":"PAQ 4 BATERIAS AA AL-AA VOLTECK"},"content":{"rendered":"<p>M\u00e1xima duraci\u00f3n<br \/>\nNo contienen mercurio ni cadmio<br \/>\nMisma duraci\u00f3n que las marcas m\u00e1s reconocidas<br \/>\nLas pilas alcalinas son de mayor duraci\u00f3n que las normales y menos perjudiciales para el medio ambiente<\/p>\n<p>ESPECIFICACIONES<\/p>\n<p>Sistema electroqu\u00edmico: Alcalina<br \/>\nTama\u00f1o de la Bater\u00eda: AA<br \/>\nGeometr\u00eda de la pila: Cil\u00edndrica<br \/>\nVoltaje: 1.5 V<br \/>\nDi\u00e1metro: 13.5 mm<br \/>\nAltura : 49.2 mm<br \/>\nDuraci\u00f3n m\u00ednima promedio: 400 minutos<br \/>\nCaducidad: 5 A\u00f1os<br \/>\nN\u00famero de piezas: 4<br \/>\nEmpaque individual: Bl\u00edster<\/p>\n<p>Aplicaciones<br \/>\nPara dispositivos con un mayor consumo de energ\u00eda como c\u00e1maras fotogr\u00e1ficas, juguetes, controles remotos, linternas, calculadoras y m\u00e1s<\/p>\n<p>CUIDADOS<br \/>\nNo exponga al calor<br \/>\nNo golpee las pilas<br \/>\nNo deben ser recargadas, perforadas, desarmadas o expuestas al fuego<\/p>\n","protected":false},"excerpt":{"rendered":"<p>M\u00e1xima duraci\u00f3n No contienen mercurio ni cadmio Misma duraci\u00f3n que las marcas m\u00e1s reconocidas Las pilas alcalinas son de mayor<\/p>\n","protected":false},"featured_media":97954,"comment_status":"closed","ping_status":"open","template":"","meta":[],"product_brand":[],"product_cat":[15],"product_tag":[],"class_list":{"0":"post-89839","1":"product","2":"type-product","3":"status-publish","4":"has-post-thumbnail","6":"product_cat-uncategorized","8":"first","9":"instock","10":"purchasable","11":"product-type-simple"},"jetpack_sharing_enabled":true,"_links":{"self":[{"href":"https:\/\/www.veneciacr.com\/index.php\/wp-json\/wp\/v2\/product\/89839","targetHints":{"allow":["GET"]}}],"collection":[{"href":"https:\/\/www.veneciacr.com\/index.php\/wp-json\/wp\/v2\/product"}],"about":[{"href":"https:\/\/www.veneciacr.com\/index.php\/wp-json\/wp\/v2\/types\/product"}],"replies":[{"embeddable":true,"href":"https:\/\/www.veneciacr.com\/index.php\/wp-json\/wp\/v2\/comments?post=89839"}],"wp:featuredmedia":[{"embeddable":true,"href":"https:\/\/www.veneciacr.com\/index.php\/wp-json\/wp\/v2\/media\/97954"}],"wp:attachment":[{"href":"https:\/\/www.veneciacr.com\/index.php\/wp-json\/wp\/v2\/media?parent=89839"}],"wp:term":[{"taxonomy":"product_brand","embeddable":true,"href":"https:\/\/www.veneciacr.com\/index.php\/wp-json\/wp\/v2\/product_brand?post=89839"},{"taxonomy":"product_cat","embeddable":true,"href":"https:\/\/www.veneciacr.com\/index.php\/wp-json\/wp\/v2\/product_cat?post=89839"},{"taxonomy":"product_tag","embeddable":true,"href":"https:\/\/www.veneciacr.com\/index.php\/wp-json\/wp\/v2\/product_tag?post=89839"}],"curies":[{"name":"wp","href":"https:\/\/api.w.org\/{rel}","templated":true}]}}