{"id":89830,"date":"2026-04-21T02:47:31","date_gmt":"2026-04-21T08:47:31","guid":{"rendered":"https:\/\/www.veneciacr.com\/index.php\/producto\/cepillo-nylon-copa-1-4x3-tac33035-total\/"},"modified":"2026-04-21T02:47:34","modified_gmt":"2026-04-21T08:47:34","slug":"cepillo-nylon-copa-1-4x3-tac33035-total","status":"publish","type":"product","link":"https:\/\/www.veneciacr.com\/index.php\/producto\/cepillo-nylon-copa-1-4x3-tac33035-total\/","title":{"rendered":"CEPILLO NYLON COPA 1\/4X3&#8243; TAC33035 TOTAL"},"content":{"rendered":"<p>CEPILLO NYLON COPA 1\/4X3&#8243; TAC33035 TOTAL<\/p>\n<p>V\u00e1stago de 75 mm<br \/>\nDi\u00e1metro del v\u00e1stago de 6,3 mm<br \/>\nDi\u00e1metro de cerda de 1,3 a 1,5 mm<\/p>\n","protected":false},"excerpt":{"rendered":"<p>CEPILLO NYLON COPA 1\/4X3&#8243; TAC33035 TOTAL V\u00e1stago de 75 mm Di\u00e1metro del v\u00e1stago de 6,3 mm Di\u00e1metro de cerda de<\/p>\n","protected":false},"featured_media":89829,"comment_status":"closed","ping_status":"open","template":"","meta":[],"product_brand":[],"product_cat":[86,23],"product_tag":[],"class_list":{"0":"post-89830","1":"product","2":"type-product","3":"status-publish","4":"has-post-thumbnail","6":"product_cat-accesorios-para-herramientas-electricas","7":"product_cat-herramientas","9":"first","10":"instock","11":"purchasable","12":"product-type-simple"},"jetpack_sharing_enabled":true,"_links":{"self":[{"href":"https:\/\/www.veneciacr.com\/index.php\/wp-json\/wp\/v2\/product\/89830","targetHints":{"allow":["GET"]}}],"collection":[{"href":"https:\/\/www.veneciacr.com\/index.php\/wp-json\/wp\/v2\/product"}],"about":[{"href":"https:\/\/www.veneciacr.com\/index.php\/wp-json\/wp\/v2\/types\/product"}],"replies":[{"embeddable":true,"href":"https:\/\/www.veneciacr.com\/index.php\/wp-json\/wp\/v2\/comments?post=89830"}],"wp:featuredmedia":[{"embeddable":true,"href":"https:\/\/www.veneciacr.com\/index.php\/wp-json\/wp\/v2\/media\/89829"}],"wp:attachment":[{"href":"https:\/\/www.veneciacr.com\/index.php\/wp-json\/wp\/v2\/media?parent=89830"}],"wp:term":[{"taxonomy":"product_brand","embeddable":true,"href":"https:\/\/www.veneciacr.com\/index.php\/wp-json\/wp\/v2\/product_brand?post=89830"},{"taxonomy":"product_cat","embeddable":true,"href":"https:\/\/www.veneciacr.com\/index.php\/wp-json\/wp\/v2\/product_cat?post=89830"},{"taxonomy":"product_tag","embeddable":true,"href":"https:\/\/www.veneciacr.com\/index.php\/wp-json\/wp\/v2\/product_tag?post=89830"}],"curies":[{"name":"wp","href":"https:\/\/api.w.org\/{rel}","templated":true}]}}