{"id":89826,"date":"2026-04-29T01:59:19","date_gmt":"2026-04-29T07:59:19","guid":{"rendered":"https:\/\/www.veneciacr.com\/index.php\/producto\/bolsa-1-kg-soldadura-6013-3-32-e6013-3-truper\/"},"modified":"2026-04-29T01:59:20","modified_gmt":"2026-04-29T07:59:20","slug":"bolsa-1-kg-soldadura-6013-3-32-e6013-3-truper","status":"publish","type":"product","link":"https:\/\/www.veneciacr.com\/index.php\/producto\/bolsa-1-kg-soldadura-6013-3-32-e6013-3-truper\/","title":{"rendered":"BOLSA 1 KG SOLDADURA 6013 &#8211; 3\/32 E6013-3 TRUPER"},"content":{"rendered":"<p>Revestimiento rut\u00edlico para estructuras ligeras<\/p>\n<p>Acero suave que facilita la fundici\u00f3n<\/p>\n<p>Inicio de arco r\u00e1pido con buena estabilidad<\/p>\n<p>Generan m\u00ednimo chisporroteo y poca escoria<\/p>\n<p>Tipo de corriente CA \/ CD<\/p>\n<div class=\"col-6\">\n<div class=\"table-responsive tabla_border\">\n<table class=\"table table-bordered table_info_prod align-middle m-0\">\n<tbody>\n<tr id=\"tabla_especs\">\n<th class=\"tamanio_th_especs\" scope=\"row\">\n<p class=\"margen_tabla_especs\">Tipo de corriente<\/p>\n<\/th>\n<td>\n<p class=\"margen_tabla_especs\">CA\u00a0\/ CD<\/p>\n<\/td>\n<\/tr>\n<tr id=\"tabla_especs\">\n<th class=\"tamanio_th_especs\" scope=\"row\">\n<p class=\"margen_tabla_especs\">Largo<\/p>\n<\/th>\n<td>\n<p class=\"margen_tabla_especs\">14&#8243; (350 mm)<\/p>\n<\/td>\n<\/tr>\n<tr id=\"tabla_especs\">\n<th class=\"tamanio_th_especs\" scope=\"row\">\n<p class=\"margen_tabla_especs\">Peso por caja<\/p>\n<\/th>\n<td>\n<p class=\"margen_tabla_especs\">5 kg<\/p>\n<\/td>\n<\/tr>\n<tr id=\"tabla_especs\">\n<th class=\"tamanio_th_especs\" scope=\"row\"><\/th>\n<td><\/td>\n<\/tr>\n<tr id=\"tabla_especs\">\n<th class=\"tamanio_th_especs\" scope=\"row\"><\/th>\n<td><\/td>\n<\/tr>\n<\/tbody>\n<\/table>\n<\/div>\n<\/div>\n<div class=\"col-6\">\n<div class=\"table-responsive tabla_border\">\n<table class=\"table table-bordered table_info_prod align-middle m-0\">\n<tbody>\n<tr id=\"tabla_especs\">\n<th class=\"tamanio_th_especs\" scope=\"row\">\n<p class=\"margen_tabla_especs\">Amperes requeridos<\/p>\n<\/th>\n<td>\n<p class=\"margen_tabla_especs\">40 &#8211; 90 A<\/p>\n<\/td>\n<\/tr>\n<tr id=\"tabla_especs\">\n<th class=\"tamanio_th_especs\" scope=\"row\">\n<p class=\"margen_tabla_especs\">Di\u00e1metro<\/p>\n<\/th>\n<td>\n<p class=\"margen_tabla_especs\">3\/32&#8243; (2.5 mm)<\/p>\n<\/td>\n<\/tr>\n<\/tbody>\n<\/table>\n<\/div>\n<\/div>\n","protected":false},"excerpt":{"rendered":"<p>Revestimiento rut\u00edlico para estructuras ligeras Acero suave que facilita la fundici\u00f3n Inicio de arco r\u00e1pido con buena estabilidad Generan m\u00ednimo<\/p>\n","protected":false},"featured_media":89827,"comment_status":"closed","ping_status":"open","template":"","meta":[],"product_brand":[],"product_cat":[15],"product_tag":[],"class_list":{"0":"post-89826","1":"product","2":"type-product","3":"status-publish","4":"has-post-thumbnail","6":"product_cat-uncategorized","8":"first","9":"instock","10":"purchasable","11":"product-type-simple"},"jetpack_sharing_enabled":true,"_links":{"self":[{"href":"https:\/\/www.veneciacr.com\/index.php\/wp-json\/wp\/v2\/product\/89826","targetHints":{"allow":["GET"]}}],"collection":[{"href":"https:\/\/www.veneciacr.com\/index.php\/wp-json\/wp\/v2\/product"}],"about":[{"href":"https:\/\/www.veneciacr.com\/index.php\/wp-json\/wp\/v2\/types\/product"}],"replies":[{"embeddable":true,"href":"https:\/\/www.veneciacr.com\/index.php\/wp-json\/wp\/v2\/comments?post=89826"}],"wp:featuredmedia":[{"embeddable":true,"href":"https:\/\/www.veneciacr.com\/index.php\/wp-json\/wp\/v2\/media\/89827"}],"wp:attachment":[{"href":"https:\/\/www.veneciacr.com\/index.php\/wp-json\/wp\/v2\/media?parent=89826"}],"wp:term":[{"taxonomy":"product_brand","embeddable":true,"href":"https:\/\/www.veneciacr.com\/index.php\/wp-json\/wp\/v2\/product_brand?post=89826"},{"taxonomy":"product_cat","embeddable":true,"href":"https:\/\/www.veneciacr.com\/index.php\/wp-json\/wp\/v2\/product_cat?post=89826"},{"taxonomy":"product_tag","embeddable":true,"href":"https:\/\/www.veneciacr.com\/index.php\/wp-json\/wp\/v2\/product_tag?post=89826"}],"curies":[{"name":"wp","href":"https:\/\/api.w.org\/{rel}","templated":true}]}}