{"id":89780,"date":"2026-04-21T02:47:56","date_gmt":"2026-04-21T08:47:56","guid":{"rendered":"https:\/\/www.veneciacr.com\/index.php\/producto\/correa-p-perro-1cm-cope-10-fiero\/"},"modified":"2026-04-21T02:47:56","modified_gmt":"2026-04-21T08:47:56","slug":"correa-para-perro-1cm-cope-10-fiero","status":"publish","type":"product","link":"https:\/\/www.veneciacr.com\/index.php\/producto\/correa-para-perro-1cm-cope-10-fiero\/","title":{"rendered":"CORREA PARA PERRO 1CM COPE-10 FIERO"},"content":{"rendered":"<p>Fabricadas en polipropileno<\/p>\n<p>Anillos de acero<\/p>\n<p>Correas con bandolas de r\u00e1pido enganche y agarradera<\/p>\n<p>Hebillas de liberaci\u00f3n r\u00e1pida<\/p>\n<p>Para razas peque\u00f1as<\/p>\n","protected":false},"excerpt":{"rendered":"<p>Fabricadas en polipropileno Anillos de acero Correas con bandolas de r\u00e1pido enganche y agarradera Hebillas de liberaci\u00f3n r\u00e1pida Para razas<\/p>\n","protected":false},"featured_media":89781,"comment_status":"closed","ping_status":"open","template":"","meta":[],"product_brand":[],"product_cat":[15],"product_tag":[],"class_list":{"0":"post-89780","1":"product","2":"type-product","3":"status-publish","4":"has-post-thumbnail","6":"product_cat-uncategorized","8":"first","9":"instock","10":"purchasable","11":"product-type-simple"},"jetpack_sharing_enabled":true,"_links":{"self":[{"href":"https:\/\/www.veneciacr.com\/index.php\/wp-json\/wp\/v2\/product\/89780","targetHints":{"allow":["GET"]}}],"collection":[{"href":"https:\/\/www.veneciacr.com\/index.php\/wp-json\/wp\/v2\/product"}],"about":[{"href":"https:\/\/www.veneciacr.com\/index.php\/wp-json\/wp\/v2\/types\/product"}],"replies":[{"embeddable":true,"href":"https:\/\/www.veneciacr.com\/index.php\/wp-json\/wp\/v2\/comments?post=89780"}],"wp:featuredmedia":[{"embeddable":true,"href":"https:\/\/www.veneciacr.com\/index.php\/wp-json\/wp\/v2\/media\/89781"}],"wp:attachment":[{"href":"https:\/\/www.veneciacr.com\/index.php\/wp-json\/wp\/v2\/media?parent=89780"}],"wp:term":[{"taxonomy":"product_brand","embeddable":true,"href":"https:\/\/www.veneciacr.com\/index.php\/wp-json\/wp\/v2\/product_brand?post=89780"},{"taxonomy":"product_cat","embeddable":true,"href":"https:\/\/www.veneciacr.com\/index.php\/wp-json\/wp\/v2\/product_cat?post=89780"},{"taxonomy":"product_tag","embeddable":true,"href":"https:\/\/www.veneciacr.com\/index.php\/wp-json\/wp\/v2\/product_tag?post=89780"}],"curies":[{"name":"wp","href":"https:\/\/api.w.org\/{rel}","templated":true}]}}