{"id":89773,"date":"2026-04-21T02:47:53","date_gmt":"2026-04-21T08:47:53","guid":{"rendered":"https:\/\/www.veneciacr.com\/index.php\/producto\/regadera-plast-c-estaca-asp-p11x-truper-2\/"},"modified":"2026-04-21T02:47:54","modified_gmt":"2026-04-21T08:47:54","slug":"regadera-plast-con-estaca-aspro-11x-pretul","status":"publish","type":"product","link":"https:\/\/www.veneciacr.com\/index.php\/producto\/regadera-plast-con-estaca-aspro-11x-pretul\/","title":{"rendered":"REGADERA PLAST CON ESTACA ASPRO-11X PRETUL"},"content":{"rendered":"<p>Medida de estaca 19.5 cm<br \/>\nN\u00famero de v\u00edas 2<br \/>\nConexi\u00f3n 3\/4 &#8211; 11.5 NH<br \/>\n\u00c1rea de riego 360\u00b0<br \/>\nAlcance a presi\u00f3n m\u00e1x. 8 m<br \/>\nPeso 38 g<br \/>\nEmpaque Tarjeta<br \/>\nCARACTER\u00cdSTICAS<br \/>\nCuerpo fabricado en ABS y estaca fabricada en polipropileno<br \/>\nClip y retenes ajustables para regular el \u00e1rea de riego<br \/>\nAdaptador para conectarse en serie<br \/>\nFuncionamiento \u00f3ptimo con presi\u00f3n de 40 a 50 PSI<br \/>\nUSOS<br \/>\nJardiner\u00eda<\/p>\n","protected":false},"excerpt":{"rendered":"<p>Medida de estaca 19.5 cm N\u00famero de v\u00edas 2 Conexi\u00f3n 3\/4 &#8211; 11.5 NH \u00c1rea de riego 360\u00b0 Alcance a<\/p>\n","protected":false},"featured_media":89774,"comment_status":"closed","ping_status":"open","template":"","meta":[],"product_brand":[],"product_cat":[15],"product_tag":[],"class_list":{"0":"post-89773","1":"product","2":"type-product","3":"status-publish","4":"has-post-thumbnail","6":"product_cat-uncategorized","8":"first","9":"instock","10":"purchasable","11":"product-type-simple"},"jetpack_sharing_enabled":true,"_links":{"self":[{"href":"https:\/\/www.veneciacr.com\/index.php\/wp-json\/wp\/v2\/product\/89773","targetHints":{"allow":["GET"]}}],"collection":[{"href":"https:\/\/www.veneciacr.com\/index.php\/wp-json\/wp\/v2\/product"}],"about":[{"href":"https:\/\/www.veneciacr.com\/index.php\/wp-json\/wp\/v2\/types\/product"}],"replies":[{"embeddable":true,"href":"https:\/\/www.veneciacr.com\/index.php\/wp-json\/wp\/v2\/comments?post=89773"}],"wp:featuredmedia":[{"embeddable":true,"href":"https:\/\/www.veneciacr.com\/index.php\/wp-json\/wp\/v2\/media\/89774"}],"wp:attachment":[{"href":"https:\/\/www.veneciacr.com\/index.php\/wp-json\/wp\/v2\/media?parent=89773"}],"wp:term":[{"taxonomy":"product_brand","embeddable":true,"href":"https:\/\/www.veneciacr.com\/index.php\/wp-json\/wp\/v2\/product_brand?post=89773"},{"taxonomy":"product_cat","embeddable":true,"href":"https:\/\/www.veneciacr.com\/index.php\/wp-json\/wp\/v2\/product_cat?post=89773"},{"taxonomy":"product_tag","embeddable":true,"href":"https:\/\/www.veneciacr.com\/index.php\/wp-json\/wp\/v2\/product_tag?post=89773"}],"curies":[{"name":"wp","href":"https:\/\/api.w.org\/{rel}","templated":true}]}}