{"id":89721,"date":"2026-04-21T03:23:16","date_gmt":"2026-04-21T09:23:16","guid":{"rendered":"https:\/\/www.veneciacr.com\/index.php\/producto\/sellador-llantas-16oz-carro-10011-slime-586010\/"},"modified":"2026-04-21T03:23:19","modified_gmt":"2026-04-21T09:23:19","slug":"sellador-llantas-16oz-carro-10011-slime-586010","status":"publish","type":"product","link":"https:\/\/www.veneciacr.com\/index.php\/producto\/sellador-llantas-16oz-carro-10011-slime-586010\/","title":{"rendered":"SELLADOR LLANTAS 16OZ CARRO 10011 SLIME 586010"},"content":{"rendered":"<p><strong><span dir=\"auto\">\u00a1No m\u00e1s pinchazos! El Sellador de Neum\u00e1ticos de Emergencia<\/span><\/strong><span dir=\"auto\">\u00a0Slime\u00a0\u00a0\u00a0localiza y sella al instante los pinchazos en la banda de rodadura de neum\u00e1ticos de hasta 6 mm (1\/4&#8243;). Inst\u00e1lelo en cualquier veh\u00edculo\u00a0<\/span><strong><span dir=\"auto\">de carretera<\/span><\/strong><span dir=\"auto\">\u00a0(incluyendo autos, camionetas, SUV, casas rodantes, remolques y muchos m\u00e1s) cuando sufra un\u00a0<\/span><strong><span dir=\"auto\">pinchazo de emergencia<\/span><\/strong><span dir=\"auto\">\u00a0para volver a la carretera de forma r\u00e1pida y segura.<\/span><\/p>\n<ul>\n<li><span dir=\"auto\">Sella instant\u00e1neamente perforaciones de hasta 1\/4&#8243; (6 mm)<\/span><\/li>\n<li><span dir=\"auto\">No se necesitan gatos ni herramientas<\/span><\/li>\n<li><span dir=\"auto\">Seguro y f\u00e1cil<\/span><\/li>\n<li><span dir=\"auto\">Ideal para usar en caso de emergencia.\u00a0<\/span><\/li>\n<li><span dir=\"auto\">TPMS seguro<\/span><\/li>\n<\/ul>\n<p><span dir=\"auto\">Cuando se produce un pinchazo, el sellador patentado de Slime se dirige directamente a la fuente. La presi\u00f3n del aire que escapa empuja las part\u00edculas hacia la abertura, donde se acumulan y se entrelazan para formar un tap\u00f3n flexible y duradero. Al instante, se bloquea la p\u00e9rdida de aire y se previene un pinchazo.<\/span><\/p>\n<ul>\n<li><span dir=\"auto\">\u00a1Solo para\u00a0<\/span><strong><span dir=\"auto\">uso en emergencias<\/span><\/strong><span dir=\"auto\">\u00a0! El sellador de neum\u00e1ticos de emergencia Slime est\u00e1 dise\u00f1ado como una f\u00f3rmula temporal en veh\u00edculos de pasajeros y debe retirarse en un plazo de 3 d\u00edas o 160 km.<\/span><\/li>\n<li><span dir=\"auto\">No t\u00f3xico, no peligroso, no inflamable y no corrosivo, lo que lo hace seguro para ruedas de metal terminadas.<\/span><\/li>\n<li><span dir=\"auto\">Respetuoso con el medio ambiente y se limpia con agua.<\/span><\/li>\n<li><span dir=\"auto\">Eficaz en las temperaturas m\u00e1s extremas: punto de congelaci\u00f3n bajo de 14 \u00b0F (-10 \u00b0C) y un punto de separaci\u00f3n alto de 122 \u00b0F (50 \u00b0C)<\/span><\/li>\n<li><span dir=\"auto\">Utiliza tecnolog\u00eda Fibro-Seal<\/span><\/li>\n<li><span dir=\"auto\">Herramienta de extracci\u00f3n del n\u00facleo de la v\u00e1lvula incluida en la tapa de la botella.<\/span><\/li>\n<li><span dir=\"auto\">Requiere aire\u00a0<\/span><\/li>\n<\/ul>\n","protected":false},"excerpt":{"rendered":"<p>\u00a1No m\u00e1s pinchazos! El Sellador de Neum\u00e1ticos de Emergencia\u00a0Slime\u00a0\u00a0\u00a0localiza y sella al instante los pinchazos en la banda de rodadura<\/p>\n","protected":false},"featured_media":97843,"comment_status":"closed","ping_status":"open","template":"","meta":[],"product_brand":[],"product_cat":[15],"product_tag":[],"class_list":{"0":"post-89721","1":"product","2":"type-product","3":"status-publish","4":"has-post-thumbnail","6":"product_cat-uncategorized","8":"first","9":"instock","10":"purchasable","11":"product-type-simple"},"jetpack_sharing_enabled":true,"_links":{"self":[{"href":"https:\/\/www.veneciacr.com\/index.php\/wp-json\/wp\/v2\/product\/89721","targetHints":{"allow":["GET"]}}],"collection":[{"href":"https:\/\/www.veneciacr.com\/index.php\/wp-json\/wp\/v2\/product"}],"about":[{"href":"https:\/\/www.veneciacr.com\/index.php\/wp-json\/wp\/v2\/types\/product"}],"replies":[{"embeddable":true,"href":"https:\/\/www.veneciacr.com\/index.php\/wp-json\/wp\/v2\/comments?post=89721"}],"wp:featuredmedia":[{"embeddable":true,"href":"https:\/\/www.veneciacr.com\/index.php\/wp-json\/wp\/v2\/media\/97843"}],"wp:attachment":[{"href":"https:\/\/www.veneciacr.com\/index.php\/wp-json\/wp\/v2\/media?parent=89721"}],"wp:term":[{"taxonomy":"product_brand","embeddable":true,"href":"https:\/\/www.veneciacr.com\/index.php\/wp-json\/wp\/v2\/product_brand?post=89721"},{"taxonomy":"product_cat","embeddable":true,"href":"https:\/\/www.veneciacr.com\/index.php\/wp-json\/wp\/v2\/product_cat?post=89721"},{"taxonomy":"product_tag","embeddable":true,"href":"https:\/\/www.veneciacr.com\/index.php\/wp-json\/wp\/v2\/product_tag?post=89721"}],"curies":[{"name":"wp","href":"https:\/\/api.w.org\/{rel}","templated":true}]}}