{"id":89605,"date":"2026-04-21T02:50:24","date_gmt":"2026-04-21T08:50:24","guid":{"rendered":"https:\/\/www.veneciacr.com\/index.php\/producto\/cinta-antideslizante-gris-2-x-5m-ciah-25g-truper\/"},"modified":"2026-04-21T02:50:26","modified_gmt":"2026-04-21T08:50:26","slug":"cinta-antideslizante-gris-2-x-5m-ciah-25g-truper","status":"publish","type":"product","link":"https:\/\/www.veneciacr.com\/index.php\/producto\/cinta-antideslizante-gris-2-x-5m-ciah-25g-truper\/","title":{"rendered":"CINTA ANTIDESLIZANTE GRIS 2&#8243; X 5M CIAH-25G TRUPER"},"content":{"rendered":"<p>Rollo de 5 m cinta antiderrapante 50mm gris p\/\u00e1reas h\u00famedas<br \/>\nCinta de pol\u00edmero texturizado, sin abrasivo<br \/>\nAdhesivo de caucho sint\u00e9tico, resistente al agua y al deslizamiento<br \/>\nUso general sin calzado<br \/>\nIdeal para entornos h\u00famedos en interiores y exteriores<br \/>\nRecomendado para piscinas y similares<\/p>\n<p>Especificaciones<br \/>\nColor Gris<br \/>\nAncho 50 mm (2&#8243;)<br \/>\nLargo 5 m<br \/>\nEmpaque individual caja<\/p>\n","protected":false},"excerpt":{"rendered":"<p>Rollo de 5 m cinta antiderrapante 50mm gris p\/\u00e1reas h\u00famedas Cinta de pol\u00edmero texturizado, sin abrasivo Adhesivo de caucho sint\u00e9tico,<\/p>\n","protected":false},"featured_media":89606,"comment_status":"closed","ping_status":"open","template":"","meta":[],"product_brand":[],"product_cat":[15],"product_tag":[],"class_list":{"0":"post-89605","1":"product","2":"type-product","3":"status-publish","4":"has-post-thumbnail","6":"product_cat-uncategorized","8":"first","9":"instock","10":"purchasable","11":"product-type-simple"},"jetpack_sharing_enabled":true,"_links":{"self":[{"href":"https:\/\/www.veneciacr.com\/index.php\/wp-json\/wp\/v2\/product\/89605","targetHints":{"allow":["GET"]}}],"collection":[{"href":"https:\/\/www.veneciacr.com\/index.php\/wp-json\/wp\/v2\/product"}],"about":[{"href":"https:\/\/www.veneciacr.com\/index.php\/wp-json\/wp\/v2\/types\/product"}],"replies":[{"embeddable":true,"href":"https:\/\/www.veneciacr.com\/index.php\/wp-json\/wp\/v2\/comments?post=89605"}],"wp:featuredmedia":[{"embeddable":true,"href":"https:\/\/www.veneciacr.com\/index.php\/wp-json\/wp\/v2\/media\/89606"}],"wp:attachment":[{"href":"https:\/\/www.veneciacr.com\/index.php\/wp-json\/wp\/v2\/media?parent=89605"}],"wp:term":[{"taxonomy":"product_brand","embeddable":true,"href":"https:\/\/www.veneciacr.com\/index.php\/wp-json\/wp\/v2\/product_brand?post=89605"},{"taxonomy":"product_cat","embeddable":true,"href":"https:\/\/www.veneciacr.com\/index.php\/wp-json\/wp\/v2\/product_cat?post=89605"},{"taxonomy":"product_tag","embeddable":true,"href":"https:\/\/www.veneciacr.com\/index.php\/wp-json\/wp\/v2\/product_tag?post=89605"}],"curies":[{"name":"wp","href":"https:\/\/api.w.org\/{rel}","templated":true}]}}