{"id":89603,"date":"2026-04-26T01:58:27","date_gmt":"2026-04-26T07:58:27","guid":{"rendered":"https:\/\/www.veneciacr.com\/index.php\/producto\/spray-grasa-litio-blanco-300g-wt-300gl-truper\/"},"modified":"2026-04-26T01:58:27","modified_gmt":"2026-04-26T07:58:27","slug":"spray-grasa-litio-blanco-300g-wt-300gl-truper","status":"publish","type":"product","link":"https:\/\/www.veneciacr.com\/index.php\/producto\/spray-grasa-litio-blanco-300g-wt-300gl-truper\/","title":{"rendered":"SPRAY GRASA LITIO BLANCO 300G WT-300GL TRUPER"},"content":{"rendered":"<p>Grasa blanca de litio en aerosol 295 ml, Truper<br \/>\nDeja una barrera inhibidora de \u00f3xido para protecci\u00f3n contra la corrosi\u00f3n<br \/>\nLubrica en lugares de dif\u00edcil acceso y todo tipo de superficies met\u00e1licas, no gotea y tiene fuerte adherencia<br \/>\nAlta estabilidad mec\u00e1nica, resistencia a temperaturas elevadas<br \/>\nF\u00f3rmula de larga duraci\u00f3n, no gotea y permanece adherida a las superficies sobre las que se aplica<br \/>\nAlta resistencia al agua, corrosi\u00f3n y herrumbre<\/p>\n<p>Especificaciones<br \/>\nContenido 295 ml (10 oz)<br \/>\nTemperatura de operaci\u00f3n -15\u00b0C a 170\u00b0C<br \/>\nEmpaque individual Lata<\/p>\n","protected":false},"excerpt":{"rendered":"<p>Grasa blanca de litio en aerosol 295 ml, Truper Deja una barrera inhibidora de \u00f3xido para protecci\u00f3n contra la corrosi\u00f3n<\/p>\n","protected":false},"featured_media":89604,"comment_status":"closed","ping_status":"open","template":"","meta":[],"product_brand":[],"product_cat":[15],"product_tag":[],"class_list":{"0":"post-89603","1":"product","2":"type-product","3":"status-publish","4":"has-post-thumbnail","6":"product_cat-uncategorized","8":"first","9":"instock","10":"purchasable","11":"product-type-simple"},"jetpack_sharing_enabled":true,"_links":{"self":[{"href":"https:\/\/www.veneciacr.com\/index.php\/wp-json\/wp\/v2\/product\/89603","targetHints":{"allow":["GET"]}}],"collection":[{"href":"https:\/\/www.veneciacr.com\/index.php\/wp-json\/wp\/v2\/product"}],"about":[{"href":"https:\/\/www.veneciacr.com\/index.php\/wp-json\/wp\/v2\/types\/product"}],"replies":[{"embeddable":true,"href":"https:\/\/www.veneciacr.com\/index.php\/wp-json\/wp\/v2\/comments?post=89603"}],"wp:featuredmedia":[{"embeddable":true,"href":"https:\/\/www.veneciacr.com\/index.php\/wp-json\/wp\/v2\/media\/89604"}],"wp:attachment":[{"href":"https:\/\/www.veneciacr.com\/index.php\/wp-json\/wp\/v2\/media?parent=89603"}],"wp:term":[{"taxonomy":"product_brand","embeddable":true,"href":"https:\/\/www.veneciacr.com\/index.php\/wp-json\/wp\/v2\/product_brand?post=89603"},{"taxonomy":"product_cat","embeddable":true,"href":"https:\/\/www.veneciacr.com\/index.php\/wp-json\/wp\/v2\/product_cat?post=89603"},{"taxonomy":"product_tag","embeddable":true,"href":"https:\/\/www.veneciacr.com\/index.php\/wp-json\/wp\/v2\/product_tag?post=89603"}],"curies":[{"name":"wp","href":"https:\/\/api.w.org\/{rel}","templated":true}]}}