{"id":89592,"date":"2026-04-21T02:50:30","date_gmt":"2026-04-21T08:50:30","guid":{"rendered":"https:\/\/www.veneciacr.com\/index.php\/producto\/bomba-agua-1-elect-3-4-hp-560w-boap-3-4-truper\/"},"modified":"2026-04-21T02:50:32","modified_gmt":"2026-04-21T08:50:32","slug":"bomba-agua-1-elect-3-4-hp-560w-boap-3-4-truper","status":"publish","type":"product","link":"https:\/\/www.veneciacr.com\/index.php\/producto\/bomba-agua-1-elect-3-4-hp-560w-boap-3-4-truper\/","title":{"rendered":"BOMBA AGUA 1&#8243; ELECT 3\/4 HP 560W BOAP-3\/4 TRUPER"},"content":{"rendered":"<p>ESPECIFICACIONES<br \/>\nPotencia 3\/4 HP (560W)<br \/>\nTensi\u00f3n 120 V<br \/>\nFrecuencia 60 Hz<br \/>\nCorriente 7.6 A<br \/>\nVelocidad 3,450 rpm<br \/>\nAltura m\u00e1xima 65 m<br \/>\nM\u00e1xima profundidad 7 m<br \/>\nDi\u00e1metro de entrada 1 NPT<br \/>\nDi\u00e1metro de salida 1 NPT<br \/>\nEmpaque Caja<\/p>\n<p>CARACTER\u00cdSTICAS<br \/>\nMotor el\u00e9ctrico as\u00edncrono monof\u00e1sico, silencioso, cerrado, tipo europeo<br \/>\nCapacitor de trabajo continuo<br \/>\nProtector t\u00e9rmico<br \/>\nImpulsor de lat\u00f3n de alta presi\u00f3n<\/p>\n<p>USOS<br \/>\nAgr\u00edcola, para agua limpia exclusivamente<\/p>\n<p>CUIDADOS<br \/>\nSoporta 50 minutos de trabajo por 20 minutos de descanso. M\u00e1ximo diario 6 horas<\/p>\n","protected":false},"excerpt":{"rendered":"<p>ESPECIFICACIONES Potencia 3\/4 HP (560W) Tensi\u00f3n 120 V Frecuencia 60 Hz Corriente 7.6 A Velocidad 3,450 rpm Altura m\u00e1xima 65<\/p>\n","protected":false},"featured_media":89593,"comment_status":"closed","ping_status":"open","template":"","meta":[],"product_brand":[],"product_cat":[15],"product_tag":[],"class_list":{"0":"post-89592","1":"product","2":"type-product","3":"status-publish","4":"has-post-thumbnail","6":"product_cat-uncategorized","8":"first","9":"instock","10":"purchasable","11":"product-type-simple"},"jetpack_sharing_enabled":true,"_links":{"self":[{"href":"https:\/\/www.veneciacr.com\/index.php\/wp-json\/wp\/v2\/product\/89592","targetHints":{"allow":["GET"]}}],"collection":[{"href":"https:\/\/www.veneciacr.com\/index.php\/wp-json\/wp\/v2\/product"}],"about":[{"href":"https:\/\/www.veneciacr.com\/index.php\/wp-json\/wp\/v2\/types\/product"}],"replies":[{"embeddable":true,"href":"https:\/\/www.veneciacr.com\/index.php\/wp-json\/wp\/v2\/comments?post=89592"}],"wp:featuredmedia":[{"embeddable":true,"href":"https:\/\/www.veneciacr.com\/index.php\/wp-json\/wp\/v2\/media\/89593"}],"wp:attachment":[{"href":"https:\/\/www.veneciacr.com\/index.php\/wp-json\/wp\/v2\/media?parent=89592"}],"wp:term":[{"taxonomy":"product_brand","embeddable":true,"href":"https:\/\/www.veneciacr.com\/index.php\/wp-json\/wp\/v2\/product_brand?post=89592"},{"taxonomy":"product_cat","embeddable":true,"href":"https:\/\/www.veneciacr.com\/index.php\/wp-json\/wp\/v2\/product_cat?post=89592"},{"taxonomy":"product_tag","embeddable":true,"href":"https:\/\/www.veneciacr.com\/index.php\/wp-json\/wp\/v2\/product_tag?post=89592"}],"curies":[{"name":"wp","href":"https:\/\/api.w.org\/{rel}","templated":true}]}}