{"id":89459,"date":"2026-04-22T01:55:14","date_gmt":"2026-04-22T07:55:14","guid":{"rendered":"https:\/\/www.veneciacr.com\/index.php\/producto\/herraje-d-80-porton-con-freno-dn-80cf-ducasse\/"},"modified":"2026-04-22T01:55:15","modified_gmt":"2026-04-22T07:55:15","slug":"herraje-d-80-porton-con-freno-dn-80cf-ducasse","status":"publish","type":"product","link":"https:\/\/www.veneciacr.com\/index.php\/producto\/herraje-d-80-porton-con-freno-dn-80cf-ducasse\/","title":{"rendered":"HERRAJE D-80 PORTON CON FRENO DN-80CF DUCASSE"},"content":{"rendered":"<p>HERRAJE D-80 PORTON CON FRENO DN-80CF DUCASSE<\/p>\n<p>Sistema corredizo colgante para puertas de paso de madera desde 51kgs hasta 80kgs, de montaje frontal. Rodamiento de gama Premium. Freno incorporado evita el rebote de las puertas y entrega un cierre \u00f3ptimo. Deslizamiento suave con un m\u00ednimo esfuerzo, tanto para la apertura como el cierre de la hoja. Desplazamiento silencioso, gracias a la combinaci\u00f3n de riel de aluminio y rodamientos Premium con pista rectificada recubiertos en nylon.<\/p>\n<p>Usos<br \/>\nPUERTAS DE PASO<\/p>\n<p>Material<br \/>\nMETAL<\/p>\n<p>Capacidad de Carga<br \/>\n50 \u2013 80 KILOS POR HOJA<\/p>\n<p>Cantidad de Puertas<br \/>\n50 \u2013 80 KILOS POR HOJA<\/p>\n<p>Montaje Puerta<br \/>\nDENTRO Y FUERA DE VANO<\/p>\n<p>Montaje Carro<br \/>\nCOLGANTE<\/p>\n<p>Espesor de Puerta<br \/>\n&gt;20mm<\/p>\n<p>Material de Puerta<br \/>\nMADERA \/ METAL<\/p>\n<p>Categor\u00eda Rodamiento<br \/>\nPREMIUM<\/p>\n","protected":false},"excerpt":{"rendered":"<p>HERRAJE D-80 PORTON CON FRENO DN-80CF DUCASSE Sistema corredizo colgante para puertas de paso de madera desde 51kgs hasta 80kgs,<\/p>\n","protected":false},"featured_media":89460,"comment_status":"closed","ping_status":"open","template":"","meta":[],"product_brand":[],"product_cat":[15],"product_tag":[],"class_list":{"0":"post-89459","1":"product","2":"type-product","3":"status-publish","4":"has-post-thumbnail","6":"product_cat-uncategorized","8":"first","9":"instock","10":"purchasable","11":"product-type-simple"},"jetpack_sharing_enabled":true,"_links":{"self":[{"href":"https:\/\/www.veneciacr.com\/index.php\/wp-json\/wp\/v2\/product\/89459","targetHints":{"allow":["GET"]}}],"collection":[{"href":"https:\/\/www.veneciacr.com\/index.php\/wp-json\/wp\/v2\/product"}],"about":[{"href":"https:\/\/www.veneciacr.com\/index.php\/wp-json\/wp\/v2\/types\/product"}],"replies":[{"embeddable":true,"href":"https:\/\/www.veneciacr.com\/index.php\/wp-json\/wp\/v2\/comments?post=89459"}],"wp:featuredmedia":[{"embeddable":true,"href":"https:\/\/www.veneciacr.com\/index.php\/wp-json\/wp\/v2\/media\/89460"}],"wp:attachment":[{"href":"https:\/\/www.veneciacr.com\/index.php\/wp-json\/wp\/v2\/media?parent=89459"}],"wp:term":[{"taxonomy":"product_brand","embeddable":true,"href":"https:\/\/www.veneciacr.com\/index.php\/wp-json\/wp\/v2\/product_brand?post=89459"},{"taxonomy":"product_cat","embeddable":true,"href":"https:\/\/www.veneciacr.com\/index.php\/wp-json\/wp\/v2\/product_cat?post=89459"},{"taxonomy":"product_tag","embeddable":true,"href":"https:\/\/www.veneciacr.com\/index.php\/wp-json\/wp\/v2\/product_tag?post=89459"}],"curies":[{"name":"wp","href":"https:\/\/api.w.org\/{rel}","templated":true}]}}