{"id":89364,"date":"2026-04-22T01:55:17","date_gmt":"2026-04-22T07:55:17","guid":{"rendered":"https:\/\/www.veneciacr.com\/index.php\/producto\/repuesto-lampara-uv-detect-billete-4w-rep-dbf-6-voltech\/"},"modified":"2026-04-22T01:55:17","modified_gmt":"2026-04-22T07:55:17","slug":"repuesto-lampara-uv-detect-billete-4w-rep-dbf-6-volteck","status":"publish","type":"product","link":"https:\/\/www.veneciacr.com\/index.php\/producto\/repuesto-lampara-uv-detect-billete-4w-rep-dbf-6-volteck\/","title":{"rendered":"REPUESTO LAMPARA UV DETECT BILLETE 4W REP-DBF-6 VOLTECK"},"content":{"rendered":"<p>Luz UV<\/p>\n<p>ESPECIFICACIONES<br \/>\nPotencia 4 W<br \/>\nTensi\u00f3n 120 V<br \/>\nCorriente 0,065 A<br \/>\nFrecuencia 60 Hz<br \/>\nDi\u00e1metro de la l\u00e1mpara T5<\/p>\n","protected":false},"excerpt":{"rendered":"<p>Luz UV ESPECIFICACIONES Potencia 4 W Tensi\u00f3n 120 V Corriente 0,065 A Frecuencia 60 Hz Di\u00e1metro de la l\u00e1mpara T5<\/p>\n","protected":false},"featured_media":89365,"comment_status":"closed","ping_status":"open","template":"","meta":[],"product_brand":[],"product_cat":[15],"product_tag":[],"class_list":{"0":"post-89364","1":"product","2":"type-product","3":"status-publish","4":"has-post-thumbnail","6":"product_cat-uncategorized","8":"first","9":"outofstock","10":"purchasable","11":"product-type-simple"},"jetpack_sharing_enabled":true,"_links":{"self":[{"href":"https:\/\/www.veneciacr.com\/index.php\/wp-json\/wp\/v2\/product\/89364","targetHints":{"allow":["GET"]}}],"collection":[{"href":"https:\/\/www.veneciacr.com\/index.php\/wp-json\/wp\/v2\/product"}],"about":[{"href":"https:\/\/www.veneciacr.com\/index.php\/wp-json\/wp\/v2\/types\/product"}],"replies":[{"embeddable":true,"href":"https:\/\/www.veneciacr.com\/index.php\/wp-json\/wp\/v2\/comments?post=89364"}],"wp:featuredmedia":[{"embeddable":true,"href":"https:\/\/www.veneciacr.com\/index.php\/wp-json\/wp\/v2\/media\/89365"}],"wp:attachment":[{"href":"https:\/\/www.veneciacr.com\/index.php\/wp-json\/wp\/v2\/media?parent=89364"}],"wp:term":[{"taxonomy":"product_brand","embeddable":true,"href":"https:\/\/www.veneciacr.com\/index.php\/wp-json\/wp\/v2\/product_brand?post=89364"},{"taxonomy":"product_cat","embeddable":true,"href":"https:\/\/www.veneciacr.com\/index.php\/wp-json\/wp\/v2\/product_cat?post=89364"},{"taxonomy":"product_tag","embeddable":true,"href":"https:\/\/www.veneciacr.com\/index.php\/wp-json\/wp\/v2\/product_tag?post=89364"}],"curies":[{"name":"wp","href":"https:\/\/api.w.org\/{rel}","templated":true}]}}