{"id":89349,"date":"2026-04-21T02:51:10","date_gmt":"2026-04-21T08:51:10","guid":{"rendered":"https:\/\/www.veneciacr.com\/index.php\/producto\/inversor-corriente-750w-inco-750-truper\/"},"modified":"2026-04-21T02:51:13","modified_gmt":"2026-04-21T08:51:13","slug":"inversor-corriente-750w-inco-750-truper","status":"publish","type":"product","link":"https:\/\/www.veneciacr.com\/index.php\/producto\/inversor-corriente-750w-inco-750-truper\/","title":{"rendered":"INVERSOR CORRIENTE 750W INCO-750 TRUPER"},"content":{"rendered":"<p>CARACTER\u00cdSTICAS<br \/>\nConvierte la corriente del veh\u00edculo de 12 V c.c. a 120 V c.a.<br \/>\nFusible externo para f\u00e1cil reemplazo<br \/>\nAlimenta y recarga computadoras port\u00e1tiles, y equipo electr\u00f3nico<br \/>\n2 Puertos USB Salida m\u00e1xima: 3.1 A<\/p>\n<p>NORMA<br \/>\nCumple la norma: NOM-001-SCFI<\/p>\n<p>ESPECIFICACIONES<br \/>\nPotencia: 750 W<br \/>\nConsumo: 75 A<\/p>\n","protected":false},"excerpt":{"rendered":"<p>CARACTER\u00cdSTICAS Convierte la corriente del veh\u00edculo de 12 V c.c. a 120 V c.a. Fusible externo para f\u00e1cil reemplazo Alimenta<\/p>\n","protected":false},"featured_media":89350,"comment_status":"closed","ping_status":"open","template":"","meta":[],"product_brand":[],"product_cat":[15],"product_tag":[],"class_list":{"0":"post-89349","1":"product","2":"type-product","3":"status-publish","4":"has-post-thumbnail","6":"product_cat-uncategorized","8":"first","9":"instock","10":"purchasable","11":"product-type-simple"},"jetpack_sharing_enabled":true,"_links":{"self":[{"href":"https:\/\/www.veneciacr.com\/index.php\/wp-json\/wp\/v2\/product\/89349","targetHints":{"allow":["GET"]}}],"collection":[{"href":"https:\/\/www.veneciacr.com\/index.php\/wp-json\/wp\/v2\/product"}],"about":[{"href":"https:\/\/www.veneciacr.com\/index.php\/wp-json\/wp\/v2\/types\/product"}],"replies":[{"embeddable":true,"href":"https:\/\/www.veneciacr.com\/index.php\/wp-json\/wp\/v2\/comments?post=89349"}],"wp:featuredmedia":[{"embeddable":true,"href":"https:\/\/www.veneciacr.com\/index.php\/wp-json\/wp\/v2\/media\/89350"}],"wp:attachment":[{"href":"https:\/\/www.veneciacr.com\/index.php\/wp-json\/wp\/v2\/media?parent=89349"}],"wp:term":[{"taxonomy":"product_brand","embeddable":true,"href":"https:\/\/www.veneciacr.com\/index.php\/wp-json\/wp\/v2\/product_brand?post=89349"},{"taxonomy":"product_cat","embeddable":true,"href":"https:\/\/www.veneciacr.com\/index.php\/wp-json\/wp\/v2\/product_cat?post=89349"},{"taxonomy":"product_tag","embeddable":true,"href":"https:\/\/www.veneciacr.com\/index.php\/wp-json\/wp\/v2\/product_tag?post=89349"}],"curies":[{"name":"wp","href":"https:\/\/api.w.org\/{rel}","templated":true}]}}