{"id":89268,"date":"2026-04-21T02:51:22","date_gmt":"2026-04-21T08:51:22","guid":{"rendered":"https:\/\/www.veneciacr.com\/index.php\/producto\/valvula-descarga-3-p-b6031-coflex\/"},"modified":"2026-04-21T02:51:23","modified_gmt":"2026-04-21T08:51:23","slug":"valvula-descarga-3-p-b6031-coflex","status":"publish","type":"product","link":"https:\/\/www.veneciacr.com\/index.php\/producto\/valvula-descarga-3-p-b6031-coflex\/","title":{"rendered":"VALVULA DESCARGA 3&#8243; P-B6031 COFLEX"},"content":{"rendered":"<p>F\u00e1cil de instalar e incluye pera de descarga r\u00edgida con sello suave para una mayor durabilidad. Adem\u00e1s es resistente al agua dura<br \/>\nPara Sanitarios de dos piezas<\/p>\n","protected":false},"excerpt":{"rendered":"<p>F\u00e1cil de instalar e incluye pera de descarga r\u00edgida con sello suave para una mayor durabilidad. Adem\u00e1s es resistente al<\/p>\n","protected":false},"featured_media":89269,"comment_status":"closed","ping_status":"open","template":"","meta":[],"product_brand":[],"product_cat":[29],"product_tag":[],"class_list":{"0":"post-89268","1":"product","2":"type-product","3":"status-publish","4":"has-post-thumbnail","6":"product_cat-plomeria","8":"first","9":"instock","10":"purchasable","11":"product-type-simple"},"jetpack_sharing_enabled":true,"_links":{"self":[{"href":"https:\/\/www.veneciacr.com\/index.php\/wp-json\/wp\/v2\/product\/89268","targetHints":{"allow":["GET"]}}],"collection":[{"href":"https:\/\/www.veneciacr.com\/index.php\/wp-json\/wp\/v2\/product"}],"about":[{"href":"https:\/\/www.veneciacr.com\/index.php\/wp-json\/wp\/v2\/types\/product"}],"replies":[{"embeddable":true,"href":"https:\/\/www.veneciacr.com\/index.php\/wp-json\/wp\/v2\/comments?post=89268"}],"wp:featuredmedia":[{"embeddable":true,"href":"https:\/\/www.veneciacr.com\/index.php\/wp-json\/wp\/v2\/media\/89269"}],"wp:attachment":[{"href":"https:\/\/www.veneciacr.com\/index.php\/wp-json\/wp\/v2\/media?parent=89268"}],"wp:term":[{"taxonomy":"product_brand","embeddable":true,"href":"https:\/\/www.veneciacr.com\/index.php\/wp-json\/wp\/v2\/product_brand?post=89268"},{"taxonomy":"product_cat","embeddable":true,"href":"https:\/\/www.veneciacr.com\/index.php\/wp-json\/wp\/v2\/product_cat?post=89268"},{"taxonomy":"product_tag","embeddable":true,"href":"https:\/\/www.veneciacr.com\/index.php\/wp-json\/wp\/v2\/product_tag?post=89268"}],"curies":[{"name":"wp","href":"https:\/\/api.w.org\/{rel}","templated":true}]}}