{"id":89079,"date":"2026-04-21T03:03:25","date_gmt":"2026-04-21T09:03:25","guid":{"rendered":"https:\/\/www.veneciacr.com\/index.php\/producto\/masking-tape-2-x-30m-50248-tolsen\/"},"modified":"2026-04-21T03:03:26","modified_gmt":"2026-04-21T09:03:26","slug":"masking-tape-2-x-30m-50248-tolsen","status":"publish","type":"product","link":"https:\/\/www.veneciacr.com\/index.php\/producto\/masking-tape-2-x-30m-50248-tolsen\/","title":{"rendered":"MASKING TAPE 2&#8243; X 30M 50248 TOLSEN"},"content":{"rendered":"<p><span dir=\"auto\">Con excelente resistencia al calor, pegado r\u00e1pido, f\u00e1cil de despegar y retirar, ideal para escribir c\u00f3modamente, suave y delicado.<\/span><br \/>\n<span dir=\"auto\">\u2022 No deja residuos al retirarlo.<\/span><br \/>\n<span dir=\"auto\">\u2022 Ideal para protecci\u00f3n de superficies, pulverizaci\u00f3n de polvo, acabado horneado y aplicaci\u00f3n de enmascaramiento de pintura.<\/span><br \/>\n<span dir=\"auto\">\u2022 Empaque: retractilado con papel de color.<\/span><\/p>\n<table>\n<tbody>\n<tr>\n<td><span dir=\"auto\">N\u00daMERO DE STOCK<\/span><\/td>\n<td><span dir=\"auto\">TAMA\u00d1O<\/span><\/td>\n<td><\/td>\n<\/tr>\n<tr>\n<td><\/td>\n<td><\/td>\n<td><\/td>\n<\/tr>\n<tr>\n<td><\/td>\n<td><\/td>\n<td><\/td>\n<\/tr>\n<tr>\n<td><\/td>\n<td><\/td>\n<td><\/td>\n<\/tr>\n<tr>\n<td><span dir=\"auto\">50248<\/span><\/td>\n<td><span dir=\"auto\">48 mm x 30 m<\/span><br \/>\n<span dir=\"auto\">1,88\u2033 x 32,8 yardas<\/span><\/td>\n<td><\/td>\n<\/tr>\n<\/tbody>\n<\/table>\n","protected":false},"excerpt":{"rendered":"<p>Con excelente resistencia al calor, pegado r\u00e1pido, f\u00e1cil de despegar y retirar, ideal para escribir c\u00f3modamente, suave y delicado. \u2022<\/p>\n","protected":false},"featured_media":89080,"comment_status":"closed","ping_status":"open","template":"","meta":[],"product_brand":[],"product_cat":[15],"product_tag":[],"class_list":{"0":"post-89079","1":"product","2":"type-product","3":"status-publish","4":"has-post-thumbnail","6":"product_cat-uncategorized","8":"first","9":"outofstock","10":"purchasable","11":"product-type-simple"},"jetpack_sharing_enabled":true,"_links":{"self":[{"href":"https:\/\/www.veneciacr.com\/index.php\/wp-json\/wp\/v2\/product\/89079","targetHints":{"allow":["GET"]}}],"collection":[{"href":"https:\/\/www.veneciacr.com\/index.php\/wp-json\/wp\/v2\/product"}],"about":[{"href":"https:\/\/www.veneciacr.com\/index.php\/wp-json\/wp\/v2\/types\/product"}],"replies":[{"embeddable":true,"href":"https:\/\/www.veneciacr.com\/index.php\/wp-json\/wp\/v2\/comments?post=89079"}],"wp:featuredmedia":[{"embeddable":true,"href":"https:\/\/www.veneciacr.com\/index.php\/wp-json\/wp\/v2\/media\/89080"}],"wp:attachment":[{"href":"https:\/\/www.veneciacr.com\/index.php\/wp-json\/wp\/v2\/media?parent=89079"}],"wp:term":[{"taxonomy":"product_brand","embeddable":true,"href":"https:\/\/www.veneciacr.com\/index.php\/wp-json\/wp\/v2\/product_brand?post=89079"},{"taxonomy":"product_cat","embeddable":true,"href":"https:\/\/www.veneciacr.com\/index.php\/wp-json\/wp\/v2\/product_cat?post=89079"},{"taxonomy":"product_tag","embeddable":true,"href":"https:\/\/www.veneciacr.com\/index.php\/wp-json\/wp\/v2\/product_tag?post=89079"}],"curies":[{"name":"wp","href":"https:\/\/api.w.org\/{rel}","templated":true}]}}