{"id":8905,"date":"2026-04-21T04:07:33","date_gmt":"2026-04-21T10:07:33","guid":{"rendered":"https:\/\/www.veneciacr.com\/index.php\/product\/butaco-grande-ii-azul-5210-rimax\/"},"modified":"2026-04-21T04:07:36","modified_gmt":"2026-04-21T10:07:36","slug":"butaco-grande-ii-azul-5210-rimax","status":"publish","type":"product","link":"https:\/\/www.veneciacr.com\/index.php\/producto\/butaco-grande-ii-azul-5210-rimax\/","title":{"rendered":"BUTACO GRANDE II AZUL 5210 RIMAX"},"content":{"rendered":"<p>El butaco de pl\u00e1stico es una opci\u00f3n de asiento para los diferentes espacios en el hogar, como el bar, el jard\u00edn, la cocina o en el trabajo, su estilo permite m\u00faltiples opciones para la decoraci\u00f3n. El peso ligero hace que sea f\u00e1cil de levantar, mover y apilar, lo que permite ahorrar espacio.<br \/>\nBeneficios<\/p>\n<p>F\u00e1cil de limpiar.<\/p>\n<p>Con tac\u00f3n antideslizante.<\/p>\n<p>Soporta hasta 115kg repartidos de manera uniforme<\/p>\n<div class=\"item\">\n<div class=\"icon\"><img data-recalc-dims=\"1\" decoding=\"async\" src=\"https:\/\/i0.wp.com\/rimax.vtexassets.com\/assets\/vtex.file-manager-graphql\/images\/20a8ef09-4628-4f33-b089-c729712ac9d8___39f2ce4cc1b8a1a426714546da17640a.png?ssl=1\" \/><\/div>\n<div class=\"label\">Profundidad:<\/div>\n<div class=\"value\">36.8 cm<\/div>\n<\/div>\n<div class=\"item\">\n<div class=\"icon\"><img data-recalc-dims=\"1\" decoding=\"async\" src=\"https:\/\/i0.wp.com\/rimax.vtexassets.com\/assets\/vtex.file-manager-graphql\/images\/89140313-ba0e-4899-b87f-10c61acbb93b___a4ada81defda5ae003a1735777f25827.png?ssl=1\" \/><\/div>\n<div class=\"label\">Ancho:<\/div>\n<div class=\"value\">41.5 cm<\/div>\n<\/div>\n<div class=\"item\">\n<div class=\"icon\"><img data-recalc-dims=\"1\" decoding=\"async\" src=\"https:\/\/i0.wp.com\/rimax.vtexassets.com\/assets\/vtex.file-manager-graphql\/images\/95e69b5c-83a9-41cc-881b-57aab4313841___93373653fbc377fc8d2bec409e472a8e.png?ssl=1\" \/><\/div>\n<div class=\"label\">Altura:<\/div>\n<div class=\"value\">46.2 cm<\/div>\n<\/div>\n","protected":false},"excerpt":{"rendered":"<p>El butaco de pl\u00e1stico es una opci\u00f3n de asiento para los diferentes espacios en el hogar, como el bar, el<\/p>\n","protected":false},"featured_media":77218,"comment_status":"closed","ping_status":"open","template":"","meta":[],"product_brand":[],"product_cat":[131],"product_tag":[],"class_list":{"0":"post-8905","1":"product","2":"type-product","3":"status-publish","4":"has-post-thumbnail","6":"product_cat-hogar","8":"first","9":"instock","10":"purchasable","11":"product-type-simple"},"jetpack_sharing_enabled":true,"_links":{"self":[{"href":"https:\/\/www.veneciacr.com\/index.php\/wp-json\/wp\/v2\/product\/8905","targetHints":{"allow":["GET"]}}],"collection":[{"href":"https:\/\/www.veneciacr.com\/index.php\/wp-json\/wp\/v2\/product"}],"about":[{"href":"https:\/\/www.veneciacr.com\/index.php\/wp-json\/wp\/v2\/types\/product"}],"replies":[{"embeddable":true,"href":"https:\/\/www.veneciacr.com\/index.php\/wp-json\/wp\/v2\/comments?post=8905"}],"wp:featuredmedia":[{"embeddable":true,"href":"https:\/\/www.veneciacr.com\/index.php\/wp-json\/wp\/v2\/media\/77218"}],"wp:attachment":[{"href":"https:\/\/www.veneciacr.com\/index.php\/wp-json\/wp\/v2\/media?parent=8905"}],"wp:term":[{"taxonomy":"product_brand","embeddable":true,"href":"https:\/\/www.veneciacr.com\/index.php\/wp-json\/wp\/v2\/product_brand?post=8905"},{"taxonomy":"product_cat","embeddable":true,"href":"https:\/\/www.veneciacr.com\/index.php\/wp-json\/wp\/v2\/product_cat?post=8905"},{"taxonomy":"product_tag","embeddable":true,"href":"https:\/\/www.veneciacr.com\/index.php\/wp-json\/wp\/v2\/product_tag?post=8905"}],"curies":[{"name":"wp","href":"https:\/\/api.w.org\/{rel}","templated":true}]}}