{"id":89038,"date":"2026-04-22T01:55:21","date_gmt":"2026-04-22T07:55:21","guid":{"rendered":"https:\/\/www.veneciacr.com\/index.php\/producto\/cuerda-orilladora-c-filo-2-7-mm-15m-77657-tolsen\/"},"modified":"2026-04-22T01:55:22","modified_gmt":"2026-04-22T07:55:22","slug":"cuerda-orilladora-con-filo-2-7-mm-15m-77657-tolsen","status":"publish","type":"product","link":"https:\/\/www.veneciacr.com\/index.php\/producto\/cuerda-orilladora-con-filo-2-7-mm-15m-77657-tolsen\/","title":{"rendered":"CUERDA ORILLADORA CON FILO 2.7 MM 15M 77657 TOLSEN"},"content":{"rendered":"<p><span dir=\"auto\">Material: Nylon 6<\/span><br \/>\n<span dir=\"auto\">\u2022 Embalaje: cart\u00f3n<\/span><\/p>\n<table>\n<tbody>\n<tr>\n<td><span dir=\"auto\">N\u00daMERO DE STOCK<\/span><\/td>\n<td><span dir=\"auto\">COLOR<\/span><\/td>\n<td><span dir=\"auto\">TAMA\u00d1O<\/span><\/td>\n<td><\/td>\n<\/tr>\n<tr>\n<td><\/td>\n<td><\/td>\n<td><\/td>\n<td><\/td>\n<\/tr>\n<tr>\n<td><\/td>\n<td><\/td>\n<td><\/td>\n<td><\/td>\n<\/tr>\n<tr>\n<td><\/td>\n<td><\/td>\n<td><\/td>\n<td><\/td>\n<\/tr>\n<tr>\n<td><span dir=\"auto\">77657<\/span><\/td>\n<td><span dir=\"auto\">ROJO<\/span><\/td>\n<td><span dir=\"auto\">2,7 mm x 15 m \/<\/span><br \/>\n<span dir=\"auto\">0,105\u2033 x 50 pies<\/span><\/td>\n<td><\/td>\n<\/tr>\n<tr>\n<td><\/td>\n<td><\/td>\n<td><\/td>\n<td><\/td>\n<\/tr>\n<\/tbody>\n<\/table>\n","protected":false},"excerpt":{"rendered":"<p>Material: Nylon 6 \u2022 Embalaje: cart\u00f3n N\u00daMERO DE STOCK COLOR TAMA\u00d1O 77657 ROJO 2,7 mm x 15 m \/ 0,105\u2033<\/p>\n","protected":false},"featured_media":98518,"comment_status":"closed","ping_status":"open","template":"","meta":[],"product_brand":[],"product_cat":[15],"product_tag":[],"class_list":{"0":"post-89038","1":"product","2":"type-product","3":"status-publish","4":"has-post-thumbnail","6":"product_cat-uncategorized","8":"first","9":"instock","10":"purchasable","11":"product-type-simple"},"jetpack_sharing_enabled":true,"_links":{"self":[{"href":"https:\/\/www.veneciacr.com\/index.php\/wp-json\/wp\/v2\/product\/89038","targetHints":{"allow":["GET"]}}],"collection":[{"href":"https:\/\/www.veneciacr.com\/index.php\/wp-json\/wp\/v2\/product"}],"about":[{"href":"https:\/\/www.veneciacr.com\/index.php\/wp-json\/wp\/v2\/types\/product"}],"replies":[{"embeddable":true,"href":"https:\/\/www.veneciacr.com\/index.php\/wp-json\/wp\/v2\/comments?post=89038"}],"wp:featuredmedia":[{"embeddable":true,"href":"https:\/\/www.veneciacr.com\/index.php\/wp-json\/wp\/v2\/media\/98518"}],"wp:attachment":[{"href":"https:\/\/www.veneciacr.com\/index.php\/wp-json\/wp\/v2\/media?parent=89038"}],"wp:term":[{"taxonomy":"product_brand","embeddable":true,"href":"https:\/\/www.veneciacr.com\/index.php\/wp-json\/wp\/v2\/product_brand?post=89038"},{"taxonomy":"product_cat","embeddable":true,"href":"https:\/\/www.veneciacr.com\/index.php\/wp-json\/wp\/v2\/product_cat?post=89038"},{"taxonomy":"product_tag","embeddable":true,"href":"https:\/\/www.veneciacr.com\/index.php\/wp-json\/wp\/v2\/product_tag?post=89038"}],"curies":[{"name":"wp","href":"https:\/\/api.w.org\/{rel}","templated":true}]}}