{"id":89020,"date":"2026-04-28T01:59:28","date_gmt":"2026-04-28T07:59:28","guid":{"rendered":"https:\/\/www.veneciacr.com\/index.php\/producto\/cutter-metalica-6-30019-tolsen\/"},"modified":"2026-04-28T01:59:28","modified_gmt":"2026-04-28T07:59:28","slug":"cutter-metalica-6-30019-tolsen","status":"publish","type":"product","link":"https:\/\/www.veneciacr.com\/index.php\/producto\/cutter-metalica-6-30019-tolsen\/","title":{"rendered":"CUTTER METALICA 6&#8243; 30019 TOLSEN"},"content":{"rendered":"<p>CUTTER METALICA 6&#8243; 30019 TOLSEN<\/p>\n<p>Cuerpo de aleaci\u00f3n de zinc con TPR.<br \/>\nMaterial de la cuchilla: SK2<br \/>\nFunci\u00f3n de bloqueo autom\u00e1tico<br \/>\nFunci\u00f3n retr\u00e1ctil autom\u00e1tica<br \/>\nCAMBIO R\u00c1PIDO HOJA<br \/>\nIncluyendo 2pcs cuchillas SK2 adicionales<br \/>\nEmbalaje: Doble blister<\/p>\n","protected":false},"excerpt":{"rendered":"<p>CUTTER METALICA 6&#8243; 30019 TOLSEN Cuerpo de aleaci\u00f3n de zinc con TPR. Material de la cuchilla: SK2 Funci\u00f3n de bloqueo<\/p>\n","protected":false},"featured_media":89021,"comment_status":"closed","ping_status":"open","template":"","meta":[],"product_brand":[],"product_cat":[15],"product_tag":[],"class_list":{"0":"post-89020","1":"product","2":"type-product","3":"status-publish","4":"has-post-thumbnail","6":"product_cat-uncategorized","8":"first","9":"instock","10":"purchasable","11":"product-type-simple"},"jetpack_sharing_enabled":true,"_links":{"self":[{"href":"https:\/\/www.veneciacr.com\/index.php\/wp-json\/wp\/v2\/product\/89020","targetHints":{"allow":["GET"]}}],"collection":[{"href":"https:\/\/www.veneciacr.com\/index.php\/wp-json\/wp\/v2\/product"}],"about":[{"href":"https:\/\/www.veneciacr.com\/index.php\/wp-json\/wp\/v2\/types\/product"}],"replies":[{"embeddable":true,"href":"https:\/\/www.veneciacr.com\/index.php\/wp-json\/wp\/v2\/comments?post=89020"}],"wp:featuredmedia":[{"embeddable":true,"href":"https:\/\/www.veneciacr.com\/index.php\/wp-json\/wp\/v2\/media\/89021"}],"wp:attachment":[{"href":"https:\/\/www.veneciacr.com\/index.php\/wp-json\/wp\/v2\/media?parent=89020"}],"wp:term":[{"taxonomy":"product_brand","embeddable":true,"href":"https:\/\/www.veneciacr.com\/index.php\/wp-json\/wp\/v2\/product_brand?post=89020"},{"taxonomy":"product_cat","embeddable":true,"href":"https:\/\/www.veneciacr.com\/index.php\/wp-json\/wp\/v2\/product_cat?post=89020"},{"taxonomy":"product_tag","embeddable":true,"href":"https:\/\/www.veneciacr.com\/index.php\/wp-json\/wp\/v2\/product_tag?post=89020"}],"curies":[{"name":"wp","href":"https:\/\/api.w.org\/{rel}","templated":true}]}}