{"id":88958,"date":"2026-04-22T02:22:33","date_gmt":"2026-04-22T08:22:33","guid":{"rendered":"https:\/\/www.veneciacr.com\/index.php\/producto\/silicon-rojo-alta-temp-300ml-superflex-loctite\/"},"modified":"2026-04-22T02:22:33","modified_gmt":"2026-04-22T08:22:33","slug":"silicon-rojo-alta-temp-300ml-596-superflex-loctite","status":"publish","type":"product","link":"https:\/\/www.veneciacr.com\/index.php\/producto\/silicon-rojo-alta-temp-300ml-596-superflex-loctite\/","title":{"rendered":"SILICON ROJO ALTA TEMP 300ML 596 SUPERFLEX LOCTITE"},"content":{"rendered":"<div class=\"product__features\">Silicona acetoxi monocomponente, roja autonivelable.<\/div>\n<div class=\"product__descriptionText\" data-original-html=\"LOCTITE\u00ae SI 596 es una silicona acetoxi monocomponente, roja autonivelable. Forma una uni\u00f3n de caucho de silicona tenaz, resistente alaceite, impermeable y flexible. Este producto se emplea tambi\u00e9n como sellador y adhesivo en el montaje y reparaci\u00f3n de hornos industriales y comunes, calderas, sistemas de escape, conductos de alta temperatura, y elementos de calefacci\u00f3n en electrodom\u00e9sticos.\">LOCTITE\u00ae SI 596 es una silicona acetoxi monocomponente, roja autonivelable. Forma una uni\u00f3n de caucho de silicona tenaz, resistente alaceite, impermeable y flexible. Este producto se emplea tambi\u00e9n como sellador y adhesivo en el montaje y reparaci\u00f3n de hornos industriales y comunes, calderas, sistemas de escape, conductos de alta temperatura, y elementos de calefacci\u00f3n en electrodom\u00e9sticos.<\/div>\n<div class=\"product__benefitsList\">\n<ul>\n<li>Resiste el envejecimiento, la intemperie y a ciclos termicos sin endurecimiento, encogimiento o agrietamiento<\/li>\n<li>Se usa normalmente en aplicaciones con un rango operativo de -50 \u00b0C a +250 \u00b0C.<\/li>\n<\/ul>\n<\/div>\n","protected":false},"excerpt":{"rendered":"<p>Silicona acetoxi monocomponente, roja autonivelable. LOCTITE\u00ae SI 596 es una silicona acetoxi monocomponente, roja autonivelable. Forma una uni\u00f3n de caucho<\/p>\n","protected":false},"featured_media":88959,"comment_status":"closed","ping_status":"open","template":"","meta":[],"product_brand":[],"product_cat":[15],"product_tag":[],"class_list":{"0":"post-88958","1":"product","2":"type-product","3":"status-publish","4":"has-post-thumbnail","6":"product_cat-uncategorized","8":"first","9":"instock","10":"purchasable","11":"product-type-simple"},"jetpack_sharing_enabled":true,"_links":{"self":[{"href":"https:\/\/www.veneciacr.com\/index.php\/wp-json\/wp\/v2\/product\/88958","targetHints":{"allow":["GET"]}}],"collection":[{"href":"https:\/\/www.veneciacr.com\/index.php\/wp-json\/wp\/v2\/product"}],"about":[{"href":"https:\/\/www.veneciacr.com\/index.php\/wp-json\/wp\/v2\/types\/product"}],"replies":[{"embeddable":true,"href":"https:\/\/www.veneciacr.com\/index.php\/wp-json\/wp\/v2\/comments?post=88958"}],"wp:featuredmedia":[{"embeddable":true,"href":"https:\/\/www.veneciacr.com\/index.php\/wp-json\/wp\/v2\/media\/88959"}],"wp:attachment":[{"href":"https:\/\/www.veneciacr.com\/index.php\/wp-json\/wp\/v2\/media?parent=88958"}],"wp:term":[{"taxonomy":"product_brand","embeddable":true,"href":"https:\/\/www.veneciacr.com\/index.php\/wp-json\/wp\/v2\/product_brand?post=88958"},{"taxonomy":"product_cat","embeddable":true,"href":"https:\/\/www.veneciacr.com\/index.php\/wp-json\/wp\/v2\/product_cat?post=88958"},{"taxonomy":"product_tag","embeddable":true,"href":"https:\/\/www.veneciacr.com\/index.php\/wp-json\/wp\/v2\/product_tag?post=88958"}],"curies":[{"name":"wp","href":"https:\/\/api.w.org\/{rel}","templated":true}]}}