{"id":88928,"date":"2026-04-21T05:43:37","date_gmt":"2026-04-21T11:43:37","guid":{"rendered":"https:\/\/www.veneciacr.com\/index.php\/producto\/metro-cuadrado-velomoy-1-16-1-60mm\/"},"modified":"2026-04-21T05:43:37","modified_gmt":"2026-04-21T11:43:37","slug":"metro-cuadrado-velomoy-1-16-1-60mm-hilite-75","status":"publish","type":"product","link":"https:\/\/www.veneciacr.com\/index.php\/producto\/metro-cuadrado-velomoy-1-16-1-60mm-hilite-75\/","title":{"rendered":"METRO CUADRADO VELOMOY 1\/16&#8243; 1.60MM HILITE 75"},"content":{"rendered":"<p><strong>HILITE 75:<\/strong>\u00a0Material para juntas de fibra de baja densidad con aglutinantes de caucho de nitrilo. Es un material de uso general para aplicaciones como equipos de manipulaci\u00f3n de materiales, bombas y tuber\u00edas qu\u00edmicas, motores di\u00e9sel, bombas de aceite, combustible y agua, carburadores, cajas de cambios y c\u00e1rteres de aceite, etc. Temperatura m\u00e1xima de funcionamiento: 150 \u00b0C.<\/p>\n<p>Altura de lamina: 50 cm<\/p>\n<p>Espesor: 1.60 mm<\/p>\n","protected":false},"excerpt":{"rendered":"<p>HILITE 75:\u00a0Material para juntas de fibra de baja densidad con aglutinantes de caucho de nitrilo. Es un material de uso<\/p>\n","protected":false},"featured_media":95986,"comment_status":"closed","ping_status":"open","template":"","meta":[],"product_brand":[],"product_cat":[15],"product_tag":[],"class_list":{"0":"post-88928","1":"product","2":"type-product","3":"status-publish","4":"has-post-thumbnail","6":"product_cat-uncategorized","8":"first","9":"instock","10":"purchasable","11":"product-type-simple"},"jetpack_sharing_enabled":true,"_links":{"self":[{"href":"https:\/\/www.veneciacr.com\/index.php\/wp-json\/wp\/v2\/product\/88928","targetHints":{"allow":["GET"]}}],"collection":[{"href":"https:\/\/www.veneciacr.com\/index.php\/wp-json\/wp\/v2\/product"}],"about":[{"href":"https:\/\/www.veneciacr.com\/index.php\/wp-json\/wp\/v2\/types\/product"}],"replies":[{"embeddable":true,"href":"https:\/\/www.veneciacr.com\/index.php\/wp-json\/wp\/v2\/comments?post=88928"}],"wp:featuredmedia":[{"embeddable":true,"href":"https:\/\/www.veneciacr.com\/index.php\/wp-json\/wp\/v2\/media\/95986"}],"wp:attachment":[{"href":"https:\/\/www.veneciacr.com\/index.php\/wp-json\/wp\/v2\/media?parent=88928"}],"wp:term":[{"taxonomy":"product_brand","embeddable":true,"href":"https:\/\/www.veneciacr.com\/index.php\/wp-json\/wp\/v2\/product_brand?post=88928"},{"taxonomy":"product_cat","embeddable":true,"href":"https:\/\/www.veneciacr.com\/index.php\/wp-json\/wp\/v2\/product_cat?post=88928"},{"taxonomy":"product_tag","embeddable":true,"href":"https:\/\/www.veneciacr.com\/index.php\/wp-json\/wp\/v2\/product_tag?post=88928"}],"curies":[{"name":"wp","href":"https:\/\/api.w.org\/{rel}","templated":true}]}}