{"id":88926,"date":"2026-05-01T02:11:56","date_gmt":"2026-05-01T08:11:56","guid":{"rendered":"https:\/\/www.veneciacr.com\/index.php\/producto\/metro-cuadrado-velomoy-1-64-0-40mm\/"},"modified":"2026-05-01T02:11:56","modified_gmt":"2026-05-01T08:11:56","slug":"lamina-velomoy-1-64-0-40mm-50x100cm-hilite-75","status":"publish","type":"product","link":"https:\/\/www.veneciacr.com\/index.php\/producto\/lamina-velomoy-1-64-0-40mm-50x100cm-hilite-75\/","title":{"rendered":"LAMINA VELOMOY 1\/64&#8243; 0.40MM 50X100CM HILITE 75"},"content":{"rendered":"<p><strong>HILITE 75:<\/strong>\u00a0Material para juntas de fibra de baja densidad con aglutinantes de caucho de nitrilo. Es un material de uso general para aplicaciones como equipos de manipulaci\u00f3n de materiales, bombas y tuber\u00edas qu\u00edmicas, motores di\u00e9sel, bombas de aceite, combustible y agua, carburadores, cajas de cambios y c\u00e1rteres de aceite, etc. Temperatura m\u00e1xima de funcionamiento: 150 \u00b0C.<\/p>\n<p>Tama\u00f1o de lamina: 50 x 100 cm<\/p>\n<p>Espesor: 0.40 mm<\/p>\n","protected":false},"excerpt":{"rendered":"<p>HILITE 75:\u00a0Material para juntas de fibra de baja densidad con aglutinantes de caucho de nitrilo. Es un material de uso<\/p>\n","protected":false},"featured_media":95986,"comment_status":"closed","ping_status":"open","template":"","meta":[],"product_brand":[],"product_cat":[15],"product_tag":[],"class_list":{"0":"post-88926","1":"product","2":"type-product","3":"status-publish","4":"has-post-thumbnail","6":"product_cat-uncategorized","8":"first","9":"instock","10":"purchasable","11":"product-type-simple"},"jetpack_sharing_enabled":true,"_links":{"self":[{"href":"https:\/\/www.veneciacr.com\/index.php\/wp-json\/wp\/v2\/product\/88926","targetHints":{"allow":["GET"]}}],"collection":[{"href":"https:\/\/www.veneciacr.com\/index.php\/wp-json\/wp\/v2\/product"}],"about":[{"href":"https:\/\/www.veneciacr.com\/index.php\/wp-json\/wp\/v2\/types\/product"}],"replies":[{"embeddable":true,"href":"https:\/\/www.veneciacr.com\/index.php\/wp-json\/wp\/v2\/comments?post=88926"}],"wp:featuredmedia":[{"embeddable":true,"href":"https:\/\/www.veneciacr.com\/index.php\/wp-json\/wp\/v2\/media\/95986"}],"wp:attachment":[{"href":"https:\/\/www.veneciacr.com\/index.php\/wp-json\/wp\/v2\/media?parent=88926"}],"wp:term":[{"taxonomy":"product_brand","embeddable":true,"href":"https:\/\/www.veneciacr.com\/index.php\/wp-json\/wp\/v2\/product_brand?post=88926"},{"taxonomy":"product_cat","embeddable":true,"href":"https:\/\/www.veneciacr.com\/index.php\/wp-json\/wp\/v2\/product_cat?post=88926"},{"taxonomy":"product_tag","embeddable":true,"href":"https:\/\/www.veneciacr.com\/index.php\/wp-json\/wp\/v2\/product_tag?post=88926"}],"curies":[{"name":"wp","href":"https:\/\/api.w.org\/{rel}","templated":true}]}}