{"id":88860,"date":"2026-04-21T03:35:46","date_gmt":"2026-04-21T09:35:46","guid":{"rendered":"https:\/\/www.veneciacr.com\/index.php\/producto\/grasa-anti-seize-silver-1lb-76764-loctite\/"},"modified":"2026-04-21T03:35:47","modified_gmt":"2026-04-21T09:35:47","slug":"grasa-anti-seize-silver-1lb-76764-loctite","status":"publish","type":"product","link":"https:\/\/www.veneciacr.com\/index.php\/producto\/grasa-anti-seize-silver-1lb-76764-loctite\/","title":{"rendered":"GRASA ANTI SEIZE SILVER 1LB 76764 LOCTITE"},"content":{"rendered":"<p class=\"ProductOverviewstyles__LongDescription-sc-1jnwldg-2 kTlirh\">El 76764 es un lubricante antiadherente de GRADO PLATA, de alta presi\u00f3n y alta temperatura, en lata con tapa de cepillo de 1 lb, hasta 1600 \u00b0F (871 \u00b0C). Es un lubricante antiadherente para trabajo pesado y alta temperatura que resiste el desgaste y la corrosi\u00f3n y reduce el desgaste en aplicaciones de alta presi\u00f3n. Este producto se utiliza para lubricar y permitir un f\u00e1cil desmontaje de conjuntos expuestos a altas temperaturas, fuertes presiones de contacto en minas, plantas de generaci\u00f3n de energ\u00eda, plantas de pulpa y papel, plantas qu\u00edmicas, canteras, transporte, plantas de tratamiento de agua e industria en general. Las aplicaciones t\u00edpicas incluyen piezas de calderas y hornos, motores a reacci\u00f3n, esp\u00e1rragos, bombas, acoplamientos, estr\u00edas, pernos, bujes, tuber\u00edas, bridas y turbinas industriales. Este producto se utiliza normalmente en aplicaciones de hasta 870\u00b0C.<\/p>\n<ul class=\"ProductOverviewstyles__BulletPointsContainer-sc-1jnwldg-3 bXOrJY\">\n<li class=\"ProductOverviewstyles__BulletPoint-sc-1jnwldg-4 ktLMfD\">Viscosidad tixotr\u00f3pica<\/li>\n<li class=\"ProductOverviewstyles__BulletPoint-sc-1jnwldg-4 ktLMfD\">Para uso en ensambles de hasta 1600 \u00b0F (871 \u00b0C)<\/li>\n<li class=\"ProductOverviewstyles__BulletPoint-sc-1jnwldg-4 ktLMfD\">Sin secado<\/li>\n<li class=\"ProductOverviewstyles__BulletPoint-sc-1jnwldg-4 ktLMfD\">Cumple con los requisitos de rendimiento MIL-PRF-907<\/li>\n<li class=\"ProductOverviewstyles__BulletPoint-sc-1jnwldg-4 ktLMfD\">El lubricante utilizado en un perno ayuda a desarrollar una mejor carga en la abrazadera para un mismo par<\/li>\n<li class=\"ProductOverviewstyles__BulletPoint-sc-1jnwldg-4 ktLMfD\">Compuesto lubricante a base de petr\u00f3leo resistente a la temperatura, fortificado con grafito y escamas met\u00e1licas.<\/li>\n<li class=\"ProductOverviewstyles__BulletPoint-sc-1jnwldg-4 ktLMfD\">Inerte, no se evapora ni se endurece en condiciones de fr\u00edo o calor extremos<\/li>\n<\/ul>\n<h3 class=\"ProductOverviewstyles__SectionTitle-sc-1jnwldg-1 SKzOE\">Advertencias<\/h3>\n<p class=\"ProductOverviewstyles__Paragraph-sc-1jnwldg-5 epgLMt\">No recomendado para uso en ox\u00edgeno puro y\/o sistemas ricos en ox\u00edgeno. No debe seleccionarse como lubricante para cloro u otros materiales oxidantes fuertes.<\/p>\n","protected":false},"excerpt":{"rendered":"<p>El 76764 es un lubricante antiadherente de GRADO PLATA, de alta presi\u00f3n y alta temperatura, en lata con tapa de<\/p>\n","protected":false},"featured_media":94556,"comment_status":"closed","ping_status":"open","template":"","meta":[],"product_brand":[],"product_cat":[15],"product_tag":[],"class_list":{"0":"post-88860","1":"product","2":"type-product","3":"status-publish","4":"has-post-thumbnail","6":"product_cat-uncategorized","8":"first","9":"instock","10":"purchasable","11":"product-type-simple"},"jetpack_sharing_enabled":true,"_links":{"self":[{"href":"https:\/\/www.veneciacr.com\/index.php\/wp-json\/wp\/v2\/product\/88860","targetHints":{"allow":["GET"]}}],"collection":[{"href":"https:\/\/www.veneciacr.com\/index.php\/wp-json\/wp\/v2\/product"}],"about":[{"href":"https:\/\/www.veneciacr.com\/index.php\/wp-json\/wp\/v2\/types\/product"}],"replies":[{"embeddable":true,"href":"https:\/\/www.veneciacr.com\/index.php\/wp-json\/wp\/v2\/comments?post=88860"}],"wp:featuredmedia":[{"embeddable":true,"href":"https:\/\/www.veneciacr.com\/index.php\/wp-json\/wp\/v2\/media\/94556"}],"wp:attachment":[{"href":"https:\/\/www.veneciacr.com\/index.php\/wp-json\/wp\/v2\/media?parent=88860"}],"wp:term":[{"taxonomy":"product_brand","embeddable":true,"href":"https:\/\/www.veneciacr.com\/index.php\/wp-json\/wp\/v2\/product_brand?post=88860"},{"taxonomy":"product_cat","embeddable":true,"href":"https:\/\/www.veneciacr.com\/index.php\/wp-json\/wp\/v2\/product_cat?post=88860"},{"taxonomy":"product_tag","embeddable":true,"href":"https:\/\/www.veneciacr.com\/index.php\/wp-json\/wp\/v2\/product_tag?post=88860"}],"curies":[{"name":"wp","href":"https:\/\/api.w.org\/{rel}","templated":true}]}}